{"id":543,"date":"2019-07-28T12:13:11","date_gmt":"2019-07-28T12:13:11","guid":{"rendered":"http:\/\/colentum.com\/hotel\/"},"modified":"2022-07-07T10:43:45","modified_gmt":"2022-07-07T10:43:45","slug":"hotel","status":"publish","type":"page","link":"https:\/\/colentum.com\/hr\/hotel\/","title":{"rendered":"Sve o hotelu"},"content":{"rendered":"<p>[et_pb_section fb_built=&#8221;1&#8243; _builder_version=&#8221;4.16&#8243; global_colors_info=&#8221;{}&#8221;][et_pb_row _builder_version=&#8221;4.16&#8243; global_colors_info=&#8221;{}&#8221;][et_pb_column type=&#8221;4_4&#8243; _builder_version=&#8221;4.16&#8243; custom_padding=&#8221;|||&#8221; global_colors_info=&#8221;{}&#8221; custom_padding__hover=&#8221;|||&#8221;][et_pb_text _builder_version=&#8221;4.16&#8243; global_colors_info=&#8221;{}&#8221;]<\/p>\n<h1 style=\"text-align: center;\">sve o hotelu<\/h1>\n<p>[\/et_pb_text][et_pb_text _builder_version=&#8221;4.16&#8243; global_colors_info=&#8221;{}&#8221;]<\/p>\n<h3 style=\"text-align: center;\">Utemeljen je 1968.g.u Murteru. <span style=\"color: #47a6c4;\">Smje\u0161ten na \u010duvenoj pla\u017ei Slanica<\/span> s pogledom na Kornate.<\/h3>\n<p>[\/et_pb_text][\/et_pb_column][\/et_pb_row][\/et_pb_section][et_pb_section fb_built=&#8221;1&#8243; _builder_version=&#8221;4.16&#8243; custom_padding=&#8221;0|0px|0|0px|false|false&#8221; global_colors_info=&#8221;{}&#8221;][et_pb_row column_structure=&#8221;1_3,1_3,1_3&#8243; use_custom_gutter=&#8221;on&#8221; gutter_width=&#8221;2&#8243; module_class=&#8221; et_pb_row_fullwidth&#8221; _builder_version=&#8221;4.16&#8243; width=&#8221;94%&#8221; width_tablet=&#8221;80%&#8221; width_phone=&#8221;80%&#8221; width_last_edited=&#8221;on|desktop&#8221; max_width=&#8221;94%&#8221; max_width_tablet=&#8221;80%&#8221; max_width_phone=&#8221;80%&#8221; max_width_last_edited=&#8221;on|desktop&#8221; custom_padding=&#8221;0|0px|26.4333px|0px|false|false&#8221; make_fullwidth=&#8221;on&#8221; global_colors_info=&#8221;{}&#8221;][et_pb_column type=&#8221;1_3&#8243; _builder_version=&#8221;4.16&#8243; custom_padding=&#8221;|||&#8221; global_colors_info=&#8221;{}&#8221; custom_padding__hover=&#8221;|||&#8221;][et_pb_image src=&#8221;https:\/\/colentum.com\/wp-content\/uploads\/2022\/07\/COLENTUM45788_LOWRES.jpg&#8221; title_text=&#8221;COLENTUM45788_LOWRES&#8221; align_tablet=&#8221;center&#8221; align_phone=&#8221;center&#8221; align_last_edited=&#8221;on|desktop&#8221; _builder_version=&#8221;4.17.4&#8243; global_colors_info=&#8221;{}&#8221;][\/et_pb_image][\/et_pb_column][et_pb_column type=&#8221;1_3&#8243; _builder_version=&#8221;4.16&#8243; custom_padding=&#8221;|||&#8221; global_colors_info=&#8221;{}&#8221; custom_padding__hover=&#8221;|||&#8221;][et_pb_image src=&#8221;https:\/\/colentum.com\/wp-content\/uploads\/2022\/07\/COLENTUM45672_LOWRES.jpg&#8221; title_text=&#8221;COLENTUM45672_LOWRES&#8221; align_tablet=&#8221;center&#8221; align_phone=&#8221;center&#8221; align_last_edited=&#8221;on|desktop&#8221; _builder_version=&#8221;4.17.4&#8243; global_colors_info=&#8221;{}&#8221;][\/et_pb_image][\/et_pb_column][et_pb_column type=&#8221;1_3&#8243; _builder_version=&#8221;4.16&#8243; custom_padding=&#8221;|||&#8221; global_colors_info=&#8221;{}&#8221; custom_padding__hover=&#8221;|||&#8221;][et_pb_image src=&#8221;https:\/\/colentum.com\/wp-content\/uploads\/2022\/07\/COLENTUM45284_LOWRES.jpg&#8221; title_text=&#8221;COLENTUM45284_LOWRES&#8221; align_tablet=&#8221;center&#8221; align_phone=&#8221;center&#8221; align_last_edited=&#8221;on|desktop&#8221; _builder_version=&#8221;4.17.4&#8243; global_colors_info=&#8221;{}&#8221;][\/et_pb_image][\/et_pb_column][\/et_pb_row][et_pb_row _builder_version=&#8221;4.16&#8243; global_colors_info=&#8221;{}&#8221;][et_pb_column type=&#8221;4_4&#8243; _builder_version=&#8221;4.16&#8243; custom_padding=&#8221;|||&#8221; global_colors_info=&#8221;{}&#8221; custom_padding__hover=&#8221;|||&#8221;][et_pb_text _builder_version=&#8221;4.16&#8243; global_colors_info=&#8221;{}&#8221;]<\/p>\n<p style=\"text-align: center;\"><b><span>Colentum Resort Murter<\/span><\/b> <b>oduvijek<\/b> <b>je<\/b><b> bio <\/b><b>omiljeno<\/b> <b>odredi\u0161te<\/b> <b>ljubitelja<\/b> <b>udobnog<\/b> <b>odmora<\/b><b> u <\/b><b>netaknutoj<\/b> <b>prirodi<\/b><b>. <\/b>Smje\u0161ten na Murteru, \u010darobnom dragulju hrvatskog Jadrana, u predvorju kornatskog oto\u010dja, na obali murterskog mora, <b><span>Colentum Resort Murter<\/span><\/b> se odlikuje posebnim ugo\u0111ajem, koji mu daje nadaleko poznata pla\u017ea Slanica, borova \u0161uma, bistro more i hotelski bazen.<\/p>\n<p style=\"text-align: center;\">Povijest hotela se\u017ee u 30-te godine pro\u0161log stolje\u0107a, kada je u uvali Slanica sagra\u0111en prvi objekt namijenjen komercijalnom turizmu.\u00a0<\/p>\n<p style=\"text-align: center;\">Dana\u0161nji resort, koji nosi naziv drevnog anti\u010dkog naselja, svojom se arhitekturom savr\u0161eno uklopio u dalmatinski krajobraz. Ima ukupno 78 soba i nekoliko terasa s pogledom na kornatsko oto\u010dje i \u0161iroko morsko prostranstvo.\u00a0<\/p>\n<p>[\/et_pb_text][\/et_pb_column][\/et_pb_row][et_pb_row _builder_version=&#8221;4.16&#8243; global_colors_info=&#8221;{}&#8221;][et_pb_column type=&#8221;4_4&#8243; _builder_version=&#8221;4.16&#8243; custom_padding=&#8221;|||&#8221; global_colors_info=&#8221;{}&#8221; custom_padding__hover=&#8221;|||&#8221;][et_pb_gallery _builder_version=&#8221;4.17.4&#8243; _module_preset=&#8221;default&#8221; gallery_ids=&#8221;823,814,808,811,817,820,846,826,840,829,832,849,835,802,852&#8243; fullwidth=&#8221;on&#8221; hover_enabled=&#8221;0&#8243; sticky_enabled=&#8221;0&#8243;][\/et_pb_gallery][\/et_pb_column][\/et_pb_row][\/et_pb_section][et_pb_section fb_built=&#8221;1&#8243; _builder_version=&#8221;3.19&#8243; custom_padding=&#8221;0|0px|0|0px|false|false&#8221; global_module=&#8221;546&#8243; saved_tabs=&#8221;all&#8221; global_colors_info=&#8221;{}&#8221;][et_pb_row column_structure=&#8221;1_3,2_3&#8243; use_custom_gutter=&#8221;on&#8221; gutter_width=&#8221;1&#8243; make_equal=&#8221;on&#8221; padding_top_bottom_link_2=&#8221;true&#8221; padding_left_right_link_2=&#8221;true&#8221; module_class=&#8221; et_pb_row_fullwidth&#8221; _builder_version=&#8221;4.17.4&#8243; width=&#8221;100%&#8221; width_tablet=&#8221;100%&#8221; width_phone=&#8221;&#8221; width_last_edited=&#8221;on|desktop&#8221; max_width=&#8221;100%&#8221; max_width_tablet=&#8221;100%&#8221; max_width_phone=&#8221;&#8221; max_width_last_edited=&#8221;on|desktop&#8221; module_alignment=&#8221;right&#8221; custom_padding=&#8221;50px|0px|50px|0px|false|false&#8221; hover_enabled=&#8221;0&#8243; make_fullwidth=&#8221;on&#8221; global_colors_info=&#8221;{}&#8221; sticky_enabled=&#8221;0&#8243;][et_pb_column type=&#8221;1_3&#8243; _builder_version=&#8221;4.17.4&#8243; background_image=&#8221;https:\/\/colentum.com\/wp-content\/uploads\/2022\/07\/COLENTUM45491_LOWRES.jpg&#8221; custom_padding=&#8221;|||&#8221; hover_enabled=&#8221;0&#8243; global_colors_info=&#8221;{}&#8221; custom_padding__hover=&#8221;|||&#8221; title_text=&#8221;COLENTUM45491_LOWRES&#8221; sticky_enabled=&#8221;0&#8243;][\/et_pb_column][et_pb_column type=&#8221;2_3&#8243; _builder_version=&#8221;4.16&#8243; background_color=&#8221;#f4f4f4&#8243; custom_padding=&#8221;50px|50px|50px|50px&#8221; global_colors_info=&#8221;{}&#8221; custom_padding__hover=&#8221;|||&#8221;][et_pb_text _builder_version=&#8221;4.16&#8243; global_colors_info=&#8221;{}&#8221;]<\/p>\n<h4>ISTRA\u017dI SOBE<\/h4>\n<h2><span class=\"tlid-translation translation\" lang=\"sl\"><span title=\"\" class=\"\">Izberite svoj najdra\u017ei tip sobe<\/span><\/span><\/h2>\n<p>[\/et_pb_text][et_pb_button button_url=&#8221;https:\/\/colentum.com\/hr\/sobe\/&#8221; button_text=&#8221;Izberite sobu&#8221; _builder_version=&#8221;4.16&#8243; global_colors_info=&#8221;{}&#8221;][\/et_pb_button][\/et_pb_column][\/et_pb_row][\/et_pb_section][et_pb_section fb_built=&#8221;1&#8243; _builder_version=&#8221;3.19&#8243; global_module=&#8221;547&#8243; saved_tabs=&#8221;all&#8221; global_colors_info=&#8221;{}&#8221;][et_pb_row column_structure=&#8221;1_3,1_3,1_3&#8243; _builder_version=&#8221;4.16&#8243; global_colors_info=&#8221;{}&#8221;][et_pb_column type=&#8221;1_3&#8243; _builder_version=&#8221;4.16&#8243; custom_padding=&#8221;|||&#8221; global_colors_info=&#8221;{}&#8221; custom_padding__hover=&#8221;|||&#8221;][et_pb_text _builder_version=&#8221;4.16&#8243; global_colors_info=&#8221;{}&#8221;]<\/p>\n<h3>KONTAKT<\/h3>\n<p>A: <span class=\"LrzXr\">Put Slanice bb, 22243, Murter<\/span><br \/>T: 00385 22 <span>646 700<\/span><br \/>E: <a href=\"mailto:info@colentum.com\" target=\"_blank\" rel=\"noopener\">info@colentum.com<\/a><\/p>\n<p>[\/et_pb_text][et_pb_button button_url=&#8221;https:\/\/goo.gl\/maps\/m6FMAFrDfTG8tjvAA&#8221; url_new_window=&#8221;on&#8221; button_text=&#8221;OTVORI KARTU&#8221; _builder_version=&#8221;4.16&#8243; global_colors_info=&#8221;{}&#8221;][\/et_pb_button][\/et_pb_column][et_pb_column type=&#8221;1_3&#8243; _builder_version=&#8221;4.16&#8243; custom_padding=&#8221;|||&#8221; global_colors_info=&#8221;{}&#8221; custom_padding__hover=&#8221;|||&#8221;][\/et_pb_column][et_pb_column type=&#8221;1_3&#8243; _builder_version=&#8221;4.16&#8243; custom_padding=&#8221;|||&#8221; global_colors_info=&#8221;{}&#8221; custom_padding__hover=&#8221;|||&#8221;][et_pb_image src=&#8221;https:\/\/colentum.com\/wp-content\/uploads\/2022\/07\/Logo.png&#8221; title_text=&#8221;Logo&#8221; disabled_on=&#8221;on|on|off&#8221; _builder_version=&#8221;4.17.4&#8243; max_width=&#8221;58%&#8221; module_alignment=&#8221;center&#8221; always_center_on_mobile=&#8221;off&#8221; global_colors_info=&#8221;{}&#8221;][\/et_pb_image][\/et_pb_column][\/et_pb_row][\/et_pb_section]<\/p>\n","protected":false},"excerpt":{"rendered":"<p>sve o hoteluUtemeljen je 1968.g.u Murteru. Smje\u0161ten na \u010duvenoj pla\u017ei Slanica s pogledom na Kornate.Colentum Resort Murter oduvijek je bio omiljeno odredi\u0161te ljubitelja udobnog odmora u netaknutoj prirodi. Smje\u0161ten na Murteru, \u010darobnom dragulju hrvatskog Jadrana, u predvorju kornatskog oto\u010dja, na obali murterskog mora, Colentum Resort Murter se odlikuje posebnim ugo\u0111ajem, koji mu daje nadaleko poznata [&hellip;]<\/p>\n","protected":false},"author":1,"featured_media":400,"parent":0,"menu_order":0,"comment_status":"closed","ping_status":"closed","template":"","meta":{"_et_pb_use_builder":"on","_et_pb_old_content":"","_et_gb_content_width":"","footnotes":""},"class_list":["post-543","page","type-page","status-publish","has-post-thumbnail","hentry"],"yoast_head":"<!-- This site is optimized with the Yoast SEO plugin v24.4 - https:\/\/yoast.com\/wordpress\/plugins\/seo\/ -->\n<title>Colentum Resort Murter, favourite destination for lovers of comfort<\/title>\n<meta name=\"description\" content=\"Hotel offers ideal location and a sea water pool, embraced by the pine trees, just by the beach Slanica. Perfect for active, relaxing or family vacation.\" \/>\n<meta name=\"robots\" content=\"index, follow, max-snippet:-1, max-image-preview:large, max-video-preview:-1\" \/>\n<link rel=\"canonical\" href=\"https:\/\/colentum.com\/hr\/hotel\/\" \/>\n<meta property=\"og:locale\" content=\"hr_HR\" \/>\n<meta property=\"og:type\" content=\"article\" \/>\n<meta property=\"og:title\" content=\"Colentum Resort Murter, favourite destination for lovers of comfort\" \/>\n<meta property=\"og:description\" content=\"Hotel offers ideal location and a sea water pool, embraced by the pine trees, just by the beach Slanica. Perfect for active, relaxing or family vacation.\" \/>\n<meta property=\"og:url\" content=\"https:\/\/colentum.com\/hr\/hotel\/\" \/>\n<meta property=\"og:site_name\" content=\"Colentum Resort Murter - Hotel Jager\" \/>\n<meta property=\"article:modified_time\" content=\"2022-07-07T10:43:45+00:00\" \/>\n<meta property=\"og:image\" content=\"https:\/\/colentum.com\/wp-content\/uploads\/2019\/07\/Hotel-Colentum-Murter55.jpg\" \/>\n\t<meta property=\"og:image:width\" content=\"1600\" \/>\n\t<meta property=\"og:image:height\" content=\"1068\" \/>\n\t<meta property=\"og:image:type\" content=\"image\/jpeg\" \/>\n<meta name=\"twitter:card\" content=\"summary_large_image\" \/>\n<meta name=\"twitter:label1\" content=\"Procijenjeno vrijeme \u010ditanja\" \/>\n\t<meta name=\"twitter:data1\" content=\"4 minute\" \/>\n<script type=\"application\/ld+json\" class=\"yoast-schema-graph\">{\"@context\":\"https:\/\/schema.org\",\"@graph\":[{\"@type\":\"WebPage\",\"@id\":\"https:\/\/colentum.com\/hr\/hotel\/\",\"url\":\"https:\/\/colentum.com\/hr\/hotel\/\",\"name\":\"Colentum Resort Murter, favourite destination for lovers of comfort\",\"isPartOf\":{\"@id\":\"https:\/\/colentum.com\/#website\"},\"primaryImageOfPage\":{\"@id\":\"https:\/\/colentum.com\/hr\/hotel\/#primaryimage\"},\"image\":{\"@id\":\"https:\/\/colentum.com\/hr\/hotel\/#primaryimage\"},\"thumbnailUrl\":\"https:\/\/colentum.com\/wp-content\/uploads\/2019\/07\/Hotel-Colentum-Murter55.jpg\",\"datePublished\":\"2019-07-28T12:13:11+00:00\",\"dateModified\":\"2022-07-07T10:43:45+00:00\",\"description\":\"Hotel offers ideal location and a sea water pool, embraced by the pine trees, just by the beach Slanica. Perfect for active, relaxing or family vacation.\",\"breadcrumb\":{\"@id\":\"https:\/\/colentum.com\/hr\/hotel\/#breadcrumb\"},\"inLanguage\":\"hr\",\"potentialAction\":[{\"@type\":\"ReadAction\",\"target\":[\"https:\/\/colentum.com\/hr\/hotel\/\"]}]},{\"@type\":\"ImageObject\",\"inLanguage\":\"hr\",\"@id\":\"https:\/\/colentum.com\/hr\/hotel\/#primaryimage\",\"url\":\"https:\/\/colentum.com\/wp-content\/uploads\/2019\/07\/Hotel-Colentum-Murter55.jpg\",\"contentUrl\":\"https:\/\/colentum.com\/wp-content\/uploads\/2019\/07\/Hotel-Colentum-Murter55.jpg\",\"width\":1600,\"height\":1068},{\"@type\":\"BreadcrumbList\",\"@id\":\"https:\/\/colentum.com\/hr\/hotel\/#breadcrumb\",\"itemListElement\":[{\"@type\":\"ListItem\",\"position\":1,\"name\":\"Home\",\"item\":\"https:\/\/colentum.com\/hr\/\"},{\"@type\":\"ListItem\",\"position\":2,\"name\":\"Sve o hotelu\"}]},{\"@type\":\"WebSite\",\"@id\":\"https:\/\/colentum.com\/#website\",\"url\":\"https:\/\/colentum.com\/\",\"name\":\"Colentum Resort Murter - Hotel Jager\",\"description\":\"Your favourite destination on Murter\",\"potentialAction\":[{\"@type\":\"SearchAction\",\"target\":{\"@type\":\"EntryPoint\",\"urlTemplate\":\"https:\/\/colentum.com\/?s={search_term_string}\"},\"query-input\":{\"@type\":\"PropertyValueSpecification\",\"valueRequired\":true,\"valueName\":\"search_term_string\"}}],\"inLanguage\":\"hr\"}]}<\/script>\n<!-- \/ Yoast SEO plugin. -->","yoast_head_json":{"title":"Colentum Resort Murter, favourite destination for lovers of comfort","description":"Hotel offers ideal location and a sea water pool, embraced by the pine trees, just by the beach Slanica. Perfect for active, relaxing or family vacation.","robots":{"index":"index","follow":"follow","max-snippet":"max-snippet:-1","max-image-preview":"max-image-preview:large","max-video-preview":"max-video-preview:-1"},"canonical":"https:\/\/colentum.com\/hr\/hotel\/","og_locale":"hr_HR","og_type":"article","og_title":"Colentum Resort Murter, favourite destination for lovers of comfort","og_description":"Hotel offers ideal location and a sea water pool, embraced by the pine trees, just by the beach Slanica. Perfect for active, relaxing or family vacation.","og_url":"https:\/\/colentum.com\/hr\/hotel\/","og_site_name":"Colentum Resort Murter - Hotel Jager","article_modified_time":"2022-07-07T10:43:45+00:00","og_image":[{"width":1600,"height":1068,"url":"https:\/\/colentum.com\/wp-content\/uploads\/2019\/07\/Hotel-Colentum-Murter55.jpg","type":"image\/jpeg"}],"twitter_card":"summary_large_image","twitter_misc":{"Procijenjeno vrijeme \u010ditanja":"4 minute"},"schema":{"@context":"https:\/\/schema.org","@graph":[{"@type":"WebPage","@id":"https:\/\/colentum.com\/hr\/hotel\/","url":"https:\/\/colentum.com\/hr\/hotel\/","name":"Colentum Resort Murter, favourite destination for lovers of comfort","isPartOf":{"@id":"https:\/\/colentum.com\/#website"},"primaryImageOfPage":{"@id":"https:\/\/colentum.com\/hr\/hotel\/#primaryimage"},"image":{"@id":"https:\/\/colentum.com\/hr\/hotel\/#primaryimage"},"thumbnailUrl":"https:\/\/colentum.com\/wp-content\/uploads\/2019\/07\/Hotel-Colentum-Murter55.jpg","datePublished":"2019-07-28T12:13:11+00:00","dateModified":"2022-07-07T10:43:45+00:00","description":"Hotel offers ideal location and a sea water pool, embraced by the pine trees, just by the beach Slanica. Perfect for active, relaxing or family vacation.","breadcrumb":{"@id":"https:\/\/colentum.com\/hr\/hotel\/#breadcrumb"},"inLanguage":"hr","potentialAction":[{"@type":"ReadAction","target":["https:\/\/colentum.com\/hr\/hotel\/"]}]},{"@type":"ImageObject","inLanguage":"hr","@id":"https:\/\/colentum.com\/hr\/hotel\/#primaryimage","url":"https:\/\/colentum.com\/wp-content\/uploads\/2019\/07\/Hotel-Colentum-Murter55.jpg","contentUrl":"https:\/\/colentum.com\/wp-content\/uploads\/2019\/07\/Hotel-Colentum-Murter55.jpg","width":1600,"height":1068},{"@type":"BreadcrumbList","@id":"https:\/\/colentum.com\/hr\/hotel\/#breadcrumb","itemListElement":[{"@type":"ListItem","position":1,"name":"Home","item":"https:\/\/colentum.com\/hr\/"},{"@type":"ListItem","position":2,"name":"Sve o hotelu"}]},{"@type":"WebSite","@id":"https:\/\/colentum.com\/#website","url":"https:\/\/colentum.com\/","name":"Colentum Resort Murter - Hotel Jager","description":"Your favourite destination on Murter","potentialAction":[{"@type":"SearchAction","target":{"@type":"EntryPoint","urlTemplate":"https:\/\/colentum.com\/?s={search_term_string}"},"query-input":{"@type":"PropertyValueSpecification","valueRequired":true,"valueName":"search_term_string"}}],"inLanguage":"hr"}]}},"_links":{"self":[{"href":"https:\/\/colentum.com\/hr\/wp-json\/wp\/v2\/pages\/543","targetHints":{"allow":["GET"]}}],"collection":[{"href":"https:\/\/colentum.com\/hr\/wp-json\/wp\/v2\/pages"}],"about":[{"href":"https:\/\/colentum.com\/hr\/wp-json\/wp\/v2\/types\/page"}],"author":[{"embeddable":true,"href":"https:\/\/colentum.com\/hr\/wp-json\/wp\/v2\/users\/1"}],"replies":[{"embeddable":true,"href":"https:\/\/colentum.com\/hr\/wp-json\/wp\/v2\/comments?post=543"}],"version-history":[{"count":9,"href":"https:\/\/colentum.com\/hr\/wp-json\/wp\/v2\/pages\/543\/revisions"}],"predecessor-version":[{"id":865,"href":"https:\/\/colentum.com\/hr\/wp-json\/wp\/v2\/pages\/543\/revisions\/865"}],"wp:featuredmedia":[{"embeddable":true,"href":"https:\/\/colentum.com\/hr\/wp-json\/wp\/v2\/media\/400"}],"wp:attachment":[{"href":"https:\/\/colentum.com\/hr\/wp-json\/wp\/v2\/media?parent=543"}],"curies":[{"name":"wp","href":"https:\/\/api.w.org\/{rel}","templated":true}]}}