{"id":554,"date":"2019-07-28T13:13:03","date_gmt":"2019-07-28T13:13:03","guid":{"rendered":"http:\/\/colentum.com\/beaches-murter\/"},"modified":"2019-08-06T17:20:19","modified_gmt":"2019-08-06T17:20:19","slug":"plaze-murter","status":"publish","type":"page","link":"https:\/\/colentum.com\/hr\/plaze-murter\/","title":{"rendered":"Pla\u017ee"},"content":{"rendered":"<p>[et_pb_section fb_built=&#8221;1&#8243; _builder_version=&#8221;3.19&#8243;][et_pb_row _builder_version=&#8221;3.19&#8243;][et_pb_column type=&#8221;4_4&#8243; _builder_version=&#8221;3.19&#8243; parallax=&#8221;off&#8221; parallax_method=&#8221;on&#8221;][et_pb_text _builder_version=&#8221;3.19&#8243;]<\/p>\n<h1 style=\"text-align: center;\">pla\u017ee<\/h1>\n<p>[\/et_pb_text][et_pb_text _builder_version=&#8221;3.19&#8243;]<\/p>\n<h3 style=\"text-align: center;\"><span style=\"color: #47a6c4;\">Vrijeme je za beach-hopping! <\/span> Pla\u017ee na Murteru su savr\u0161ene<\/h3>\n<p>[\/et_pb_text][\/et_pb_column][\/et_pb_row][\/et_pb_section][et_pb_section fb_built=&#8221;1&#8243; _builder_version=&#8221;3.19&#8243; custom_padding=&#8221;0|0px|0|0px|false|false&#8221;][et_pb_row make_fullwidth=&#8221;on&#8221; use_custom_gutter=&#8221;on&#8221; gutter_width=&#8221;2&#8243; custom_padding=&#8221;0|0px|26.4333px|0px|false|false&#8221; _builder_version=&#8221;3.19&#8243;][et_pb_column type=&#8221;1_3&#8243; _builder_version=&#8221;3.19&#8243; parallax=&#8221;off&#8221; parallax_method=&#8221;on&#8221;][et_pb_image src=&#8221;https:\/\/colentum.com\/wp-content\/uploads\/2019\/07\/Hotel-Colentum-Murter40.jpg&#8221; _builder_version=&#8221;3.19&#8243;][\/et_pb_image][\/et_pb_column][et_pb_column type=&#8221;1_3&#8243; _builder_version=&#8221;3.19&#8243; parallax=&#8221;off&#8221; parallax_method=&#8221;on&#8221;][et_pb_image src=&#8221;https:\/\/colentum.com\/wp-content\/uploads\/2019\/07\/Hotel-Colentum-Murter38.jpg&#8221; _builder_version=&#8221;3.19&#8243;][\/et_pb_image][\/et_pb_column][et_pb_column type=&#8221;1_3&#8243; _builder_version=&#8221;3.19&#8243; parallax=&#8221;off&#8221; parallax_method=&#8221;on&#8221;][et_pb_image src=&#8221;https:\/\/colentum.com\/wp-content\/uploads\/2019\/07\/Hotel-Colentum-Murter21.jpg&#8221; _builder_version=&#8221;3.19&#8243;][\/et_pb_image][\/et_pb_column][\/et_pb_row][et_pb_row _builder_version=&#8221;3.19&#8243;][et_pb_column type=&#8221;4_4&#8243; _builder_version=&#8221;3.19&#8243; parallax=&#8221;off&#8221; parallax_method=&#8221;on&#8221;][et_pb_text _builder_version=&#8221;3.19&#8243;]<\/p>\n<p style=\"text-align: center;\">Iako relativno malen, otok Murter obiluje raznovrsnim pla\u017eama polo\u017eenim u brojnim pitoresknim uvalama du\u017e cijele obalne crte otoka. Najpoznatije murterske pla\u017ee smje\u0161tene su na ju\u017enom dijelu otoka, okrenute su prema kornatskom arhipelagu i za\u0161ti\u0107ene su od bure. Neke su plitke i pjeskovite, neke \u0161ljun\u010dane, a neke stjenovite sa kamenim plo\u010dama za sun\u010danje. Zbog osebujnosti i ljepote, neodoljive dra\u017ei i prisnosti u nedoumici ste koju izabrati i prisvojiti.<\/p>\n<p style=\"text-align: center;\">Cijeli Murter u stvarnosti, predstavlja jednu cjelovitu pla\u017eu koja se samo transformira i preta\u010de od mirne, usamljene, intimne, nudisti\u010dke do uskome\u0161ane vrevom, zabavom, u\u017earenim ljetnim ritmom.\u00a0<\/p>\n<p style=\"text-align: center;\">Izaberete li mirnu, skritu uvalu, za\u0161ti\u0107enu plavu lagunu ili pje\u0161\u010danu rapsodiju, sigurno je jedno, izabrali ste svoje mjesto pod suncem. Obi\u0111ite ih sve, pa nam recite koja je stvorena po va\u0161em \u201egu\u0161tu\u201c.\u00a0<\/p>\n<p>[\/et_pb_text][\/et_pb_column][\/et_pb_row][\/et_pb_section][et_pb_section fb_built=&#8221;1&#8243; _builder_version=&#8221;3.19&#8243; background_image=&#8221;https:\/\/colentum.com\/wp-content\/uploads\/2019\/07\/Hotel-Colentum-Murter26.jpg&#8221; parallax=&#8221;on&#8221; custom_padding=&#8221;54px|0px|291px|0px|false|false&#8221;][et_pb_row _builder_version=&#8221;3.19&#8243;][et_pb_column type=&#8221;4_4&#8243; _builder_version=&#8221;3.19&#8243; parallax=&#8221;off&#8221; parallax_method=&#8221;on&#8221;][et_pb_text _builder_version=&#8221;3.19&#8243; text_font=&#8221;||||||||&#8221; background_layout=&#8221;dark&#8221;]<\/p>\n<h3>Najpoznatije murterske pla\u017ee: Slanica, Podvr\u0161ke i \u010cigra\u0111a.<\/h3>\n<p>[\/et_pb_text][\/et_pb_column][\/et_pb_row][\/et_pb_section][et_pb_section fb_built=&#8221;1&#8243; _builder_version=&#8221;3.19&#8243;][et_pb_row _builder_version=&#8221;3.19&#8243;][et_pb_column type=&#8221;1_3&#8243; _builder_version=&#8221;3.19&#8243; parallax=&#8221;off&#8221; parallax_method=&#8221;on&#8221;][et_pb_text _builder_version=&#8221;3.19&#8243;]<\/p>\n<h3><b>SLANICA<\/b><\/h3>\n<p>glavna murterska pla\u017ea smje\u0161tena uz hotel. Slanica je jedna od najljep\u0161ih i najposje\u0107enijih pje\u0161\u010danih pla\u017ea koja obiluje brojnim sadr\u017eajima i animacijom. Pogodna je za djecu i nepliva\u010de, kao i za sve koji u\u017eivaju u obilju pla\u017enih sadr\u017eaja.<\/p>\n<p>[\/et_pb_text][\/et_pb_column][et_pb_column type=&#8221;1_3&#8243; _builder_version=&#8221;3.19&#8243; parallax=&#8221;off&#8221; parallax_method=&#8221;on&#8221;][et_pb_text _builder_version=&#8221;3.19&#8243;]<\/p>\n<h3><b>PODVR\u0161KE<\/b><\/h3>\n<p>udaljena je od hotela 600 metara, skrivena od oka javnosti, a do pla\u017ee vodi staza lungo mare. Dio pla\u017ee rezerviran je za nudiste. Podvr\u0161ke je omiljeno okupljali\u0161te domicilnog stanovni\u0161tva. Pla\u017ea se prostire na nekoliko uvala. Djelomi\u010dno je pje\u0161\u010dana, a djelomi\u010dno \u0161ljunkovita i stjenovita.<\/p>\n<p>[\/et_pb_text][\/et_pb_column][et_pb_column type=&#8221;1_3&#8243; _builder_version=&#8221;3.19&#8243; parallax=&#8221;off&#8221; parallax_method=&#8221;on&#8221;][et_pb_text _builder_version=&#8221;3.19&#8243;]<\/p>\n<h3><b>\u010cIGRA\u0110A<\/b><\/h3>\n<p>Smje\u0161tena je na samom ulazu u Murter, na ju\u017enoj strani otoka 1500 metara udaljena od hotela. Pla\u017ea je djelomi\u010dno \u0161ljunkovita, a djelomi\u010dno stjenovita. Obiluje bogatom ugostiteljskom ponudom (pla\u017eni restoran, ribarska ku\u0107a).<\/p>\n<p>[\/et_pb_text][\/et_pb_column][\/et_pb_row][\/et_pb_section][et_pb_section fb_built=&#8221;1&#8243; _builder_version=&#8221;3.19&#8243; custom_padding=&#8221;0|0px|0|0px|false|false&#8221; saved_tabs=&#8221;all&#8221; global_module=&#8221;546&#8243;][et_pb_row make_fullwidth=&#8221;on&#8221; use_custom_gutter=&#8221;on&#8221; gutter_width=&#8221;1&#8243; custom_padding=&#8221;50px|0px|50px|0px|false|false&#8221; make_equal=&#8221;on&#8221; background_color_2=&#8221;#f4f4f4&#8243; bg_img_1=&#8221;https:\/\/colentum.com\/wp-content\/uploads\/2019\/07\/Hotel-Colentum-Murter60.jpg&#8221; padding_top_bottom_link_2=&#8221;true&#8221; padding_left_right_link_2=&#8221;true&#8221; padding_top_2=&#8221;50px&#8221; padding_right_2=&#8221;50px&#8221; padding_bottom_2=&#8221;50px&#8221; padding_left_2=&#8221;50px&#8221; _builder_version=&#8221;3.19&#8243; module_alignment=&#8221;right&#8221;][et_pb_column type=&#8221;1_3&#8243; _builder_version=&#8221;3.19&#8243; bg_img=&#8221;https:\/\/colentum.com\/wp-content\/uploads\/2019\/07\/Hotel-Colentum-Murter60.jpg&#8221; parallax=&#8221;off&#8221; parallax_method=&#8221;on&#8221;][\/et_pb_column][et_pb_column type=&#8221;2_3&#8243; _builder_version=&#8221;3.19&#8243; padding_bottom=&#8221;50px&#8221; padding_left=&#8221;50px&#8221; padding_right=&#8221;50px&#8221; padding_top=&#8221;50px&#8221; background_color=&#8221;#f4f4f4&#8243; parallax=&#8221;off&#8221; parallax_method=&#8221;on&#8221;][et_pb_text _builder_version=&#8221;3.19&#8243;]<\/p>\n<h4>ISTRA\u017dI SOBE<\/h4>\n<h2><span class=\"tlid-translation translation\" lang=\"sl\"><span title=\"\" class=\"\">Izberite svoj najdra\u017ei tip sobe<\/span><\/span><\/h2>\n<p>[\/et_pb_text][et_pb_button button_url=&#8221;https:\/\/colentum.com\/rooms&#8221; button_text=&#8221;Izberite sobu&#8221; _builder_version=&#8221;3.19&#8243;][\/et_pb_button][\/et_pb_column][\/et_pb_row][\/et_pb_section][et_pb_section fb_built=&#8221;1&#8243; _builder_version=&#8221;3.19&#8243; saved_tabs=&#8221;all&#8221; global_module=&#8221;547&#8243;][et_pb_row _builder_version=&#8221;3.19&#8243;][et_pb_column type=&#8221;1_3&#8243; _builder_version=&#8221;3.19&#8243; parallax=&#8221;off&#8221; parallax_method=&#8221;on&#8221;][et_pb_text _builder_version=&#8221;3.19&#8243;]<\/p>\n<h3>KONTAKT<\/h3>\n<p>A: <span class=\"LrzXr\">Put Slanice bb, 22243, Murter<\/span><br \/>T: 00385 22 338 578<br \/> E: <a class=\"menuLink\" href=\"mailto:booking@colentum.com\">booking@colentum.com<\/a><\/p>\n<p>[\/et_pb_text][et_pb_button button_url=&#8221;https:\/\/goo.gl\/maps\/m6FMAFrDfTG8tjvAA&#8221; url_new_window=&#8221;on&#8221; button_text=&#8221;OTVORI KARTU&#8221; _builder_version=&#8221;3.19&#8243;][\/et_pb_button][\/et_pb_column][et_pb_column type=&#8221;1_3&#8243; _builder_version=&#8221;3.19&#8243; parallax=&#8221;off&#8221; parallax_method=&#8221;on&#8221;][\/et_pb_column][et_pb_column type=&#8221;1_3&#8243; _builder_version=&#8221;3.19&#8243; parallax=&#8221;off&#8221; parallax_method=&#8221;on&#8221;][et_pb_image src=&#8221;https:\/\/colentum.com\/wp-content\/uploads\/2019\/07\/logo.png&#8221; always_center_on_mobile=&#8221;off&#8221; disabled_on=&#8221;on|on|off&#8221; _builder_version=&#8221;3.19&#8243; max_width=&#8221;58%&#8221; module_alignment=&#8221;center&#8221;][\/et_pb_image][\/et_pb_column][\/et_pb_row][\/et_pb_section]<\/p>\n","protected":false},"excerpt":{"rendered":"<p>pla\u017eeVrijeme je za beach-hopping! Pla\u017ee na Murteru su savr\u0161eneIako relativno malen, otok Murter obiluje raznovrsnim pla\u017eama polo\u017eenim u brojnim pitoresknim uvalama du\u017e cijele obalne crte otoka. Najpoznatije murterske pla\u017ee smje\u0161tene su na ju\u017enom dijelu otoka, okrenute su prema kornatskom arhipelagu i za\u0161ti\u0107ene su od bure. Neke su plitke i pjeskovite, neke \u0161ljun\u010dane, a neke stjenovite [&hellip;]<\/p>\n","protected":false},"author":1,"featured_media":364,"parent":0,"menu_order":0,"comment_status":"closed","ping_status":"closed","template":"","meta":{"_et_pb_use_builder":"on","_et_pb_old_content":"","_et_gb_content_width":"","footnotes":""},"class_list":["post-554","page","type-page","status-publish","has-post-thumbnail","hentry"],"yoast_head":"<!-- This site is optimized with the Yoast SEO plugin v24.4 - https:\/\/yoast.com\/wordpress\/plugins\/seo\/ -->\n<title>Murter \u2013 perfect island for beach-hopping<\/title>\n<meta name=\"description\" content=\"Sandy or rocky beach peaceful or vibrant, Murter has them all. The most famous ones are located on the south-west part, facing the Kornati archipelago.\" \/>\n<meta name=\"robots\" content=\"index, follow, max-snippet:-1, max-image-preview:large, max-video-preview:-1\" \/>\n<link rel=\"canonical\" href=\"https:\/\/colentum.com\/beaches-murter\/\" \/>\n<meta property=\"og:locale\" content=\"hr_HR\" \/>\n<meta property=\"og:type\" content=\"article\" \/>\n<meta property=\"og:title\" content=\"Murter \u2013 perfect island for beach-hopping\" \/>\n<meta property=\"og:description\" content=\"Sandy or rocky beach peaceful or vibrant, Murter has them all. The most famous ones are located on the south-west part, facing the Kornati archipelago.\" \/>\n<meta property=\"og:url\" content=\"https:\/\/colentum.com\/beaches-murter\/\" \/>\n<meta property=\"og:site_name\" content=\"Colentum Resort Murter - Hotel Jager\" \/>\n<meta property=\"article:modified_time\" content=\"2019-08-06T17:20:19+00:00\" \/>\n<meta property=\"og:image\" content=\"https:\/\/colentum.com\/wp-content\/uploads\/2019\/07\/Hotel-Colentum-Murter37.jpg\" \/>\n\t<meta property=\"og:image:width\" content=\"1600\" \/>\n\t<meta property=\"og:image:height\" content=\"1068\" \/>\n\t<meta property=\"og:image:type\" content=\"image\/jpeg\" \/>\n<meta name=\"twitter:card\" content=\"summary_large_image\" \/>\n<meta name=\"twitter:label1\" content=\"Procijenjeno vrijeme \u010ditanja\" \/>\n\t<meta name=\"twitter:data1\" content=\"5 minuta\" \/>\n<script type=\"application\/ld+json\" class=\"yoast-schema-graph\">{\"@context\":\"https:\/\/schema.org\",\"@graph\":[{\"@type\":\"WebPage\",\"@id\":\"https:\/\/colentum.com\/beaches-murter\/\",\"url\":\"https:\/\/colentum.com\/beaches-murter\/\",\"name\":\"Murter \u2013 perfect island for beach-hopping\",\"isPartOf\":{\"@id\":\"https:\/\/colentum.com\/#website\"},\"primaryImageOfPage\":{\"@id\":\"https:\/\/colentum.com\/beaches-murter\/#primaryimage\"},\"image\":{\"@id\":\"https:\/\/colentum.com\/beaches-murter\/#primaryimage\"},\"thumbnailUrl\":\"https:\/\/colentum.com\/wp-content\/uploads\/2019\/07\/Hotel-Colentum-Murter37.jpg\",\"datePublished\":\"2019-07-28T13:13:03+00:00\",\"dateModified\":\"2019-08-06T17:20:19+00:00\",\"description\":\"Sandy or rocky beach peaceful or vibrant, Murter has them all. The most famous ones are located on the south-west part, facing the Kornati archipelago.\",\"breadcrumb\":{\"@id\":\"https:\/\/colentum.com\/beaches-murter\/#breadcrumb\"},\"inLanguage\":\"hr\",\"potentialAction\":[{\"@type\":\"ReadAction\",\"target\":[\"https:\/\/colentum.com\/beaches-murter\/\"]}]},{\"@type\":\"ImageObject\",\"inLanguage\":\"hr\",\"@id\":\"https:\/\/colentum.com\/beaches-murter\/#primaryimage\",\"url\":\"https:\/\/colentum.com\/wp-content\/uploads\/2019\/07\/Hotel-Colentum-Murter37.jpg\",\"contentUrl\":\"https:\/\/colentum.com\/wp-content\/uploads\/2019\/07\/Hotel-Colentum-Murter37.jpg\",\"width\":1600,\"height\":1068},{\"@type\":\"BreadcrumbList\",\"@id\":\"https:\/\/colentum.com\/beaches-murter\/#breadcrumb\",\"itemListElement\":[{\"@type\":\"ListItem\",\"position\":1,\"name\":\"Home\",\"item\":\"https:\/\/colentum.com\/hr\/\"},{\"@type\":\"ListItem\",\"position\":2,\"name\":\"Pla\u017ee\"}]},{\"@type\":\"WebSite\",\"@id\":\"https:\/\/colentum.com\/#website\",\"url\":\"https:\/\/colentum.com\/\",\"name\":\"Colentum Resort Murter - Hotel Jager\",\"description\":\"Your favourite destination on Murter\",\"potentialAction\":[{\"@type\":\"SearchAction\",\"target\":{\"@type\":\"EntryPoint\",\"urlTemplate\":\"https:\/\/colentum.com\/?s={search_term_string}\"},\"query-input\":{\"@type\":\"PropertyValueSpecification\",\"valueRequired\":true,\"valueName\":\"search_term_string\"}}],\"inLanguage\":\"hr\"}]}<\/script>\n<!-- \/ Yoast SEO plugin. -->","yoast_head_json":{"title":"Murter \u2013 perfect island for beach-hopping","description":"Sandy or rocky beach peaceful or vibrant, Murter has them all. The most famous ones are located on the south-west part, facing the Kornati archipelago.","robots":{"index":"index","follow":"follow","max-snippet":"max-snippet:-1","max-image-preview":"max-image-preview:large","max-video-preview":"max-video-preview:-1"},"canonical":"https:\/\/colentum.com\/beaches-murter\/","og_locale":"hr_HR","og_type":"article","og_title":"Murter \u2013 perfect island for beach-hopping","og_description":"Sandy or rocky beach peaceful or vibrant, Murter has them all. The most famous ones are located on the south-west part, facing the Kornati archipelago.","og_url":"https:\/\/colentum.com\/beaches-murter\/","og_site_name":"Colentum Resort Murter - Hotel Jager","article_modified_time":"2019-08-06T17:20:19+00:00","og_image":[{"width":1600,"height":1068,"url":"https:\/\/colentum.com\/wp-content\/uploads\/2019\/07\/Hotel-Colentum-Murter37.jpg","type":"image\/jpeg"}],"twitter_card":"summary_large_image","twitter_misc":{"Procijenjeno vrijeme \u010ditanja":"5 minuta"},"schema":{"@context":"https:\/\/schema.org","@graph":[{"@type":"WebPage","@id":"https:\/\/colentum.com\/beaches-murter\/","url":"https:\/\/colentum.com\/beaches-murter\/","name":"Murter \u2013 perfect island for beach-hopping","isPartOf":{"@id":"https:\/\/colentum.com\/#website"},"primaryImageOfPage":{"@id":"https:\/\/colentum.com\/beaches-murter\/#primaryimage"},"image":{"@id":"https:\/\/colentum.com\/beaches-murter\/#primaryimage"},"thumbnailUrl":"https:\/\/colentum.com\/wp-content\/uploads\/2019\/07\/Hotel-Colentum-Murter37.jpg","datePublished":"2019-07-28T13:13:03+00:00","dateModified":"2019-08-06T17:20:19+00:00","description":"Sandy or rocky beach peaceful or vibrant, Murter has them all. The most famous ones are located on the south-west part, facing the Kornati archipelago.","breadcrumb":{"@id":"https:\/\/colentum.com\/beaches-murter\/#breadcrumb"},"inLanguage":"hr","potentialAction":[{"@type":"ReadAction","target":["https:\/\/colentum.com\/beaches-murter\/"]}]},{"@type":"ImageObject","inLanguage":"hr","@id":"https:\/\/colentum.com\/beaches-murter\/#primaryimage","url":"https:\/\/colentum.com\/wp-content\/uploads\/2019\/07\/Hotel-Colentum-Murter37.jpg","contentUrl":"https:\/\/colentum.com\/wp-content\/uploads\/2019\/07\/Hotel-Colentum-Murter37.jpg","width":1600,"height":1068},{"@type":"BreadcrumbList","@id":"https:\/\/colentum.com\/beaches-murter\/#breadcrumb","itemListElement":[{"@type":"ListItem","position":1,"name":"Home","item":"https:\/\/colentum.com\/hr\/"},{"@type":"ListItem","position":2,"name":"Pla\u017ee"}]},{"@type":"WebSite","@id":"https:\/\/colentum.com\/#website","url":"https:\/\/colentum.com\/","name":"Colentum Resort Murter - Hotel Jager","description":"Your favourite destination on Murter","potentialAction":[{"@type":"SearchAction","target":{"@type":"EntryPoint","urlTemplate":"https:\/\/colentum.com\/?s={search_term_string}"},"query-input":{"@type":"PropertyValueSpecification","valueRequired":true,"valueName":"search_term_string"}}],"inLanguage":"hr"}]}},"_links":{"self":[{"href":"https:\/\/colentum.com\/hr\/wp-json\/wp\/v2\/pages\/554","targetHints":{"allow":["GET"]}}],"collection":[{"href":"https:\/\/colentum.com\/hr\/wp-json\/wp\/v2\/pages"}],"about":[{"href":"https:\/\/colentum.com\/hr\/wp-json\/wp\/v2\/types\/page"}],"author":[{"embeddable":true,"href":"https:\/\/colentum.com\/hr\/wp-json\/wp\/v2\/users\/1"}],"replies":[{"embeddable":true,"href":"https:\/\/colentum.com\/hr\/wp-json\/wp\/v2\/comments?post=554"}],"version-history":[{"count":3,"href":"https:\/\/colentum.com\/hr\/wp-json\/wp\/v2\/pages\/554\/revisions"}],"predecessor-version":[{"id":559,"href":"https:\/\/colentum.com\/hr\/wp-json\/wp\/v2\/pages\/554\/revisions\/559"}],"wp:featuredmedia":[{"embeddable":true,"href":"https:\/\/colentum.com\/hr\/wp-json\/wp\/v2\/media\/364"}],"wp:attachment":[{"href":"https:\/\/colentum.com\/hr\/wp-json\/wp\/v2\/media?parent=554"}],"curies":[{"name":"wp","href":"https:\/\/api.w.org\/{rel}","templated":true}]}}