{"id":602,"date":"2019-07-28T13:48:52","date_gmt":"2019-07-28T13:48:52","guid":{"rendered":"http:\/\/colentum.com\/murter-island\/"},"modified":"2019-08-06T19:40:51","modified_gmt":"2019-08-06T19:40:51","slug":"murter-island","status":"publish","type":"page","link":"https:\/\/colentum.com\/hr\/murter-island\/","title":{"rendered":"Murter"},"content":{"rendered":"<p>[et_pb_section fb_built=&#8221;1&#8243; _builder_version=&#8221;3.19&#8243;][et_pb_row _builder_version=&#8221;3.19&#8243;][et_pb_column type=&#8221;4_4&#8243; _builder_version=&#8221;3.19&#8243; parallax=&#8221;off&#8221; parallax_method=&#8221;on&#8221;][et_pb_text _builder_version=&#8221;3.19&#8243;]<\/p>\n<h1 style=\"text-align: center;\">murter<\/h1>\n<p>[\/et_pb_text][et_pb_text _builder_version=&#8221;3.19&#8243;]<\/p>\n<h3 style=\"text-align: center;\">Najve\u0107a oto\u010dna op\u0107ina na Mediteranu, a po mnogima i najljep\u0161a<\/h3>\n<p>[\/et_pb_text][\/et_pb_column][\/et_pb_row][\/et_pb_section][et_pb_section fb_built=&#8221;1&#8243; _builder_version=&#8221;3.19&#8243; custom_padding=&#8221;0|0px|0|0px|false|false&#8221;][et_pb_row make_fullwidth=&#8221;on&#8221; use_custom_gutter=&#8221;on&#8221; gutter_width=&#8221;2&#8243; custom_padding=&#8221;0|0px|77px|0px|false|false&#8221; _builder_version=&#8221;3.19&#8243;][et_pb_column type=&#8221;1_4&#8243; _builder_version=&#8221;3.19&#8243; parallax=&#8221;off&#8221; parallax_method=&#8221;on&#8221;][\/et_pb_column][et_pb_column type=&#8221;1_2&#8243; _builder_version=&#8221;3.19&#8243; parallax=&#8221;off&#8221; parallax_method=&#8221;on&#8221;][et_pb_text _builder_version=&#8221;3.19&#8243;]<\/p>\n<p>Op\u0107ina Murter-Kornati smje\u0161tena je na vratima Kornatskog oto\u010dja i privla\u010dna je nauti\u010darima, kao i svim ljubiteljima tihog odmora. Otoci Nacionalnog parka Kornati u vlasni\u0161tvu su mje\u0161tana Murtera.<\/p>\n<p> To je najve\u0107a oto\u010dna op\u0107ina na Mediteranu. Pripada joj vi\u0161e od 160 otoka uklju\u010duju\u0107i i Kornate sa obalnom crtom dugom gotovo 400 km. Oto\u010dna skupina ove op\u0107ine prostire se paralelno uz obalu izme\u0111u \u0160ibenika i Zadra, a otok Murter spojen je s kopnom 30 m dugim pokretnim mostom. Cestovna udaljenost od \u0160ibenika je 30 km, od Zadra 65 km, a od Splita 105 km.\u00a0<br \/> U Zadru i Splitu nalaze se dva najbli\u017ea aerodroma.<br \/> <a href=\"https:\/\/www.hotel-colentum.com\/w_hotel_dalmacija_hrvatska_04.asp\">\u00a0\u00a0\u00a0\u00a0\u00a0\u00a0\u00a0\u00a0\u00a0<\/a>\u00a0<br \/> Podru\u010dje op\u0107ine smje\u0161teno je u pojasu mediteranske klime, karakteristike koje su topla i suha ljeta, te blage i vla\u017ene zime. Najtopliji mjesec je kolovoz sa srednjom temperaturom od 24,7 \u00b0C, a najhladniji je sije\u010danj s prosje\u010dnom temperaturom od 6,3 \u00b0C. Prosje\u010dna temperatura mora ljeti je 23,7 \u00b0C.<\/p>\n<p> Murter je okru\u017een pje\u0161\u010danim pla\u017eama koje se nalaze u prekrasnim, djevi\u010danskim uvalama, koje zapljuskuje kristalno bistro more. Po\u010detci turizma u Murteru se\u017eu u 30-te godine pro\u0161log stolje\u0107a, kada je u uvali Slanica izgra\u0111ena \u010de\u0161ka vila.\u00a0<br \/> <a href=\"https:\/\/www.hotel-colentum.com\/w_hotel_dalmacija_hrvatska_05.asp\">\u00a0\u00a0\u00a0\u00a0\u00a0\u00a0\u00a0\u00a0\u00a0<\/a>\u00a0<br \/> Zbog atraktivnosti svog polo\u017eaja, burne povijesti i velikog akvatorija, Murter je jedan od najposebnijih hrvatskih otoka.\u00a0<\/p>\n<p>[\/et_pb_text][\/et_pb_column][et_pb_column type=&#8221;1_4&#8243; _builder_version=&#8221;3.19&#8243; parallax=&#8221;off&#8221; parallax_method=&#8221;on&#8221;][et_pb_button button_url=&#8221;https:\/\/tzo-murter.hr&#8221; url_new_window=&#8221;on&#8221; button_text=&#8221;Posjeti slu\u017ebenu stranicu &#8221; button_alignment=&#8221;center&#8221; _builder_version=&#8221;3.19&#8243;][\/et_pb_button][\/et_pb_column][\/et_pb_row][\/et_pb_section][et_pb_section fb_built=&#8221;1&#8243; _builder_version=&#8221;3.19&#8243; background_image=&#8221;https:\/\/colentum.com\/wp-content\/uploads\/2019\/07\/Murter.jpg&#8221; parallax=&#8221;on&#8221; custom_padding=&#8221;54px|0px|291px|0px|false|false&#8221;][et_pb_row _builder_version=&#8221;3.19&#8243;][et_pb_column type=&#8221;4_4&#8243; _builder_version=&#8221;3.19&#8243; parallax=&#8221;off&#8221; parallax_method=&#8221;on&#8221;][\/et_pb_column][\/et_pb_row][\/et_pb_section][et_pb_section fb_built=&#8221;1&#8243; _builder_version=&#8221;3.19&#8243; custom_padding=&#8221;0|0px|0|0px|false|false&#8221;][et_pb_row make_fullwidth=&#8221;on&#8221; use_custom_gutter=&#8221;on&#8221; gutter_width=&#8221;2&#8243; custom_padding=&#8221;56px|0px|77px|0px|false|false&#8221; _builder_version=&#8221;3.19&#8243;][et_pb_column type=&#8221;1_4&#8243; _builder_version=&#8221;3.19&#8243; parallax=&#8221;off&#8221; parallax_method=&#8221;on&#8221;][\/et_pb_column][et_pb_column type=&#8221;1_2&#8243; _builder_version=&#8221;3.19&#8243; parallax=&#8221;off&#8221; parallax_method=&#8221;on&#8221;][et_pb_text _builder_version=&#8221;3.19&#8243;]<\/p>\n<p>Povijest Murtera i Kornata se\u017ee u 1. stolje\u0107e kada je na tom podru\u010dju postojao anti\u010dki grad Colentum. Ostaci tog grada, koje je ve\u0107 velikim dijelom pokrilo more, le\u017ee u podno\u017eju brda Gradine, na sjevernoj strani uvale Hramine. U 6. st. Bizantski car Justinijan izgradio je utvrdu na otoku Kornatu iznad polja Tarac. U 9. stolje\u0107u tu oto\u010dnu skupinu naseljavaju Slaveni. Naselje Murter spominje se 1298. godine kao Villa Magna, naselje sa 36 ku\u0107a i 203 stanovnika koje ve\u0107 ima i svoju \u017eupu, a 1515. godine otok Kornat prvi put pod hrvatskim imenom &#8211; Stomorin otok.<\/p>\n<p> Stanovnici Murtera u razdoblju od 1859. do 1890. otkupljuju kornatske otoke.\u00a0<a href=\"https:\/\/www.hotel-colentum.com\/hotel_dalmacija_hrvatska_2\/hotel_dalmacija_w_00.asp\">\u00a0\u00a0\u00a0\u00a0\u00a0\u00a0\u00a0\u00a0\u00a0<\/a>\u00a0<\/p>\n<p> Pod utjecajem Hrvatskog narodnog preporoda u Murteru se, u drugoj polovici XlX. stolje\u0107a, osniva Narodna \u010ditaonica, a po\u010detkom XX. stolje\u0107a izgra\u0111ena je moderna uljara u kojoj se proizvodi visokokvalitetno maslinovo ulje, a dokaz za to je zlatna medalja za kvalitetu osvojena na velikoj me\u0111unarodnoj izlo\u017ebi ulja u Eixu Francuskoj.\u00a0<br \/> U istom razdoblju u Murteru se, kao jedna od osnovnih privrednih grana, po\u010deo razvijati turizam.<br \/> <a href=\"https:\/\/www.hotel-colentum.com\/w_hotel_dalmacija_hrvatska_07.asp\">\u00a0\u00a0\u00a0\u00a0\u00a0\u00a0\u00a0\u00a0\u00a0<\/a>\u00a0<br \/> Potkraj pro\u0161log stolje\u0107a podru\u010dje Kornata progla\u0161eno je nacionalnim parkom.<\/p>\n<p>&nbsp;<\/p>\n<p>Photo: TZ Murter \/ www.tzo-murter.hr<\/p>\n<p>[\/et_pb_text][\/et_pb_column][et_pb_column type=&#8221;1_4&#8243; _builder_version=&#8221;3.19&#8243; parallax=&#8221;off&#8221; parallax_method=&#8221;on&#8221;][\/et_pb_column][\/et_pb_row][\/et_pb_section][et_pb_section fb_built=&#8221;1&#8243; _builder_version=&#8221;3.19&#8243; custom_padding=&#8221;0|0px|0|0px|false|false&#8221; saved_tabs=&#8221;all&#8221; global_module=&#8221;546&#8243;][et_pb_row make_fullwidth=&#8221;on&#8221; use_custom_gutter=&#8221;on&#8221; gutter_width=&#8221;1&#8243; custom_padding=&#8221;50px|0px|50px|0px|false|false&#8221; make_equal=&#8221;on&#8221; background_color_2=&#8221;#f4f4f4&#8243; bg_img_1=&#8221;https:\/\/colentum.com\/wp-content\/uploads\/2019\/07\/Hotel-Colentum-Murter60.jpg&#8221; padding_top_bottom_link_2=&#8221;true&#8221; padding_left_right_link_2=&#8221;true&#8221; padding_top_2=&#8221;50px&#8221; padding_right_2=&#8221;50px&#8221; padding_bottom_2=&#8221;50px&#8221; padding_left_2=&#8221;50px&#8221; _builder_version=&#8221;3.19&#8243; module_alignment=&#8221;right&#8221;][et_pb_column type=&#8221;1_3&#8243; _builder_version=&#8221;3.19&#8243; bg_img=&#8221;https:\/\/colentum.com\/wp-content\/uploads\/2019\/07\/Hotel-Colentum-Murter60.jpg&#8221; parallax=&#8221;off&#8221; parallax_method=&#8221;on&#8221;][\/et_pb_column][et_pb_column type=&#8221;2_3&#8243; _builder_version=&#8221;3.19&#8243; padding_bottom=&#8221;50px&#8221; padding_left=&#8221;50px&#8221; padding_right=&#8221;50px&#8221; padding_top=&#8221;50px&#8221; background_color=&#8221;#f4f4f4&#8243; parallax=&#8221;off&#8221; parallax_method=&#8221;on&#8221;][et_pb_text _builder_version=&#8221;3.19&#8243;]<\/p>\n<h4>ISTRA\u017dI SOBE<\/h4>\n<h2><span class=\"tlid-translation translation\" lang=\"sl\"><span title=\"\" class=\"\">Izberite svoj najdra\u017ei tip sobe<\/span><\/span><\/h2>\n<p>[\/et_pb_text][et_pb_button button_url=&#8221;https:\/\/colentum.com\/rooms&#8221; button_text=&#8221;Izberite sobu&#8221; _builder_version=&#8221;3.19&#8243;][\/et_pb_button][\/et_pb_column][\/et_pb_row][\/et_pb_section][et_pb_section fb_built=&#8221;1&#8243; _builder_version=&#8221;3.19&#8243; saved_tabs=&#8221;all&#8221; global_module=&#8221;547&#8243;][et_pb_row _builder_version=&#8221;3.19&#8243;][et_pb_column type=&#8221;1_3&#8243; _builder_version=&#8221;3.19&#8243; parallax=&#8221;off&#8221; parallax_method=&#8221;on&#8221;][et_pb_text _builder_version=&#8221;3.19&#8243;]<\/p>\n<h3>KONTAKT<\/h3>\n<p>A: <span class=\"LrzXr\">Put Slanice bb, 22243, Murter<\/span><br \/>T: 00385 22 338 578<br \/> E: <a class=\"menuLink\" href=\"mailto:booking@colentum.com\">booking@colentum.com<\/a><\/p>\n<p>[\/et_pb_text][et_pb_button button_url=&#8221;https:\/\/goo.gl\/maps\/m6FMAFrDfTG8tjvAA&#8221; url_new_window=&#8221;on&#8221; button_text=&#8221;OTVORI KARTU&#8221; _builder_version=&#8221;3.19&#8243;][\/et_pb_button][\/et_pb_column][et_pb_column type=&#8221;1_3&#8243; _builder_version=&#8221;3.19&#8243; parallax=&#8221;off&#8221; parallax_method=&#8221;on&#8221;][\/et_pb_column][et_pb_column type=&#8221;1_3&#8243; _builder_version=&#8221;3.19&#8243; parallax=&#8221;off&#8221; parallax_method=&#8221;on&#8221;][et_pb_image src=&#8221;https:\/\/colentum.com\/wp-content\/uploads\/2019\/07\/logo.png&#8221; always_center_on_mobile=&#8221;off&#8221; disabled_on=&#8221;on|on|off&#8221; _builder_version=&#8221;3.19&#8243; max_width=&#8221;58%&#8221; module_alignment=&#8221;center&#8221;][\/et_pb_image][\/et_pb_column][\/et_pb_row][\/et_pb_section]<\/p>\n","protected":false},"excerpt":{"rendered":"<p>murterNajve\u0107a oto\u010dna op\u0107ina na Mediteranu, a po mnogima i najljep\u0161aOp\u0107ina Murter-Kornati smje\u0161tena je na vratima Kornatskog oto\u010dja i privla\u010dna je nauti\u010darima, kao i svim ljubiteljima tihog odmora. Otoci Nacionalnog parka Kornati u vlasni\u0161tvu su mje\u0161tana Murtera. To je najve\u0107a oto\u010dna op\u0107ina na Mediteranu. Pripada joj vi\u0161e od 160 otoka uklju\u010duju\u0107i i Kornate sa obalnom crtom [&hellip;]<\/p>\n","protected":false},"author":1,"featured_media":514,"parent":0,"menu_order":0,"comment_status":"closed","ping_status":"closed","template":"","meta":{"_et_pb_use_builder":"on","_et_pb_old_content":"","_et_gb_content_width":"","footnotes":""},"class_list":["post-602","page","type-page","status-publish","has-post-thumbnail","hentry"],"yoast_head":"<!-- This site is optimized with the Yoast SEO plugin v24.4 - https:\/\/yoast.com\/wordpress\/plugins\/seo\/ -->\n<title>Murter - One of the most beautiful islands in Croatia<\/title>\n<meta name=\"description\" content=\"Murter is situated at the doors of the Kornati Islands. It is attractive to the yachtsmen, as well as to the admirers of the silent rest and beautiful nature.\" \/>\n<meta name=\"robots\" content=\"index, follow, max-snippet:-1, max-image-preview:large, max-video-preview:-1\" \/>\n<link rel=\"canonical\" href=\"https:\/\/colentum.com\/murter-island\/\" \/>\n<meta property=\"og:locale\" content=\"hr_HR\" \/>\n<meta property=\"og:type\" content=\"article\" \/>\n<meta property=\"og:title\" content=\"Murter - One of the most beautiful islands in Croatia\" \/>\n<meta property=\"og:description\" content=\"Murter is situated at the doors of the Kornati Islands. It is attractive to the yachtsmen, as well as to the admirers of the silent rest and beautiful nature.\" \/>\n<meta property=\"og:url\" content=\"https:\/\/colentum.com\/murter-island\/\" \/>\n<meta property=\"og:site_name\" content=\"Colentum Resort Murter - Hotel Jager\" \/>\n<meta property=\"article:modified_time\" content=\"2019-08-06T19:40:51+00:00\" \/>\n<meta property=\"og:image\" content=\"https:\/\/colentum.com\/wp-content\/uploads\/2019\/07\/Murter.jpg\" \/>\n\t<meta property=\"og:image:width\" content=\"1600\" \/>\n\t<meta property=\"og:image:height\" content=\"902\" \/>\n\t<meta property=\"og:image:type\" content=\"image\/jpeg\" \/>\n<meta name=\"twitter:card\" content=\"summary_large_image\" \/>\n<meta name=\"twitter:label1\" content=\"Procijenjeno vrijeme \u010ditanja\" \/>\n\t<meta name=\"twitter:data1\" content=\"5 minuta\" \/>\n<script type=\"application\/ld+json\" class=\"yoast-schema-graph\">{\"@context\":\"https:\/\/schema.org\",\"@graph\":[{\"@type\":\"WebPage\",\"@id\":\"https:\/\/colentum.com\/murter-island\/\",\"url\":\"https:\/\/colentum.com\/murter-island\/\",\"name\":\"Murter - One of the most beautiful islands in Croatia\",\"isPartOf\":{\"@id\":\"https:\/\/colentum.com\/#website\"},\"primaryImageOfPage\":{\"@id\":\"https:\/\/colentum.com\/murter-island\/#primaryimage\"},\"image\":{\"@id\":\"https:\/\/colentum.com\/murter-island\/#primaryimage\"},\"thumbnailUrl\":\"https:\/\/colentum.com\/wp-content\/uploads\/2019\/07\/Murter.jpg\",\"datePublished\":\"2019-07-28T13:48:52+00:00\",\"dateModified\":\"2019-08-06T19:40:51+00:00\",\"description\":\"Murter is situated at the doors of the Kornati Islands. It is attractive to the yachtsmen, as well as to the admirers of the silent rest and beautiful nature.\",\"breadcrumb\":{\"@id\":\"https:\/\/colentum.com\/murter-island\/#breadcrumb\"},\"inLanguage\":\"hr\",\"potentialAction\":[{\"@type\":\"ReadAction\",\"target\":[\"https:\/\/colentum.com\/murter-island\/\"]}]},{\"@type\":\"ImageObject\",\"inLanguage\":\"hr\",\"@id\":\"https:\/\/colentum.com\/murter-island\/#primaryimage\",\"url\":\"https:\/\/colentum.com\/wp-content\/uploads\/2019\/07\/Murter.jpg\",\"contentUrl\":\"https:\/\/colentum.com\/wp-content\/uploads\/2019\/07\/Murter.jpg\",\"width\":1600,\"height\":902},{\"@type\":\"BreadcrumbList\",\"@id\":\"https:\/\/colentum.com\/murter-island\/#breadcrumb\",\"itemListElement\":[{\"@type\":\"ListItem\",\"position\":1,\"name\":\"Home\",\"item\":\"https:\/\/colentum.com\/hr\/\"},{\"@type\":\"ListItem\",\"position\":2,\"name\":\"Murter\"}]},{\"@type\":\"WebSite\",\"@id\":\"https:\/\/colentum.com\/#website\",\"url\":\"https:\/\/colentum.com\/\",\"name\":\"Colentum Resort Murter - Hotel Jager\",\"description\":\"Your favourite destination on Murter\",\"potentialAction\":[{\"@type\":\"SearchAction\",\"target\":{\"@type\":\"EntryPoint\",\"urlTemplate\":\"https:\/\/colentum.com\/?s={search_term_string}\"},\"query-input\":{\"@type\":\"PropertyValueSpecification\",\"valueRequired\":true,\"valueName\":\"search_term_string\"}}],\"inLanguage\":\"hr\"}]}<\/script>\n<!-- \/ Yoast SEO plugin. -->","yoast_head_json":{"title":"Murter - One of the most beautiful islands in Croatia","description":"Murter is situated at the doors of the Kornati Islands. It is attractive to the yachtsmen, as well as to the admirers of the silent rest and beautiful nature.","robots":{"index":"index","follow":"follow","max-snippet":"max-snippet:-1","max-image-preview":"max-image-preview:large","max-video-preview":"max-video-preview:-1"},"canonical":"https:\/\/colentum.com\/murter-island\/","og_locale":"hr_HR","og_type":"article","og_title":"Murter - One of the most beautiful islands in Croatia","og_description":"Murter is situated at the doors of the Kornati Islands. It is attractive to the yachtsmen, as well as to the admirers of the silent rest and beautiful nature.","og_url":"https:\/\/colentum.com\/murter-island\/","og_site_name":"Colentum Resort Murter - Hotel Jager","article_modified_time":"2019-08-06T19:40:51+00:00","og_image":[{"width":1600,"height":902,"url":"https:\/\/colentum.com\/wp-content\/uploads\/2019\/07\/Murter.jpg","type":"image\/jpeg"}],"twitter_card":"summary_large_image","twitter_misc":{"Procijenjeno vrijeme \u010ditanja":"5 minuta"},"schema":{"@context":"https:\/\/schema.org","@graph":[{"@type":"WebPage","@id":"https:\/\/colentum.com\/murter-island\/","url":"https:\/\/colentum.com\/murter-island\/","name":"Murter - One of the most beautiful islands in Croatia","isPartOf":{"@id":"https:\/\/colentum.com\/#website"},"primaryImageOfPage":{"@id":"https:\/\/colentum.com\/murter-island\/#primaryimage"},"image":{"@id":"https:\/\/colentum.com\/murter-island\/#primaryimage"},"thumbnailUrl":"https:\/\/colentum.com\/wp-content\/uploads\/2019\/07\/Murter.jpg","datePublished":"2019-07-28T13:48:52+00:00","dateModified":"2019-08-06T19:40:51+00:00","description":"Murter is situated at the doors of the Kornati Islands. It is attractive to the yachtsmen, as well as to the admirers of the silent rest and beautiful nature.","breadcrumb":{"@id":"https:\/\/colentum.com\/murter-island\/#breadcrumb"},"inLanguage":"hr","potentialAction":[{"@type":"ReadAction","target":["https:\/\/colentum.com\/murter-island\/"]}]},{"@type":"ImageObject","inLanguage":"hr","@id":"https:\/\/colentum.com\/murter-island\/#primaryimage","url":"https:\/\/colentum.com\/wp-content\/uploads\/2019\/07\/Murter.jpg","contentUrl":"https:\/\/colentum.com\/wp-content\/uploads\/2019\/07\/Murter.jpg","width":1600,"height":902},{"@type":"BreadcrumbList","@id":"https:\/\/colentum.com\/murter-island\/#breadcrumb","itemListElement":[{"@type":"ListItem","position":1,"name":"Home","item":"https:\/\/colentum.com\/hr\/"},{"@type":"ListItem","position":2,"name":"Murter"}]},{"@type":"WebSite","@id":"https:\/\/colentum.com\/#website","url":"https:\/\/colentum.com\/","name":"Colentum Resort Murter - Hotel Jager","description":"Your favourite destination on Murter","potentialAction":[{"@type":"SearchAction","target":{"@type":"EntryPoint","urlTemplate":"https:\/\/colentum.com\/?s={search_term_string}"},"query-input":{"@type":"PropertyValueSpecification","valueRequired":true,"valueName":"search_term_string"}}],"inLanguage":"hr"}]}},"_links":{"self":[{"href":"https:\/\/colentum.com\/hr\/wp-json\/wp\/v2\/pages\/602","targetHints":{"allow":["GET"]}}],"collection":[{"href":"https:\/\/colentum.com\/hr\/wp-json\/wp\/v2\/pages"}],"about":[{"href":"https:\/\/colentum.com\/hr\/wp-json\/wp\/v2\/types\/page"}],"author":[{"embeddable":true,"href":"https:\/\/colentum.com\/hr\/wp-json\/wp\/v2\/users\/1"}],"replies":[{"embeddable":true,"href":"https:\/\/colentum.com\/hr\/wp-json\/wp\/v2\/comments?post=602"}],"version-history":[{"count":1,"href":"https:\/\/colentum.com\/hr\/wp-json\/wp\/v2\/pages\/602\/revisions"}],"predecessor-version":[{"id":605,"href":"https:\/\/colentum.com\/hr\/wp-json\/wp\/v2\/pages\/602\/revisions\/605"}],"wp:featuredmedia":[{"embeddable":true,"href":"https:\/\/colentum.com\/hr\/wp-json\/wp\/v2\/media\/514"}],"wp:attachment":[{"href":"https:\/\/colentum.com\/hr\/wp-json\/wp\/v2\/media?parent=602"}],"curies":[{"name":"wp","href":"https:\/\/api.w.org\/{rel}","templated":true}]}}