{"id":609,"date":"2019-07-28T14:10:01","date_gmt":"2019-07-28T14:10:01","guid":{"rendered":"http:\/\/colentum.com\/trips\/"},"modified":"2019-08-06T19:51:30","modified_gmt":"2019-08-06T19:51:30","slug":"izleti","status":"publish","type":"page","link":"https:\/\/colentum.com\/hr\/izleti\/","title":{"rendered":"Izleti"},"content":{"rendered":"<p>[et_pb_section fb_built=&#8221;1&#8243; _builder_version=&#8221;3.19&#8243;][et_pb_row _builder_version=&#8221;3.19&#8243;][et_pb_column type=&#8221;4_4&#8243; _builder_version=&#8221;3.19&#8243; parallax=&#8221;off&#8221; parallax_method=&#8221;on&#8221;][et_pb_text _builder_version=&#8221;3.19&#8243;]<\/p>\n<h1 style=\"text-align: center;\">izleti<\/h1>\n<p>[\/et_pb_text][et_pb_text _builder_version=&#8221;3.19&#8243;]<\/p>\n<h3 style=\"text-align: center;\">Ukoliko, <span style=\"color: #47a6c4;\">osim u\u017eivanja u prirodnim i ostalim blagodatima Murtera<\/span>, \u017eelite posjetiti i razgledati poznate nacionalne parkove i ostale prirodne znamenitosti ovog podneblja nude Vam se izleti<\/h3>\n<p>[\/et_pb_text][\/et_pb_column][\/et_pb_row][\/et_pb_section][et_pb_section fb_built=&#8221;1&#8243; _builder_version=&#8221;3.19&#8243; custom_padding=&#8221;0|0px|0|0px|false|false&#8221;][et_pb_row make_fullwidth=&#8221;on&#8221; use_custom_gutter=&#8221;on&#8221; gutter_width=&#8221;2&#8243; custom_padding=&#8221;0|0px|77px|0px|false|false&#8221; _builder_version=&#8221;3.19&#8243;][et_pb_column type=&#8221;1_3&#8243; _builder_version=&#8221;3.19&#8243; parallax=&#8221;off&#8221; parallax_method=&#8221;on&#8221;][et_pb_text _builder_version=&#8221;3.19&#8243;]<\/p>\n<h4><strong>kornati nacionalni park<\/strong><\/h4>\n<p>Teritorij Op\u0107ine Murter. Najvi\u0161e razvedenu oto\u010dnu skupinu na \u010ditavom Sredozemnom moru. Ona se sastoji od oko 140 nenastanjenih otoka, oto\u010di\u0107a i grebena s ukupnom povr\u0161inom od samo oko 70 kilometara kvadratnih. U neposrednoj blizini nacionalnog parka Kornati je jo\u0161 jedan za\u0161ti\u0107eni hrvatski dragulj &#8211; park prirode Tela\u0161\u0107ica, koji obuhva\u0107a \u0161iroku i duboku istoimenu uvalu na susjednom Dugom Otoku. Za Kornatsko oto\u010dje karakteristi\u010dne su razli\u010dito oblikovane, bizarne i neobi\u010dne reljefne strukture kao i njihove visoke strme morske obale.<\/p>\n<p>[\/et_pb_text][\/et_pb_column][et_pb_column type=&#8221;1_3&#8243; _builder_version=&#8221;3.19&#8243; parallax=&#8221;off&#8221; parallax_method=&#8221;on&#8221;][et_pb_text _builder_version=&#8221;3.19&#8243;]<\/p>\n<h4><strong>Krka Nacionalni Park\u00a0<\/strong><\/h4>\n<p>Krka je veli\u010danstvena rijeka hrvatskog kr\u0161kog podru\u010dja.\u00a0<br \/> Udaljenost od hotela iznosi 40 km. Nacionalni park je poznat po svojim brojnim vodopadima, koji su kao i Plitvi\u010dka jezera nastali talo\u017eenjem posebne vrsta vapnenca. Ovaj nacionalni park obuhva\u0107a najve\u0107i dio toka rijeke i to od povijesnog grada Knina, nedaleko od njenog izvora, do Skradina, gdje se rije\u010dno korito Krke po\u010dinje mijenjati u dugi i duboki morski zaljev. Rijeka djelomi\u010dno te\u010de kroz duboke kanjone, koji su se usjekli u kr\u0161ke visoravni i koji stvaraju vi\u0161e jezera, a prije svega i dva najve\u0107a i najljep\u0161a vodopada, Skradinski buk i Ro\u0161ki slap. Mali otok Visovac s franjeva\u010dkim samostanom je jo\u0161 jedan od vrhunaca na rijeci Krki.<\/p>\n<p>[\/et_pb_text][\/et_pb_column][et_pb_column type=&#8221;1_3&#8243; _builder_version=&#8221;3.19&#8243; parallax=&#8221;off&#8221; parallax_method=&#8221;on&#8221;][et_pb_text _builder_version=&#8221;3.19&#8243;]<\/p>\n<h4>rijeka Zrmanjai Krupa <b><br \/><\/b><\/h4>\n<p>Zrmanja i Krupa se zbog svoje \u010disto\u0107e, tople vode, spektakularnih kanjona i vodopada ubrajaju me\u0111u najljep\u0161e rijeke u Europi. Rijeka izme\u0111u Ka\u0161tela \u017degarskog i Mu\u0161kovca ima pak kratki rije\u010dni tok, ali jake padove i znatnu mo\u0107 vode. Ovdje se rije\u010dno korito uvijek iznova prekida barijerama od siga, iza kojih se redaju jezera, u \u010dijoj toploj vodi mo\u017eete zaplivati. U Zrmanji \u017eive pastrve, a na podru\u010dju u\u0161\u0107a rakovi, \u0161koljke i kamenice. Uz ove izlete mogu\u0107a je i posjeta seoskim doma\u0107instvima u \u0161ibenskom i zadarskom zale\u0111u. <\/p>\n<p>[\/et_pb_text][\/et_pb_column][\/et_pb_row][\/et_pb_section][et_pb_section fb_built=&#8221;1&#8243; _builder_version=&#8221;3.19&#8243; background_image=&#8221;https:\/\/colentum.com\/wp-content\/uploads\/2019\/07\/Plitvice2.jpg&#8221; parallax=&#8221;on&#8221; custom_padding=&#8221;54px|0px|245px|0px|false|false&#8221;][et_pb_row _builder_version=&#8221;3.19&#8243;][et_pb_column type=&#8221;4_4&#8243; _builder_version=&#8221;3.19&#8243; parallax=&#8221;off&#8221; parallax_method=&#8221;on&#8221;][\/et_pb_column][\/et_pb_row][\/et_pb_section][et_pb_section fb_built=&#8221;1&#8243; _builder_version=&#8221;3.19&#8243; custom_padding=&#8221;58px|0px|0|0px|false|false&#8221;][et_pb_row make_fullwidth=&#8221;on&#8221; use_custom_gutter=&#8221;on&#8221; gutter_width=&#8221;2&#8243; custom_padding=&#8221;0|0px|77px|0px|false|false&#8221; _builder_version=&#8221;3.19&#8243;][et_pb_column type=&#8221;1_3&#8243; _builder_version=&#8221;3.19&#8243; parallax=&#8221;off&#8221; parallax_method=&#8221;on&#8221;][et_pb_text _builder_version=&#8221;3.19&#8243;]<\/p>\n<h4>nacionalni park plitvi\u010dka jezera<b> <br \/><\/b><\/h4>\n<p>Plitvi\u010dka jezera se nalaze izme\u0111u planinskih lanaca Mala Kapela i Plje\u0161evica u Lici (oko 160 km od hotela). Plitvi\u010dka jezera su ve\u0107 1949. god. progla\u0161ena nacionalnim parkom, a 1973. god. UNESCO ih je proglasio svjetskim kulturnim naslje\u0111em.\u00a0<\/p>\n<p>Glavno mjesto koje privla\u010di u jedinstvenom parku na svijetu je 16 malih jezera, koji su povezani vodopadima. Jezera su nastala talo\u017eenjem posebne vrste vapnenca.<\/p>\n<p>Park obuhva\u0107a izvori\u0161te rijeke Korane i okru\u017een je gustim bukovim, jelovim i smrekovim \u0161umama. Osim jezera i \u0161uma park ukra\u0161ava i vi\u0161e \u0161pilja, izvora i cvjetnih livada, a me\u0111u mnogobrojnim rijetkim \u017eivotinjskim vrstama, koje su ovdje kod ku\u0107e, najpoznatija je rijetki mrki medvjed.\u00a0 <\/p>\n<p>[\/et_pb_text][\/et_pb_column][et_pb_column type=&#8221;1_3&#8243; _builder_version=&#8221;3.19&#8243; parallax=&#8221;off&#8221; parallax_method=&#8221;on&#8221;][et_pb_text _builder_version=&#8221;3.19&#8243;]<\/p>\n<h4>nacionalni park paklenica<\/h4>\n<p>Nalazi se na podru\u010dju ju\u017enog Velebita. Udaljenost od hotela iznosi 80 km. Sastoji se od dva u planini usje\u010dena procjepa, mala i velika Paklenica. Podru\u010dje Nacionalnog parka bogato je raznovrsnim reljefnim oblicima (\u0161pilje, Ani\u0107a kuk), florom i faunom.<\/p>\n<p>[\/et_pb_text][\/et_pb_column][et_pb_column type=&#8221;1_3&#8243; _builder_version=&#8221;3.19&#8243; parallax=&#8221;off&#8221; parallax_method=&#8221;on&#8221;][\/et_pb_column][\/et_pb_row][\/et_pb_section][et_pb_section fb_built=&#8221;1&#8243; _builder_version=&#8221;3.19&#8243; custom_padding=&#8221;0|0px|0|0px|false|false&#8221; saved_tabs=&#8221;all&#8221; global_module=&#8221;546&#8243;][et_pb_row make_fullwidth=&#8221;on&#8221; use_custom_gutter=&#8221;on&#8221; gutter_width=&#8221;1&#8243; custom_padding=&#8221;50px|0px|50px|0px|false|false&#8221; make_equal=&#8221;on&#8221; background_color_2=&#8221;#f4f4f4&#8243; bg_img_1=&#8221;https:\/\/colentum.com\/wp-content\/uploads\/2019\/07\/Hotel-Colentum-Murter60.jpg&#8221; padding_top_bottom_link_2=&#8221;true&#8221; padding_left_right_link_2=&#8221;true&#8221; padding_top_2=&#8221;50px&#8221; padding_right_2=&#8221;50px&#8221; padding_bottom_2=&#8221;50px&#8221; padding_left_2=&#8221;50px&#8221; _builder_version=&#8221;3.19&#8243; module_alignment=&#8221;right&#8221;][et_pb_column type=&#8221;1_3&#8243; _builder_version=&#8221;3.19&#8243; bg_img=&#8221;https:\/\/colentum.com\/wp-content\/uploads\/2019\/07\/Hotel-Colentum-Murter60.jpg&#8221; parallax=&#8221;off&#8221; parallax_method=&#8221;on&#8221;][\/et_pb_column][et_pb_column type=&#8221;2_3&#8243; _builder_version=&#8221;3.19&#8243; padding_bottom=&#8221;50px&#8221; padding_left=&#8221;50px&#8221; padding_right=&#8221;50px&#8221; padding_top=&#8221;50px&#8221; background_color=&#8221;#f4f4f4&#8243; parallax=&#8221;off&#8221; parallax_method=&#8221;on&#8221;][et_pb_text _builder_version=&#8221;3.19&#8243;]<\/p>\n<h4>ISTRA\u017dI SOBE<\/h4>\n<h2><span class=\"tlid-translation translation\" lang=\"sl\"><span title=\"\" class=\"\">Izberite svoj najdra\u017ei tip sobe<\/span><\/span><\/h2>\n<p>[\/et_pb_text][et_pb_button button_url=&#8221;https:\/\/colentum.com\/rooms&#8221; button_text=&#8221;Izberite sobu&#8221; _builder_version=&#8221;3.19&#8243;][\/et_pb_button][\/et_pb_column][\/et_pb_row][\/et_pb_section][et_pb_section fb_built=&#8221;1&#8243; _builder_version=&#8221;3.19&#8243; saved_tabs=&#8221;all&#8221; global_module=&#8221;547&#8243;][et_pb_row _builder_version=&#8221;3.19&#8243;][et_pb_column type=&#8221;1_3&#8243; _builder_version=&#8221;3.19&#8243; parallax=&#8221;off&#8221; parallax_method=&#8221;on&#8221;][et_pb_text _builder_version=&#8221;3.19&#8243;]<\/p>\n<h3>KONTAKT<\/h3>\n<p>A: <span class=\"LrzXr\">Put Slanice bb, 22243, Murter<\/span><br \/>T: 00385 22 338 578<br \/> E: <a class=\"menuLink\" href=\"mailto:booking@colentum.com\">booking@colentum.com<\/a><\/p>\n<p>[\/et_pb_text][et_pb_button button_url=&#8221;https:\/\/goo.gl\/maps\/m6FMAFrDfTG8tjvAA&#8221; url_new_window=&#8221;on&#8221; button_text=&#8221;OTVORI KARTU&#8221; _builder_version=&#8221;3.19&#8243;][\/et_pb_button][\/et_pb_column][et_pb_column type=&#8221;1_3&#8243; _builder_version=&#8221;3.19&#8243; parallax=&#8221;off&#8221; parallax_method=&#8221;on&#8221;][\/et_pb_column][et_pb_column type=&#8221;1_3&#8243; _builder_version=&#8221;3.19&#8243; parallax=&#8221;off&#8221; parallax_method=&#8221;on&#8221;][et_pb_image src=&#8221;https:\/\/colentum.com\/wp-content\/uploads\/2019\/07\/logo.png&#8221; always_center_on_mobile=&#8221;off&#8221; disabled_on=&#8221;on|on|off&#8221; _builder_version=&#8221;3.19&#8243; max_width=&#8221;58%&#8221; module_alignment=&#8221;center&#8221;][\/et_pb_image][\/et_pb_column][\/et_pb_row][\/et_pb_section]<\/p>\n","protected":false},"excerpt":{"rendered":"<p>izletiUkoliko, osim u\u017eivanja u prirodnim i ostalim blagodatima Murtera, \u017eelite posjetiti i razgledati poznate nacionalne parkove i ostale prirodne znamenitosti ovog podneblja nude Vam se izletikornati nacionalni park Teritorij Op\u0107ine Murter. Najvi\u0161e razvedenu oto\u010dnu skupinu na \u010ditavom Sredozemnom moru. Ona se sastoji od oko 140 nenastanjenih otoka, oto\u010di\u0107a i grebena s ukupnom povr\u0161inom od samo [&hellip;]<\/p>\n","protected":false},"author":1,"featured_media":520,"parent":0,"menu_order":0,"comment_status":"closed","ping_status":"closed","template":"","meta":{"_et_pb_use_builder":"on","_et_pb_old_content":"","_et_gb_content_width":"","footnotes":""},"class_list":["post-609","page","type-page","status-publish","has-post-thumbnail","hentry"],"yoast_head":"<!-- This site is optimized with the Yoast SEO plugin v24.4 - https:\/\/yoast.com\/wordpress\/plugins\/seo\/ -->\n<title>Trips - Ideal location for exploring the gems od Dalmatia<\/title>\n<meta name=\"description\" content=\"Colentum Resort Murter offers an ideal location for exploring natural and cultural wealth of the island Murter or National park Kornati.\" \/>\n<meta name=\"robots\" content=\"index, follow, max-snippet:-1, max-image-preview:large, max-video-preview:-1\" \/>\n<link rel=\"canonical\" href=\"https:\/\/colentum.com\/trips\/\" \/>\n<meta property=\"og:locale\" content=\"hr_HR\" \/>\n<meta property=\"og:type\" content=\"article\" \/>\n<meta property=\"og:title\" content=\"Trips - Ideal location for exploring the gems od Dalmatia\" \/>\n<meta property=\"og:description\" content=\"Colentum Resort Murter offers an ideal location for exploring natural and cultural wealth of the island Murter or National park Kornati.\" \/>\n<meta property=\"og:url\" content=\"https:\/\/colentum.com\/trips\/\" \/>\n<meta property=\"og:site_name\" content=\"Colentum Resort Murter - Hotel Jager\" \/>\n<meta property=\"article:modified_time\" content=\"2019-08-06T19:51:30+00:00\" \/>\n<meta property=\"og:image\" content=\"https:\/\/colentum.com\/wp-content\/uploads\/2019\/07\/Plitvice2.jpg\" \/>\n\t<meta property=\"og:image:width\" content=\"1024\" \/>\n\t<meta property=\"og:image:height\" content=\"768\" \/>\n\t<meta property=\"og:image:type\" content=\"image\/jpeg\" \/>\n<meta name=\"twitter:card\" content=\"summary_large_image\" \/>\n<meta name=\"twitter:label1\" content=\"Procijenjeno vrijeme \u010ditanja\" \/>\n\t<meta name=\"twitter:data1\" content=\"6 minuta\" \/>\n<script type=\"application\/ld+json\" class=\"yoast-schema-graph\">{\"@context\":\"https:\/\/schema.org\",\"@graph\":[{\"@type\":\"WebPage\",\"@id\":\"https:\/\/colentum.com\/trips\/\",\"url\":\"https:\/\/colentum.com\/trips\/\",\"name\":\"Trips - Ideal location for exploring the gems od Dalmatia\",\"isPartOf\":{\"@id\":\"https:\/\/colentum.com\/#website\"},\"primaryImageOfPage\":{\"@id\":\"https:\/\/colentum.com\/trips\/#primaryimage\"},\"image\":{\"@id\":\"https:\/\/colentum.com\/trips\/#primaryimage\"},\"thumbnailUrl\":\"https:\/\/colentum.com\/wp-content\/uploads\/2019\/07\/Plitvice2.jpg\",\"datePublished\":\"2019-07-28T14:10:01+00:00\",\"dateModified\":\"2019-08-06T19:51:30+00:00\",\"description\":\"Colentum Resort Murter offers an ideal location for exploring natural and cultural wealth of the island Murter or National park Kornati.\",\"breadcrumb\":{\"@id\":\"https:\/\/colentum.com\/trips\/#breadcrumb\"},\"inLanguage\":\"hr\",\"potentialAction\":[{\"@type\":\"ReadAction\",\"target\":[\"https:\/\/colentum.com\/trips\/\"]}]},{\"@type\":\"ImageObject\",\"inLanguage\":\"hr\",\"@id\":\"https:\/\/colentum.com\/trips\/#primaryimage\",\"url\":\"https:\/\/colentum.com\/wp-content\/uploads\/2019\/07\/Plitvice2.jpg\",\"contentUrl\":\"https:\/\/colentum.com\/wp-content\/uploads\/2019\/07\/Plitvice2.jpg\",\"width\":1024,\"height\":768},{\"@type\":\"BreadcrumbList\",\"@id\":\"https:\/\/colentum.com\/trips\/#breadcrumb\",\"itemListElement\":[{\"@type\":\"ListItem\",\"position\":1,\"name\":\"Home\",\"item\":\"https:\/\/colentum.com\/hr\/\"},{\"@type\":\"ListItem\",\"position\":2,\"name\":\"Izleti\"}]},{\"@type\":\"WebSite\",\"@id\":\"https:\/\/colentum.com\/#website\",\"url\":\"https:\/\/colentum.com\/\",\"name\":\"Colentum Resort Murter - Hotel Jager\",\"description\":\"Your favourite destination on Murter\",\"potentialAction\":[{\"@type\":\"SearchAction\",\"target\":{\"@type\":\"EntryPoint\",\"urlTemplate\":\"https:\/\/colentum.com\/?s={search_term_string}\"},\"query-input\":{\"@type\":\"PropertyValueSpecification\",\"valueRequired\":true,\"valueName\":\"search_term_string\"}}],\"inLanguage\":\"hr\"}]}<\/script>\n<!-- \/ Yoast SEO plugin. -->","yoast_head_json":{"title":"Trips - Ideal location for exploring the gems od Dalmatia","description":"Colentum Resort Murter offers an ideal location for exploring natural and cultural wealth of the island Murter or National park Kornati.","robots":{"index":"index","follow":"follow","max-snippet":"max-snippet:-1","max-image-preview":"max-image-preview:large","max-video-preview":"max-video-preview:-1"},"canonical":"https:\/\/colentum.com\/trips\/","og_locale":"hr_HR","og_type":"article","og_title":"Trips - Ideal location for exploring the gems od Dalmatia","og_description":"Colentum Resort Murter offers an ideal location for exploring natural and cultural wealth of the island Murter or National park Kornati.","og_url":"https:\/\/colentum.com\/trips\/","og_site_name":"Colentum Resort Murter - Hotel Jager","article_modified_time":"2019-08-06T19:51:30+00:00","og_image":[{"width":1024,"height":768,"url":"https:\/\/colentum.com\/wp-content\/uploads\/2019\/07\/Plitvice2.jpg","type":"image\/jpeg"}],"twitter_card":"summary_large_image","twitter_misc":{"Procijenjeno vrijeme \u010ditanja":"6 minuta"},"schema":{"@context":"https:\/\/schema.org","@graph":[{"@type":"WebPage","@id":"https:\/\/colentum.com\/trips\/","url":"https:\/\/colentum.com\/trips\/","name":"Trips - Ideal location for exploring the gems od Dalmatia","isPartOf":{"@id":"https:\/\/colentum.com\/#website"},"primaryImageOfPage":{"@id":"https:\/\/colentum.com\/trips\/#primaryimage"},"image":{"@id":"https:\/\/colentum.com\/trips\/#primaryimage"},"thumbnailUrl":"https:\/\/colentum.com\/wp-content\/uploads\/2019\/07\/Plitvice2.jpg","datePublished":"2019-07-28T14:10:01+00:00","dateModified":"2019-08-06T19:51:30+00:00","description":"Colentum Resort Murter offers an ideal location for exploring natural and cultural wealth of the island Murter or National park Kornati.","breadcrumb":{"@id":"https:\/\/colentum.com\/trips\/#breadcrumb"},"inLanguage":"hr","potentialAction":[{"@type":"ReadAction","target":["https:\/\/colentum.com\/trips\/"]}]},{"@type":"ImageObject","inLanguage":"hr","@id":"https:\/\/colentum.com\/trips\/#primaryimage","url":"https:\/\/colentum.com\/wp-content\/uploads\/2019\/07\/Plitvice2.jpg","contentUrl":"https:\/\/colentum.com\/wp-content\/uploads\/2019\/07\/Plitvice2.jpg","width":1024,"height":768},{"@type":"BreadcrumbList","@id":"https:\/\/colentum.com\/trips\/#breadcrumb","itemListElement":[{"@type":"ListItem","position":1,"name":"Home","item":"https:\/\/colentum.com\/hr\/"},{"@type":"ListItem","position":2,"name":"Izleti"}]},{"@type":"WebSite","@id":"https:\/\/colentum.com\/#website","url":"https:\/\/colentum.com\/","name":"Colentum Resort Murter - Hotel Jager","description":"Your favourite destination on Murter","potentialAction":[{"@type":"SearchAction","target":{"@type":"EntryPoint","urlTemplate":"https:\/\/colentum.com\/?s={search_term_string}"},"query-input":{"@type":"PropertyValueSpecification","valueRequired":true,"valueName":"search_term_string"}}],"inLanguage":"hr"}]}},"_links":{"self":[{"href":"https:\/\/colentum.com\/hr\/wp-json\/wp\/v2\/pages\/609","targetHints":{"allow":["GET"]}}],"collection":[{"href":"https:\/\/colentum.com\/hr\/wp-json\/wp\/v2\/pages"}],"about":[{"href":"https:\/\/colentum.com\/hr\/wp-json\/wp\/v2\/types\/page"}],"author":[{"embeddable":true,"href":"https:\/\/colentum.com\/hr\/wp-json\/wp\/v2\/users\/1"}],"replies":[{"embeddable":true,"href":"https:\/\/colentum.com\/hr\/wp-json\/wp\/v2\/comments?post=609"}],"version-history":[{"count":3,"href":"https:\/\/colentum.com\/hr\/wp-json\/wp\/v2\/pages\/609\/revisions"}],"predecessor-version":[{"id":614,"href":"https:\/\/colentum.com\/hr\/wp-json\/wp\/v2\/pages\/609\/revisions\/614"}],"wp:featuredmedia":[{"embeddable":true,"href":"https:\/\/colentum.com\/hr\/wp-json\/wp\/v2\/media\/520"}],"wp:attachment":[{"href":"https:\/\/colentum.com\/hr\/wp-json\/wp\/v2\/media?parent=609"}],"curies":[{"name":"wp","href":"https:\/\/api.w.org\/{rel}","templated":true}]}}