{"id":618,"date":"2019-07-28T13:37:48","date_gmt":"2019-07-28T13:37:48","guid":{"rendered":"http:\/\/colentum.com\/water-sports\/"},"modified":"2019-08-06T20:04:10","modified_gmt":"2019-08-06T20:04:10","slug":"vodeni-sportovi","status":"publish","type":"page","link":"https:\/\/colentum.com\/hr\/vodeni-sportovi\/","title":{"rendered":"Vodeni sportovi"},"content":{"rendered":"<p>[et_pb_section fb_built=&#8221;1&#8243; _builder_version=&#8221;3.19&#8243;][et_pb_row _builder_version=&#8221;3.19&#8243;][et_pb_column type=&#8221;4_4&#8243; _builder_version=&#8221;3.19&#8243; parallax=&#8221;off&#8221; parallax_method=&#8221;on&#8221;][et_pb_text _builder_version=&#8221;3.19&#8243;]<\/p>\n<h1 style=\"text-align: center;\">vodeni sportovi<\/h1>\n<p>[\/et_pb_text][et_pb_text _builder_version=&#8221;3.19&#8243;]<\/p>\n<h3 style=\"text-align: center;\">upoznajte avanturu i <span style=\"color: #47a6c4;\">nova morska uzbu\u0111enja<br \/><\/span><\/h3>\n<p>[\/et_pb_text][\/et_pb_column][\/et_pb_row][\/et_pb_section][et_pb_section fb_built=&#8221;1&#8243; _builder_version=&#8221;3.19&#8243; custom_padding=&#8221;0|0px|0|0px|false|false&#8221;][et_pb_row make_fullwidth=&#8221;on&#8221; use_custom_gutter=&#8221;on&#8221; gutter_width=&#8221;2&#8243; custom_padding=&#8221;0|0px|26.4333px|0px|false|false&#8221; _builder_version=&#8221;3.19&#8243;][et_pb_column type=&#8221;1_3&#8243; _builder_version=&#8221;3.19&#8243; parallax=&#8221;off&#8221; parallax_method=&#8221;on&#8221;][et_pb_image src=&#8221;https:\/\/colentum.com\/wp-content\/uploads\/2019\/07\/Hotel-Colentum-Murter26.jpg&#8221; _builder_version=&#8221;3.19&#8243;][\/et_pb_image][\/et_pb_column][et_pb_column type=&#8221;1_3&#8243; _builder_version=&#8221;3.19&#8243; parallax=&#8221;off&#8221; parallax_method=&#8221;on&#8221;][et_pb_image src=&#8221;https:\/\/colentum.com\/wp-content\/uploads\/2019\/07\/Hotel-Colentum-Murter23.jpg&#8221; _builder_version=&#8221;3.19&#8243;][\/et_pb_image][\/et_pb_column][et_pb_column type=&#8221;1_3&#8243; _builder_version=&#8221;3.19&#8243; parallax=&#8221;off&#8221; parallax_method=&#8221;on&#8221;][et_pb_image src=&#8221;https:\/\/colentum.com\/wp-content\/uploads\/2019\/07\/Hotel-Colentum-Murter21.jpg&#8221; _builder_version=&#8221;3.19&#8243;][\/et_pb_image][\/et_pb_column][\/et_pb_row][et_pb_row _builder_version=&#8221;3.19&#8243;][et_pb_column type=&#8221;4_4&#8243; _builder_version=&#8221;3.19&#8243; parallax=&#8221;off&#8221; parallax_method=&#8221;on&#8221;][et_pb_text _builder_version=&#8221;3.19&#8243;]<\/p>\n<p style=\"text-align: center;\">Veliki broj sun\u010danih dana, blaga klima i raznolikost vjetrova, pru\u017eaju idealne uvjete za aktivni odmor i bavljenje razli\u010ditim sportovima kako na moru tako i na kopnu. Osim hotelske, mo\u017eete koristitit i bogatu sportsku ponudu mjesta i cijelog otoka. U neposrednoj blizini hotela su teniski tereni, a na pla\u017ei su Vam na raspolaganju pedaline, akvagan, skuteri, skijanje na moru. U mjestu mo\u017eete iznajmiti barke i glisere, te se oku\u0161ati u ribolovu.\u00a0 <\/p>\n<p>[\/et_pb_text][\/et_pb_column][\/et_pb_row][\/et_pb_section][et_pb_section fb_built=&#8221;1&#8243; _builder_version=&#8221;3.19&#8243;][et_pb_row _builder_version=&#8221;3.19&#8243;][et_pb_column type=&#8221;1_3&#8243; _builder_version=&#8221;3.19&#8243; parallax=&#8221;off&#8221; parallax_method=&#8221;on&#8221;][et_pb_text _builder_version=&#8221;3.19&#8243;]<\/p>\n<h3>jedrenje<b><br \/><\/b><\/h3>\n<p>Na otoku Murteru nalaze se tri marine (Murter, Betina, Jezera), s vi\u0161e od 1500 jahti, u sastavu kojih posluju charter poduze\u0107a, koja, osim iznajmljivanja brodova, organiziraju i \u0161kole jedrenja, flotilna jedrenja, regate&#8230;<\/p>\n<p>[\/et_pb_text][\/et_pb_column][et_pb_column type=&#8221;1_3&#8243; _builder_version=&#8221;3.19&#8243; parallax=&#8221;off&#8221; parallax_method=&#8221;on&#8221;][et_pb_text _builder_version=&#8221;3.19&#8243;]<\/p>\n<h3>ronjenje<b><br \/><\/b><\/h3>\n<p>Posebno u Murteru, a i u drugim mjestima na otoku, organizirano i uspje\u0161no djeluju ronila\u010dki centri.<\/p>\n<p>[\/et_pb_text][\/et_pb_column][et_pb_column type=&#8221;1_3&#8243; _builder_version=&#8221;3.19&#8243; parallax=&#8221;off&#8221; parallax_method=&#8221;on&#8221;][et_pb_text _builder_version=&#8221;3.19&#8243;]<\/p>\n<h3>ribolov<b><br \/><\/b><\/h3>\n<p>Ovdje je ribolov tradicija, od udi\u010darenja do ribolova mre\u017eama, a u novije vrijeme lova na tune. Uz malo sre\u0107e, mo\u017eete nai\u0107i na doma\u0107ina koji \u0107e Vas povesti &#8220;na mri\u017ee&#8221; a ako ne, uzmite svoju udicu i na\u0111ite pogodno mjesto. \u017delimo Vam dobar ulov!<\/p>\n<p>[\/et_pb_text][\/et_pb_column][\/et_pb_row][\/et_pb_section][et_pb_section fb_built=&#8221;1&#8243; _builder_version=&#8221;3.19&#8243; background_image=&#8221;https:\/\/colentum.com\/wp-content\/uploads\/2019\/07\/pexels-photo-1223648.jpeg&#8221; custom_padding=&#8221;54px|0px|291px|0px|false|false&#8221;][et_pb_row _builder_version=&#8221;3.19&#8243;][et_pb_column type=&#8221;4_4&#8243; _builder_version=&#8221;3.19&#8243; parallax=&#8221;off&#8221; parallax_method=&#8221;on&#8221;][\/et_pb_column][\/et_pb_row][\/et_pb_section][et_pb_section fb_built=&#8221;1&#8243; _builder_version=&#8221;3.19&#8243; custom_padding=&#8221;0|0px|0|0px|false|false&#8221; saved_tabs=&#8221;all&#8221; global_module=&#8221;546&#8243;][et_pb_row make_fullwidth=&#8221;on&#8221; use_custom_gutter=&#8221;on&#8221; gutter_width=&#8221;1&#8243; custom_padding=&#8221;50px|0px|50px|0px|false|false&#8221; make_equal=&#8221;on&#8221; background_color_2=&#8221;#f4f4f4&#8243; bg_img_1=&#8221;https:\/\/colentum.com\/wp-content\/uploads\/2019\/07\/Hotel-Colentum-Murter60.jpg&#8221; padding_top_bottom_link_2=&#8221;true&#8221; padding_left_right_link_2=&#8221;true&#8221; padding_top_2=&#8221;50px&#8221; padding_right_2=&#8221;50px&#8221; padding_bottom_2=&#8221;50px&#8221; padding_left_2=&#8221;50px&#8221; _builder_version=&#8221;3.19&#8243; module_alignment=&#8221;right&#8221;][et_pb_column type=&#8221;1_3&#8243; _builder_version=&#8221;3.19&#8243; bg_img=&#8221;https:\/\/colentum.com\/wp-content\/uploads\/2019\/07\/Hotel-Colentum-Murter60.jpg&#8221; parallax=&#8221;off&#8221; parallax_method=&#8221;on&#8221;][\/et_pb_column][et_pb_column type=&#8221;2_3&#8243; _builder_version=&#8221;3.19&#8243; padding_bottom=&#8221;50px&#8221; padding_left=&#8221;50px&#8221; padding_right=&#8221;50px&#8221; padding_top=&#8221;50px&#8221; background_color=&#8221;#f4f4f4&#8243; parallax=&#8221;off&#8221; parallax_method=&#8221;on&#8221;][et_pb_text _builder_version=&#8221;3.19&#8243;]<\/p>\n<h4>ISTRA\u017dI SOBE<\/h4>\n<h2><span class=\"tlid-translation translation\" lang=\"sl\"><span title=\"\" class=\"\">Izberite svoj najdra\u017ei tip sobe<\/span><\/span><\/h2>\n<p>[\/et_pb_text][et_pb_button button_url=&#8221;https:\/\/colentum.com\/rooms&#8221; button_text=&#8221;Izberite sobu&#8221; _builder_version=&#8221;3.19&#8243;][\/et_pb_button][\/et_pb_column][\/et_pb_row][\/et_pb_section][et_pb_section fb_built=&#8221;1&#8243; _builder_version=&#8221;3.19&#8243; saved_tabs=&#8221;all&#8221; global_module=&#8221;547&#8243;][et_pb_row _builder_version=&#8221;3.19&#8243;][et_pb_column type=&#8221;1_3&#8243; _builder_version=&#8221;3.19&#8243; parallax=&#8221;off&#8221; parallax_method=&#8221;on&#8221;][et_pb_text _builder_version=&#8221;3.19&#8243;]<\/p>\n<h3>KONTAKT<\/h3>\n<p>A: <span class=\"LrzXr\">Put Slanice bb, 22243, Murter<\/span><br \/>T: 00385 22 338 578<br \/> E: <a class=\"menuLink\" href=\"mailto:booking@colentum.com\">booking@colentum.com<\/a><\/p>\n<p>[\/et_pb_text][et_pb_button button_url=&#8221;https:\/\/goo.gl\/maps\/m6FMAFrDfTG8tjvAA&#8221; url_new_window=&#8221;on&#8221; button_text=&#8221;OTVORI KARTU&#8221; _builder_version=&#8221;3.19&#8243;][\/et_pb_button][\/et_pb_column][et_pb_column type=&#8221;1_3&#8243; _builder_version=&#8221;3.19&#8243; parallax=&#8221;off&#8221; parallax_method=&#8221;on&#8221;][\/et_pb_column][et_pb_column type=&#8221;1_3&#8243; _builder_version=&#8221;3.19&#8243; parallax=&#8221;off&#8221; parallax_method=&#8221;on&#8221;][et_pb_image src=&#8221;https:\/\/colentum.com\/wp-content\/uploads\/2019\/07\/logo.png&#8221; always_center_on_mobile=&#8221;off&#8221; disabled_on=&#8221;on|on|off&#8221; _builder_version=&#8221;3.19&#8243; max_width=&#8221;58%&#8221; module_alignment=&#8221;center&#8221;][\/et_pb_image][\/et_pb_column][\/et_pb_row][\/et_pb_section]<\/p>\n","protected":false},"excerpt":{"rendered":"<p>vodeni sportoviupoznajte avanturu i nova morska uzbu\u0111enjaVeliki broj sun\u010danih dana, blaga klima i raznolikost vjetrova, pru\u017eaju idealne uvjete za aktivni odmor i bavljenje razli\u010ditim sportovima kako na moru tako i na kopnu. Osim hotelske, mo\u017eete koristitit i bogatu sportsku ponudu mjesta i cijelog otoka. U neposrednoj blizini hotela su teniski tereni, a na pla\u017ei su [&hellip;]<\/p>\n","protected":false},"author":1,"featured_media":512,"parent":0,"menu_order":0,"comment_status":"closed","ping_status":"closed","template":"","meta":{"_et_pb_use_builder":"on","_et_pb_old_content":"","_et_gb_content_width":"","footnotes":""},"class_list":["post-618","page","type-page","status-publish","has-post-thumbnail","hentry"],"yoast_head":"<!-- This site is optimized with the Yoast SEO plugin v24.4 - https:\/\/yoast.com\/wordpress\/plugins\/seo\/ -->\n<title>Water sports - Adventures in the crystal blue sea<\/title>\n<meta name=\"description\" content=\"Murter offers rich sport possibilities. You can rent boats, power boats, jet-skis, sups, or you can just dive in to the deep blue see and have an awesome time.\" \/>\n<meta name=\"robots\" content=\"index, follow, max-snippet:-1, max-image-preview:large, max-video-preview:-1\" \/>\n<link rel=\"canonical\" href=\"https:\/\/colentum.com\/water-sports\/\" \/>\n<meta property=\"og:locale\" content=\"hr_HR\" \/>\n<meta property=\"og:type\" content=\"article\" \/>\n<meta property=\"og:title\" content=\"Water sports - Adventures in the crystal blue sea\" \/>\n<meta property=\"og:description\" content=\"Murter offers rich sport possibilities. You can rent boats, power boats, jet-skis, sups, or you can just dive in to the deep blue see and have an awesome time.\" \/>\n<meta property=\"og:url\" content=\"https:\/\/colentum.com\/water-sports\/\" \/>\n<meta property=\"og:site_name\" content=\"Colentum Resort Murter - Hotel Jager\" \/>\n<meta property=\"article:modified_time\" content=\"2019-08-06T20:04:10+00:00\" \/>\n<meta property=\"og:image\" content=\"https:\/\/colentum.com\/wp-content\/uploads\/2019\/07\/pexels-photo-1223648.jpeg\" \/>\n\t<meta property=\"og:image:width\" content=\"1800\" \/>\n\t<meta property=\"og:image:height\" content=\"2250\" \/>\n\t<meta property=\"og:image:type\" content=\"image\/jpeg\" \/>\n<meta name=\"twitter:card\" content=\"summary_large_image\" \/>\n<meta name=\"twitter:label1\" content=\"Procijenjeno vrijeme \u010ditanja\" \/>\n\t<meta name=\"twitter:data1\" content=\"4 minute\" \/>\n<script type=\"application\/ld+json\" class=\"yoast-schema-graph\">{\"@context\":\"https:\/\/schema.org\",\"@graph\":[{\"@type\":\"WebPage\",\"@id\":\"https:\/\/colentum.com\/water-sports\/\",\"url\":\"https:\/\/colentum.com\/water-sports\/\",\"name\":\"Water sports - Adventures in the crystal blue sea\",\"isPartOf\":{\"@id\":\"https:\/\/colentum.com\/#website\"},\"primaryImageOfPage\":{\"@id\":\"https:\/\/colentum.com\/water-sports\/#primaryimage\"},\"image\":{\"@id\":\"https:\/\/colentum.com\/water-sports\/#primaryimage\"},\"thumbnailUrl\":\"https:\/\/colentum.com\/wp-content\/uploads\/2019\/07\/pexels-photo-1223648.jpeg\",\"datePublished\":\"2019-07-28T13:37:48+00:00\",\"dateModified\":\"2019-08-06T20:04:10+00:00\",\"description\":\"Murter offers rich sport possibilities. You can rent boats, power boats, jet-skis, sups, or you can just dive in to the deep blue see and have an awesome time.\",\"breadcrumb\":{\"@id\":\"https:\/\/colentum.com\/water-sports\/#breadcrumb\"},\"inLanguage\":\"hr\",\"potentialAction\":[{\"@type\":\"ReadAction\",\"target\":[\"https:\/\/colentum.com\/water-sports\/\"]}]},{\"@type\":\"ImageObject\",\"inLanguage\":\"hr\",\"@id\":\"https:\/\/colentum.com\/water-sports\/#primaryimage\",\"url\":\"https:\/\/colentum.com\/wp-content\/uploads\/2019\/07\/pexels-photo-1223648.jpeg\",\"contentUrl\":\"https:\/\/colentum.com\/wp-content\/uploads\/2019\/07\/pexels-photo-1223648.jpeg\",\"width\":1800,\"height\":2250},{\"@type\":\"BreadcrumbList\",\"@id\":\"https:\/\/colentum.com\/water-sports\/#breadcrumb\",\"itemListElement\":[{\"@type\":\"ListItem\",\"position\":1,\"name\":\"Home\",\"item\":\"https:\/\/colentum.com\/hr\/\"},{\"@type\":\"ListItem\",\"position\":2,\"name\":\"Vodeni sportovi\"}]},{\"@type\":\"WebSite\",\"@id\":\"https:\/\/colentum.com\/#website\",\"url\":\"https:\/\/colentum.com\/\",\"name\":\"Colentum Resort Murter - Hotel Jager\",\"description\":\"Your favourite destination on Murter\",\"potentialAction\":[{\"@type\":\"SearchAction\",\"target\":{\"@type\":\"EntryPoint\",\"urlTemplate\":\"https:\/\/colentum.com\/?s={search_term_string}\"},\"query-input\":{\"@type\":\"PropertyValueSpecification\",\"valueRequired\":true,\"valueName\":\"search_term_string\"}}],\"inLanguage\":\"hr\"}]}<\/script>\n<!-- \/ Yoast SEO plugin. -->","yoast_head_json":{"title":"Water sports - Adventures in the crystal blue sea","description":"Murter offers rich sport possibilities. You can rent boats, power boats, jet-skis, sups, or you can just dive in to the deep blue see and have an awesome time.","robots":{"index":"index","follow":"follow","max-snippet":"max-snippet:-1","max-image-preview":"max-image-preview:large","max-video-preview":"max-video-preview:-1"},"canonical":"https:\/\/colentum.com\/water-sports\/","og_locale":"hr_HR","og_type":"article","og_title":"Water sports - Adventures in the crystal blue sea","og_description":"Murter offers rich sport possibilities. You can rent boats, power boats, jet-skis, sups, or you can just dive in to the deep blue see and have an awesome time.","og_url":"https:\/\/colentum.com\/water-sports\/","og_site_name":"Colentum Resort Murter - Hotel Jager","article_modified_time":"2019-08-06T20:04:10+00:00","og_image":[{"width":1800,"height":2250,"url":"https:\/\/colentum.com\/wp-content\/uploads\/2019\/07\/pexels-photo-1223648.jpeg","type":"image\/jpeg"}],"twitter_card":"summary_large_image","twitter_misc":{"Procijenjeno vrijeme \u010ditanja":"4 minute"},"schema":{"@context":"https:\/\/schema.org","@graph":[{"@type":"WebPage","@id":"https:\/\/colentum.com\/water-sports\/","url":"https:\/\/colentum.com\/water-sports\/","name":"Water sports - Adventures in the crystal blue sea","isPartOf":{"@id":"https:\/\/colentum.com\/#website"},"primaryImageOfPage":{"@id":"https:\/\/colentum.com\/water-sports\/#primaryimage"},"image":{"@id":"https:\/\/colentum.com\/water-sports\/#primaryimage"},"thumbnailUrl":"https:\/\/colentum.com\/wp-content\/uploads\/2019\/07\/pexels-photo-1223648.jpeg","datePublished":"2019-07-28T13:37:48+00:00","dateModified":"2019-08-06T20:04:10+00:00","description":"Murter offers rich sport possibilities. You can rent boats, power boats, jet-skis, sups, or you can just dive in to the deep blue see and have an awesome time.","breadcrumb":{"@id":"https:\/\/colentum.com\/water-sports\/#breadcrumb"},"inLanguage":"hr","potentialAction":[{"@type":"ReadAction","target":["https:\/\/colentum.com\/water-sports\/"]}]},{"@type":"ImageObject","inLanguage":"hr","@id":"https:\/\/colentum.com\/water-sports\/#primaryimage","url":"https:\/\/colentum.com\/wp-content\/uploads\/2019\/07\/pexels-photo-1223648.jpeg","contentUrl":"https:\/\/colentum.com\/wp-content\/uploads\/2019\/07\/pexels-photo-1223648.jpeg","width":1800,"height":2250},{"@type":"BreadcrumbList","@id":"https:\/\/colentum.com\/water-sports\/#breadcrumb","itemListElement":[{"@type":"ListItem","position":1,"name":"Home","item":"https:\/\/colentum.com\/hr\/"},{"@type":"ListItem","position":2,"name":"Vodeni sportovi"}]},{"@type":"WebSite","@id":"https:\/\/colentum.com\/#website","url":"https:\/\/colentum.com\/","name":"Colentum Resort Murter - Hotel Jager","description":"Your favourite destination on Murter","potentialAction":[{"@type":"SearchAction","target":{"@type":"EntryPoint","urlTemplate":"https:\/\/colentum.com\/?s={search_term_string}"},"query-input":{"@type":"PropertyValueSpecification","valueRequired":true,"valueName":"search_term_string"}}],"inLanguage":"hr"}]}},"_links":{"self":[{"href":"https:\/\/colentum.com\/hr\/wp-json\/wp\/v2\/pages\/618","targetHints":{"allow":["GET"]}}],"collection":[{"href":"https:\/\/colentum.com\/hr\/wp-json\/wp\/v2\/pages"}],"about":[{"href":"https:\/\/colentum.com\/hr\/wp-json\/wp\/v2\/types\/page"}],"author":[{"embeddable":true,"href":"https:\/\/colentum.com\/hr\/wp-json\/wp\/v2\/users\/1"}],"replies":[{"embeddable":true,"href":"https:\/\/colentum.com\/hr\/wp-json\/wp\/v2\/comments?post=618"}],"version-history":[{"count":2,"href":"https:\/\/colentum.com\/hr\/wp-json\/wp\/v2\/pages\/618\/revisions"}],"predecessor-version":[{"id":622,"href":"https:\/\/colentum.com\/hr\/wp-json\/wp\/v2\/pages\/618\/revisions\/622"}],"wp:featuredmedia":[{"embeddable":true,"href":"https:\/\/colentum.com\/hr\/wp-json\/wp\/v2\/media\/512"}],"wp:attachment":[{"href":"https:\/\/colentum.com\/hr\/wp-json\/wp\/v2\/media?parent=618"}],"curies":[{"name":"wp","href":"https:\/\/api.w.org\/{rel}","templated":true}]}}