{"id":555,"date":"2019-07-28T13:13:03","date_gmt":"2019-07-28T13:13:03","guid":{"rendered":"http:\/\/colentum.com\/beaches-murter\/"},"modified":"2019-08-06T17:24:54","modified_gmt":"2019-08-06T17:24:54","slug":"plaze-murter","status":"publish","type":"page","link":"https:\/\/colentum.com\/sl\/plaze-murter\/","title":{"rendered":"Pla\u017ee"},"content":{"rendered":"<p>[et_pb_section fb_built=&#8221;1&#8243; _builder_version=&#8221;3.19&#8243;][et_pb_row _builder_version=&#8221;3.19&#8243;][et_pb_column type=&#8221;4_4&#8243; _builder_version=&#8221;3.19&#8243; parallax=&#8221;off&#8221; parallax_method=&#8221;on&#8221;][et_pb_text _builder_version=&#8221;3.19&#8243;]<\/p>\n<h1 style=\"text-align: center;\">pla\u017ee<\/h1>\n<p>[\/et_pb_text][et_pb_text _builder_version=&#8221;3.19&#8243;]<\/p>\n<h3 style=\"text-align: center;\"><span style=\"color: #47a6c4;\">\u010cas je za beach-hopping!  <\/span> Otok Murter je odli\u010den zanj! <\/h3>\n<p>[\/et_pb_text][\/et_pb_column][\/et_pb_row][\/et_pb_section][et_pb_section fb_built=&#8221;1&#8243; _builder_version=&#8221;3.19&#8243; custom_padding=&#8221;0|0px|0|0px|false|false&#8221;][et_pb_row make_fullwidth=&#8221;on&#8221; use_custom_gutter=&#8221;on&#8221; gutter_width=&#8221;2&#8243; custom_padding=&#8221;0|0px|26.4333px|0px|false|false&#8221; _builder_version=&#8221;3.19&#8243;][et_pb_column type=&#8221;1_3&#8243; _builder_version=&#8221;3.19&#8243; parallax=&#8221;off&#8221; parallax_method=&#8221;on&#8221;][et_pb_image src=&#8221;https:\/\/colentum.com\/wp-content\/uploads\/2019\/07\/Hotel-Colentum-Murter40.jpg&#8221; _builder_version=&#8221;3.19&#8243;][\/et_pb_image][\/et_pb_column][et_pb_column type=&#8221;1_3&#8243; _builder_version=&#8221;3.19&#8243; parallax=&#8221;off&#8221; parallax_method=&#8221;on&#8221;][et_pb_image src=&#8221;https:\/\/colentum.com\/wp-content\/uploads\/2019\/07\/Hotel-Colentum-Murter38.jpg&#8221; _builder_version=&#8221;3.19&#8243;][\/et_pb_image][\/et_pb_column][et_pb_column type=&#8221;1_3&#8243; _builder_version=&#8221;3.19&#8243; parallax=&#8221;off&#8221; parallax_method=&#8221;on&#8221;][et_pb_image src=&#8221;https:\/\/colentum.com\/wp-content\/uploads\/2019\/07\/Hotel-Colentum-Murter21.jpg&#8221; _builder_version=&#8221;3.19&#8243;][\/et_pb_image][\/et_pb_column][\/et_pb_row][et_pb_row _builder_version=&#8221;3.19&#8243;][et_pb_column type=&#8221;4_4&#8243; _builder_version=&#8221;3.19&#8243; parallax=&#8221;off&#8221; parallax_method=&#8221;on&#8221;][et_pb_text _builder_version=&#8221;3.19&#8243;]<\/p>\n<p style=\"text-align: center;\">\u010ceprav je relativno majhen, otok Murter razpolaga z raznovrstnimi pla\u017eami in zalivi vzdol\u017e cele obalne \u010drte otoka. Najbolj znane pla\u017ee so na ju\u017enem delu otoka, obrnjene proti kornatskemu arhipelagu in za\u0161\u010ditene od burje. Nekatere so plitve in pe\u0161\u010dene, druge prodnate, najdete pa tudi skalnate s kamnitimi plo\u0161\u010dami za son\u010denje. Zaradi njihove lepote in pristnosti se je te\u017eko odlo\u010diti, katero izbrati in si jo prilastiti.<\/p>\n<p style=\"text-align: center;\">Celi Murter pravzaprav v celoti predstavlja eno veliko pla\u017eo, ki se samo spreminja od mirnih, samotnih, nudisti\u010dnih delov pa do pla\u017e polnih glasbe in zabave v poletnim ritmih.<\/p>\n<p style=\"text-align: center;\">Lahko si izberete mirni in skriti zaliv\u010dek, za\u0161\u010diteno modro laguno ali pe\u0161\u010deno pla\u017eo &#8211; vedno boste na\u0161li svoje najlep\u0161e mesto pod soncem.<\/p>\n<p style=\"text-align: center;\">Lahko pa sko\u010dite na vse (beach-hopping) in nam poveste, katera je res ustvarjena po Va\u0161em okusu.<\/p>\n<p>[\/et_pb_text][\/et_pb_column][\/et_pb_row][\/et_pb_section][et_pb_section fb_built=&#8221;1&#8243; _builder_version=&#8221;3.19&#8243; background_image=&#8221;https:\/\/colentum.com\/wp-content\/uploads\/2019\/07\/Hotel-Colentum-Murter26.jpg&#8221; parallax=&#8221;on&#8221; custom_padding=&#8221;54px|0px|291px|0px|false|false&#8221;][et_pb_row _builder_version=&#8221;3.19&#8243;][et_pb_column type=&#8221;4_4&#8243; _builder_version=&#8221;3.19&#8243; parallax=&#8221;off&#8221; parallax_method=&#8221;on&#8221;][et_pb_text _builder_version=&#8221;3.19&#8243; text_font=&#8221;||||||||&#8221; background_layout=&#8221;dark&#8221;]<\/p>\n<h3>Na\u0161e najljub\u0161e pla\u017ee na Murterju: Slanica, Podvr\u0161ke in \u010cigra\u0111a.<\/h3>\n<p>[\/et_pb_text][\/et_pb_column][\/et_pb_row][\/et_pb_section][et_pb_section fb_built=&#8221;1&#8243; _builder_version=&#8221;3.19&#8243;][et_pb_row _builder_version=&#8221;3.19&#8243;][et_pb_column type=&#8221;1_3&#8243; _builder_version=&#8221;3.19&#8243; parallax=&#8221;off&#8221; parallax_method=&#8221;on&#8221;][et_pb_text _builder_version=&#8221;3.19&#8243;]<\/p>\n<h3><b>SLANICA<\/b><\/h3>\n<p>glavna murterska pla\u017ea le\u017ei v neposredni bli\u017eini hotela. Slanica je ena od najlep\u0161ih pe\u0161\u010denih pla\u017e ki ima veliko mo\u017enosti \u0161portnih aktivnosti in animacije. Primerna je otroke in neplavalce, kot tudi za vse ki u\u017eivajo v obilo pla\u017enih aktivnosti.<\/p>\n<p>[\/et_pb_text][\/et_pb_column][et_pb_column type=&#8221;1_3&#8243; _builder_version=&#8221;3.19&#8243; parallax=&#8221;off&#8221; parallax_method=&#8221;on&#8221;][et_pb_text _builder_version=&#8221;3.19&#8243;]<\/p>\n<h3><b>PODVRSKE<\/b><\/h3>\n<p>pla\u017ea je od hotela oddaljena 600 m, skrita za javnost in do nje vodi pot &#8220;lungo mare&#8221;. Del pla\u017ee je rezerviran za nudiste. Pla\u017ea se deli na nekaj zalivov, delno je pe\u0161\u010dena, prodnata in skalnata.<\/p>\n<p>[\/et_pb_text][\/et_pb_column][et_pb_column type=&#8221;1_3&#8243; _builder_version=&#8221;3.19&#8243; parallax=&#8221;off&#8221; parallax_method=&#8221;on&#8221;][et_pb_text _builder_version=&#8221;3.19&#8243;]<\/p>\n<h3><b>\u010cIGRA\u0110A<\/b><\/h3>\n<p>pla\u017ea \u010cigra\u0111a le\u017ei ob samem vhodu v Murter, na ju\u017eni strani otoka in je od hotela oddaljena 1500 m. Pla\u017ea je delno prodnata in delno skalnata. Veliko je gostinskih objektov (restavracija na pla\u017ei, ribi\u0161ka ko\u010da&#8230;)<\/p>\n<p>[\/et_pb_text][\/et_pb_column][\/et_pb_row][\/et_pb_section][et_pb_section fb_built=&#8221;1&#8243; _builder_version=&#8221;3.19&#8243; custom_padding=&#8221;0|0px|0|0px|false|false&#8221; saved_tabs=&#8221;all&#8221; global_module=&#8221;563&#8243;][et_pb_row make_fullwidth=&#8221;on&#8221; use_custom_gutter=&#8221;on&#8221; gutter_width=&#8221;1&#8243; custom_padding=&#8221;50px|0px|50px|0px|false|false&#8221; make_equal=&#8221;on&#8221; background_color_2=&#8221;#f4f4f4&#8243; bg_img_1=&#8221;https:\/\/colentum.com\/wp-content\/uploads\/2019\/07\/Hotel-Colentum-Murter60.jpg&#8221; padding_top_bottom_link_2=&#8221;true&#8221; padding_left_right_link_2=&#8221;true&#8221; padding_top_2=&#8221;50px&#8221; padding_right_2=&#8221;50px&#8221; padding_bottom_2=&#8221;50px&#8221; padding_left_2=&#8221;50px&#8221; _builder_version=&#8221;3.19&#8243; module_alignment=&#8221;right&#8221;][et_pb_column type=&#8221;1_3&#8243; _builder_version=&#8221;3.19&#8243; bg_img=&#8221;https:\/\/colentum.com\/wp-content\/uploads\/2019\/07\/Hotel-Colentum-Murter60.jpg&#8221; parallax=&#8221;off&#8221; parallax_method=&#8221;on&#8221;][\/et_pb_column][et_pb_column type=&#8221;2_3&#8243; _builder_version=&#8221;3.19&#8243; padding_bottom=&#8221;50px&#8221; padding_left=&#8221;50px&#8221; padding_right=&#8221;50px&#8221; padding_top=&#8221;50px&#8221; background_color=&#8221;#f4f4f4&#8243; parallax=&#8221;off&#8221; parallax_method=&#8221;on&#8221;][et_pb_text _builder_version=&#8221;3.19&#8243;]<\/p>\n<h4>ISTRA\u017dI SOBE<\/h4>\n<h2><span class=\"tlid-translation translation\" lang=\"sl\"><span title=\"\" class=\"\">Izberite svoj najljub\u0161i tip sobe<\/span><\/span><\/h2>\n<p>[\/et_pb_text][et_pb_button button_url=&#8221;https:\/\/colentum.com\/rooms&#8221; button_text=&#8221;Izberite sobo&#8221; _builder_version=&#8221;3.19&#8243;][\/et_pb_button][\/et_pb_column][\/et_pb_row][\/et_pb_section][et_pb_section fb_built=&#8221;1&#8243; _builder_version=&#8221;3.19&#8243; global_module=&#8221;551&#8243; saved_tabs=&#8221;all&#8221;][et_pb_row _builder_version=&#8221;3.19&#8243;][et_pb_column type=&#8221;1_3&#8243; _builder_version=&#8221;3.19&#8243; parallax=&#8221;off&#8221; parallax_method=&#8221;on&#8221;][et_pb_text _builder_version=&#8221;3.19&#8243;]<\/p>\n<h3>KONTAKT<\/h3>\n<p>A: <span class=\"LrzXr\">Put Slanice bb, 22243, Murter<\/span><br \/>T: 00385 22 338 578<br \/> E: <a class=\"menuLink\" href=\"mailto:booking@colentum.com\">booking@colentum.com<\/a><\/p>\n<p>[\/et_pb_text][et_pb_button button_url=&#8221;https:\/\/goo.gl\/maps\/m6FMAFrDfTG8tjvAA&#8221; url_new_window=&#8221;on&#8221; button_text=&#8221;ODPRI NA KARTI&#8221; _builder_version=&#8221;3.19&#8243;][\/et_pb_button][\/et_pb_column][et_pb_column type=&#8221;1_3&#8243; _builder_version=&#8221;3.19&#8243; parallax=&#8221;off&#8221; parallax_method=&#8221;on&#8221;][\/et_pb_column][et_pb_column type=&#8221;1_3&#8243; _builder_version=&#8221;3.19&#8243; parallax=&#8221;off&#8221; parallax_method=&#8221;on&#8221;][et_pb_image src=&#8221;https:\/\/colentum.com\/wp-content\/uploads\/2019\/07\/logo.png&#8221; always_center_on_mobile=&#8221;off&#8221; disabled_on=&#8221;on|on|off&#8221; _builder_version=&#8221;3.19&#8243; max_width=&#8221;58%&#8221; module_alignment=&#8221;center&#8221;][\/et_pb_image][\/et_pb_column][\/et_pb_row][\/et_pb_section]<\/p>\n","protected":false},"excerpt":{"rendered":"<p>pla\u017ee\u010cas je za beach-hopping! Otok Murter je odli\u010den zanj! \u010ceprav je relativno majhen, otok Murter razpolaga z raznovrstnimi pla\u017eami in zalivi vzdol\u017e cele obalne \u010drte otoka. Najbolj znane pla\u017ee so na ju\u017enem delu otoka, obrnjene proti kornatskemu arhipelagu in za\u0161\u010ditene od burje. Nekatere so plitve in pe\u0161\u010dene, druge prodnate, najdete pa tudi skalnate s kamnitimi [&hellip;]<\/p>\n","protected":false},"author":1,"featured_media":365,"parent":0,"menu_order":0,"comment_status":"closed","ping_status":"closed","template":"","meta":{"_et_pb_use_builder":"on","_et_pb_old_content":"","_et_gb_content_width":"","footnotes":""},"class_list":["post-555","page","type-page","status-publish","has-post-thumbnail","hentry"],"yoast_head":"<!-- This site is optimized with the Yoast SEO plugin v24.4 - https:\/\/yoast.com\/wordpress\/plugins\/seo\/ -->\n<title>Murter \u2013 perfect island for beach-hopping<\/title>\n<meta name=\"description\" content=\"Sandy or rocky beach peaceful or vibrant, Murter has them all. The most famous ones are located on the south-west part, facing the Kornati archipelago.\" \/>\n<meta name=\"robots\" content=\"index, follow, max-snippet:-1, max-image-preview:large, max-video-preview:-1\" \/>\n<link rel=\"canonical\" href=\"https:\/\/colentum.com\/beaches-murter\/\" \/>\n<meta property=\"og:locale\" content=\"sl_SI\" \/>\n<meta property=\"og:type\" content=\"article\" \/>\n<meta property=\"og:title\" content=\"Murter \u2013 perfect island for beach-hopping\" \/>\n<meta property=\"og:description\" content=\"Sandy or rocky beach peaceful or vibrant, Murter has them all. The most famous ones are located on the south-west part, facing the Kornati archipelago.\" \/>\n<meta property=\"og:url\" content=\"https:\/\/colentum.com\/beaches-murter\/\" \/>\n<meta property=\"og:site_name\" content=\"Colentum Resort Murter - Hotel Jager\" \/>\n<meta property=\"article:modified_time\" content=\"2019-08-06T17:24:54+00:00\" \/>\n<meta property=\"og:image\" content=\"https:\/\/colentum.com\/wp-content\/uploads\/2019\/07\/Hotel-Colentum-Murter37.jpg\" \/>\n\t<meta property=\"og:image:width\" content=\"1600\" \/>\n\t<meta property=\"og:image:height\" content=\"1068\" \/>\n\t<meta property=\"og:image:type\" content=\"image\/jpeg\" \/>\n<meta name=\"twitter:card\" content=\"summary_large_image\" \/>\n<meta name=\"twitter:label1\" content=\"Est. reading time\" \/>\n\t<meta name=\"twitter:data1\" content=\"5 minut\" \/>\n<script type=\"application\/ld+json\" class=\"yoast-schema-graph\">{\"@context\":\"https:\/\/schema.org\",\"@graph\":[{\"@type\":\"WebPage\",\"@id\":\"https:\/\/colentum.com\/beaches-murter\/\",\"url\":\"https:\/\/colentum.com\/beaches-murter\/\",\"name\":\"Murter \u2013 perfect island for beach-hopping\",\"isPartOf\":{\"@id\":\"https:\/\/colentum.com\/#website\"},\"primaryImageOfPage\":{\"@id\":\"https:\/\/colentum.com\/beaches-murter\/#primaryimage\"},\"image\":{\"@id\":\"https:\/\/colentum.com\/beaches-murter\/#primaryimage\"},\"thumbnailUrl\":\"https:\/\/colentum.com\/wp-content\/uploads\/2019\/07\/Hotel-Colentum-Murter37.jpg\",\"datePublished\":\"2019-07-28T13:13:03+00:00\",\"dateModified\":\"2019-08-06T17:24:54+00:00\",\"description\":\"Sandy or rocky beach peaceful or vibrant, Murter has them all. The most famous ones are located on the south-west part, facing the Kornati archipelago.\",\"breadcrumb\":{\"@id\":\"https:\/\/colentum.com\/beaches-murter\/#breadcrumb\"},\"inLanguage\":\"sl-SI\",\"potentialAction\":[{\"@type\":\"ReadAction\",\"target\":[\"https:\/\/colentum.com\/beaches-murter\/\"]}]},{\"@type\":\"ImageObject\",\"inLanguage\":\"sl-SI\",\"@id\":\"https:\/\/colentum.com\/beaches-murter\/#primaryimage\",\"url\":\"https:\/\/colentum.com\/wp-content\/uploads\/2019\/07\/Hotel-Colentum-Murter37.jpg\",\"contentUrl\":\"https:\/\/colentum.com\/wp-content\/uploads\/2019\/07\/Hotel-Colentum-Murter37.jpg\",\"width\":1600,\"height\":1068},{\"@type\":\"BreadcrumbList\",\"@id\":\"https:\/\/colentum.com\/beaches-murter\/#breadcrumb\",\"itemListElement\":[{\"@type\":\"ListItem\",\"position\":1,\"name\":\"Home\",\"item\":\"https:\/\/colentum.com\/sl\/\"},{\"@type\":\"ListItem\",\"position\":2,\"name\":\"Pla\u017ee\"}]},{\"@type\":\"WebSite\",\"@id\":\"https:\/\/colentum.com\/#website\",\"url\":\"https:\/\/colentum.com\/\",\"name\":\"Colentum Resort Murter - Hotel Jager\",\"description\":\"Your favourite destination on Murter\",\"potentialAction\":[{\"@type\":\"SearchAction\",\"target\":{\"@type\":\"EntryPoint\",\"urlTemplate\":\"https:\/\/colentum.com\/?s={search_term_string}\"},\"query-input\":{\"@type\":\"PropertyValueSpecification\",\"valueRequired\":true,\"valueName\":\"search_term_string\"}}],\"inLanguage\":\"sl-SI\"}]}<\/script>\n<!-- \/ Yoast SEO plugin. -->","yoast_head_json":{"title":"Murter \u2013 perfect island for beach-hopping","description":"Sandy or rocky beach peaceful or vibrant, Murter has them all. The most famous ones are located on the south-west part, facing the Kornati archipelago.","robots":{"index":"index","follow":"follow","max-snippet":"max-snippet:-1","max-image-preview":"max-image-preview:large","max-video-preview":"max-video-preview:-1"},"canonical":"https:\/\/colentum.com\/beaches-murter\/","og_locale":"sl_SI","og_type":"article","og_title":"Murter \u2013 perfect island for beach-hopping","og_description":"Sandy or rocky beach peaceful or vibrant, Murter has them all. The most famous ones are located on the south-west part, facing the Kornati archipelago.","og_url":"https:\/\/colentum.com\/beaches-murter\/","og_site_name":"Colentum Resort Murter - Hotel Jager","article_modified_time":"2019-08-06T17:24:54+00:00","og_image":[{"width":1600,"height":1068,"url":"https:\/\/colentum.com\/wp-content\/uploads\/2019\/07\/Hotel-Colentum-Murter37.jpg","type":"image\/jpeg"}],"twitter_card":"summary_large_image","twitter_misc":{"Est. reading time":"5 minut"},"schema":{"@context":"https:\/\/schema.org","@graph":[{"@type":"WebPage","@id":"https:\/\/colentum.com\/beaches-murter\/","url":"https:\/\/colentum.com\/beaches-murter\/","name":"Murter \u2013 perfect island for beach-hopping","isPartOf":{"@id":"https:\/\/colentum.com\/#website"},"primaryImageOfPage":{"@id":"https:\/\/colentum.com\/beaches-murter\/#primaryimage"},"image":{"@id":"https:\/\/colentum.com\/beaches-murter\/#primaryimage"},"thumbnailUrl":"https:\/\/colentum.com\/wp-content\/uploads\/2019\/07\/Hotel-Colentum-Murter37.jpg","datePublished":"2019-07-28T13:13:03+00:00","dateModified":"2019-08-06T17:24:54+00:00","description":"Sandy or rocky beach peaceful or vibrant, Murter has them all. The most famous ones are located on the south-west part, facing the Kornati archipelago.","breadcrumb":{"@id":"https:\/\/colentum.com\/beaches-murter\/#breadcrumb"},"inLanguage":"sl-SI","potentialAction":[{"@type":"ReadAction","target":["https:\/\/colentum.com\/beaches-murter\/"]}]},{"@type":"ImageObject","inLanguage":"sl-SI","@id":"https:\/\/colentum.com\/beaches-murter\/#primaryimage","url":"https:\/\/colentum.com\/wp-content\/uploads\/2019\/07\/Hotel-Colentum-Murter37.jpg","contentUrl":"https:\/\/colentum.com\/wp-content\/uploads\/2019\/07\/Hotel-Colentum-Murter37.jpg","width":1600,"height":1068},{"@type":"BreadcrumbList","@id":"https:\/\/colentum.com\/beaches-murter\/#breadcrumb","itemListElement":[{"@type":"ListItem","position":1,"name":"Home","item":"https:\/\/colentum.com\/sl\/"},{"@type":"ListItem","position":2,"name":"Pla\u017ee"}]},{"@type":"WebSite","@id":"https:\/\/colentum.com\/#website","url":"https:\/\/colentum.com\/","name":"Colentum Resort Murter - Hotel Jager","description":"Your favourite destination on Murter","potentialAction":[{"@type":"SearchAction","target":{"@type":"EntryPoint","urlTemplate":"https:\/\/colentum.com\/?s={search_term_string}"},"query-input":{"@type":"PropertyValueSpecification","valueRequired":true,"valueName":"search_term_string"}}],"inLanguage":"sl-SI"}]}},"_links":{"self":[{"href":"https:\/\/colentum.com\/sl\/wp-json\/wp\/v2\/pages\/555","targetHints":{"allow":["GET"]}}],"collection":[{"href":"https:\/\/colentum.com\/sl\/wp-json\/wp\/v2\/pages"}],"about":[{"href":"https:\/\/colentum.com\/sl\/wp-json\/wp\/v2\/types\/page"}],"author":[{"embeddable":true,"href":"https:\/\/colentum.com\/sl\/wp-json\/wp\/v2\/users\/1"}],"replies":[{"embeddable":true,"href":"https:\/\/colentum.com\/sl\/wp-json\/wp\/v2\/comments?post=555"}],"version-history":[{"count":3,"href":"https:\/\/colentum.com\/sl\/wp-json\/wp\/v2\/pages\/555\/revisions"}],"predecessor-version":[{"id":565,"href":"https:\/\/colentum.com\/sl\/wp-json\/wp\/v2\/pages\/555\/revisions\/565"}],"wp:featuredmedia":[{"embeddable":true,"href":"https:\/\/colentum.com\/sl\/wp-json\/wp\/v2\/media\/365"}],"wp:attachment":[{"href":"https:\/\/colentum.com\/sl\/wp-json\/wp\/v2\/media?parent=555"}],"curies":[{"name":"wp","href":"https:\/\/api.w.org\/{rel}","templated":true}]}}