{"id":576,"date":"2019-07-28T13:27:25","date_gmt":"2019-07-28T13:27:25","guid":{"rendered":"http:\/\/colentum.com\/bike-hike\/"},"modified":"2019-08-10T12:07:52","modified_gmt":"2019-08-10T12:07:52","slug":"bike-hike","status":"publish","type":"page","link":"https:\/\/colentum.com\/sl\/bike-hike\/","title":{"rendered":"Bike &#038; Hike"},"content":{"rendered":"<p>[et_pb_section fb_built=&#8221;1&#8243; _builder_version=&#8221;3.19&#8243;][et_pb_row _builder_version=&#8221;3.19&#8243;][et_pb_column type=&#8221;4_4&#8243; _builder_version=&#8221;3.19&#8243; parallax=&#8221;off&#8221; parallax_method=&#8221;on&#8221;][et_pb_text _builder_version=&#8221;3.19&#8243;]<\/p>\n<h1 style=\"text-align: center;\">Bike &amp; Hike<\/h1>\n<p>[\/et_pb_text][et_pb_text _builder_version=&#8221;3.19&#8243;]<\/p>\n<h3 style=\"text-align: center;\"><span style=\"color: #47a6c4;\">bodi aktiven <\/span>in istra\u017ei otok murter<\/h3>\n<p>[\/et_pb_text][\/et_pb_column][\/et_pb_row][\/et_pb_section][et_pb_section fb_built=&#8221;1&#8243; _builder_version=&#8221;3.19&#8243; custom_padding=&#8221;0|0px|0|0px|false|false&#8221;][et_pb_row make_fullwidth=&#8221;on&#8221; use_custom_gutter=&#8221;on&#8221; gutter_width=&#8221;2&#8243; custom_padding=&#8221;0|0px|26.4333px|0px|false|false&#8221; _builder_version=&#8221;3.19&#8243;][et_pb_column type=&#8221;1_3&#8243; _builder_version=&#8221;3.19&#8243; parallax=&#8221;off&#8221; parallax_method=&#8221;on&#8221;][et_pb_image src=&#8221;https:\/\/colentum.com\/wp-content\/uploads\/2019\/07\/Hotel-Colentum-Murter15.jpg&#8221; _builder_version=&#8221;3.19&#8243;][\/et_pb_image][\/et_pb_column][et_pb_column type=&#8221;1_3&#8243; _builder_version=&#8221;3.19&#8243; parallax=&#8221;off&#8221; parallax_method=&#8221;on&#8221;][et_pb_image src=&#8221;https:\/\/colentum.com\/wp-content\/uploads\/2019\/07\/Hotel-Colentum-Murter13.jpg&#8221; _builder_version=&#8221;3.19&#8243;][\/et_pb_image][\/et_pb_column][et_pb_column type=&#8221;1_3&#8243; _builder_version=&#8221;3.19&#8243; parallax=&#8221;off&#8221; parallax_method=&#8221;on&#8221;][et_pb_image src=&#8221;https:\/\/colentum.com\/wp-content\/uploads\/2019\/07\/Hotel-Colentum-Murter21.jpg&#8221; _builder_version=&#8221;3.19&#8243;][\/et_pb_image][\/et_pb_column][\/et_pb_row][et_pb_row make_fullwidth=&#8221;on&#8221; use_custom_gutter=&#8221;on&#8221; gutter_width=&#8221;2&#8243; custom_padding=&#8221;0|0px|26.4333px|0px|false|false&#8221; _builder_version=&#8221;3.19&#8243;][et_pb_column type=&#8221;1_3&#8243; _builder_version=&#8221;3.19&#8243; parallax=&#8221;off&#8221; parallax_method=&#8221;on&#8221;][et_pb_image src=&#8221;https:\/\/colentum.com\/wp-content\/uploads\/2019\/07\/Bike-TZ-Murter.jpg&#8221; _builder_version=&#8221;3.19&#8243;][\/et_pb_image][\/et_pb_column][et_pb_column type=&#8221;1_3&#8243; _builder_version=&#8221;3.19&#8243; parallax=&#8221;off&#8221; parallax_method=&#8221;on&#8221;][et_pb_image src=&#8221;https:\/\/colentum.com\/wp-content\/uploads\/2019\/07\/Bike-Igor-Tomljenovic-1.jpg&#8221; _builder_version=&#8221;3.19&#8243;][\/et_pb_image][et_pb_text _builder_version=&#8221;3.19&#8243;]<\/p>\n<p style=\"text-align: center;\"><em>Photo: <a href=\"https:\/\/tzo-murter.hr\/en\/home\/\">TZO-MURTER.HR<\/a><\/em><\/p>\n<p>[\/et_pb_text][\/et_pb_column][et_pb_column type=&#8221;1_3&#8243; _builder_version=&#8221;3.19&#8243; parallax=&#8221;off&#8221; parallax_method=&#8221;on&#8221;][et_pb_image src=&#8221;https:\/\/colentum.com\/wp-content\/uploads\/2019\/07\/Bike-TZ-Murter-1.jpg&#8221; _builder_version=&#8221;3.19&#8243;][\/et_pb_image][\/et_pb_column][\/et_pb_row][et_pb_row _builder_version=&#8221;3.19&#8243;][et_pb_column type=&#8221;4_4&#8243; _builder_version=&#8221;3.19&#8243; parallax=&#8221;off&#8221; parallax_method=&#8221;on&#8221;][et_pb_text _builder_version=&#8221;3.19&#8243;]<\/p>\n<p style=\"text-align: center;\">Murter je najbolj privla\u010den del Jadrana in Sredozemlja z bli\u017eino naravnih fenomenov &#8211; dveh nacionalnih parkov in dveh naravnih parkov.\u00a0<br \/> Colentum Resort Murter *** se nahaja na ju\u017eni strani otoka Murter z dobrim dostopom do privla\u010dnih kolesarskih poti na celini in bli\u017enjih otokih. Navajamo le nekatere od \u0161tevilnih kolesarske steze.<\/p>\n<p>[\/et_pb_text][\/et_pb_column][\/et_pb_row][\/et_pb_section][et_pb_section fb_built=&#8221;1&#8243; _builder_version=&#8221;3.19&#8243;][et_pb_row _builder_version=&#8221;3.19&#8243;][et_pb_column type=&#8221;1_2&#8243; _builder_version=&#8221;3.19&#8243; parallax=&#8221;off&#8221; parallax_method=&#8221;on&#8221;][et_pb_text _builder_version=&#8221;3.19&#8243;]<\/p>\n<h3><b>kolesarske steze<br \/> <\/b><\/h3>\n<ol>\n<li>Murter (Colentum Resort Murter) &#8211; Betina &#8211; Tisno &#8211; Ivinja &#8211; Saint &#8211; Marin &#8211; Pirovac &#8211; Prosika &#8211; Tela\u0161\u010dica &#8211; Vrana Village2. Murter (Colentum Resort Murter) &#8211; Tisno &#8211; Tribunj &#8211; Vodice<br \/> Track 1: Okit-Vodice-shrine of Our Lady of Mount Caramel<br \/> Track 2: St. Ivan &#8211; Vodice &#8211; Okit &#8211; St.Ivan &#8211; Raktnica\n<p>3. Murter (Colentum Resort Murter) &#8211; Tisno &#8211; Dubrava &#8211; \u010cista &#8211; Skradin &#8211; Miljeva\u010dki plato<\/p>\n<p>4. Murter (Colentum Resort Murter) &#8211; Vodice &#8211; \u0160ibenik &#8211; Fort St.Ivan &#8211; Fort Subicevac &#8211; Vidikovac &#8211; pass between Jamnjaka and Kamenar &#8211; ZOO garden Rakov village &#8211; Orlovac-central<\/p>\n<\/li>\n<\/ol>\n<p>5. Otok Pa\u0161man<br \/> Track 1: \u017ddrelac most &#8211; Mali Bokalj &#8211; Komornjak &#8211; Moravnjak &#8211; Skalice &#8211; Prvanj &#8211; Vrijanja &#8211; U. Bartovica &#8211; Tkon<\/p>\n<p>6. Otok Ugljan<br \/> Track 1: Ugljan &#8211; Guduce &#8211; Ljokine &#8211; Ugljan hospital &#8211; U.Prtljug &#8211; Doci &#8211; Turkija &#8211; Grusine &#8211; Kanali &#8211; Drage &#8211; Kali &#8211; Nehaj &#8211; Kukljica<\/p>\n<p>[\/et_pb_text][\/et_pb_column][et_pb_column type=&#8221;1_2&#8243; _builder_version=&#8221;3.19&#8243; parallax=&#8221;off&#8221; parallax_method=&#8221;on&#8221;][et_pb_text _builder_version=&#8221;3.19&#8243;]<\/p>\n<h3><b>Steze za sprehod<\/b><\/h3>\n<p><strong>1. NP Kornati:<\/strong> <br \/>Zakan &#8211; Mana &#8211; Kornat<\/p>\n<p><strong>2. NP Krka:<\/strong> <br \/>Login Lozovac &#8211; Skradinski Buk<\/p>\n<p><strong> 3. Otok Pasman<\/strong><br \/>Zdrelac most &#8211; Mali Bokalj &#8211; Big Bokalj &#8211; Komornjak crossing &#8211; Moravnjak &#8211; Cudonjin top &#8211; Skalice &#8211; Prvanj &#8211; Vrijanja &#8211; U. Bartovica &#8211; Tkon\u00a0<\/p>\n<p><strong><\/strong><\/p>\n<p>[\/et_pb_text][\/et_pb_column][\/et_pb_row][\/et_pb_section][et_pb_section fb_built=&#8221;1&#8243; _builder_version=&#8221;3.19&#8243; background_image=&#8221;https:\/\/colentum.com\/wp-content\/uploads\/2019\/07\/Hotel-Colentum-Murter31.jpg&#8221; parallax=&#8221;on&#8221; custom_padding=&#8221;54px|0px|291px|0px|false|false&#8221;][et_pb_row _builder_version=&#8221;3.19&#8243;][et_pb_column type=&#8221;4_4&#8243; _builder_version=&#8221;3.19&#8243; parallax=&#8221;off&#8221; parallax_method=&#8221;on&#8221;][\/et_pb_column][\/et_pb_row][\/et_pb_section][et_pb_section fb_built=&#8221;1&#8243; _builder_version=&#8221;3.19&#8243; custom_padding=&#8221;0|0px|0|0px|false|false&#8221; global_module=&#8221;563&#8243; saved_tabs=&#8221;all&#8221;][et_pb_row make_fullwidth=&#8221;on&#8221; use_custom_gutter=&#8221;on&#8221; gutter_width=&#8221;1&#8243; custom_padding=&#8221;50px|0px|50px|0px|false|false&#8221; make_equal=&#8221;on&#8221; background_color_2=&#8221;#f4f4f4&#8243; bg_img_1=&#8221;https:\/\/colentum.com\/wp-content\/uploads\/2019\/07\/Hotel-Colentum-Murter60.jpg&#8221; padding_top_bottom_link_2=&#8221;true&#8221; padding_left_right_link_2=&#8221;true&#8221; padding_top_2=&#8221;50px&#8221; padding_right_2=&#8221;50px&#8221; padding_bottom_2=&#8221;50px&#8221; padding_left_2=&#8221;50px&#8221; _builder_version=&#8221;3.19&#8243; module_alignment=&#8221;right&#8221;][et_pb_column type=&#8221;1_3&#8243; _builder_version=&#8221;3.19&#8243; bg_img=&#8221;https:\/\/colentum.com\/wp-content\/uploads\/2019\/07\/Hotel-Colentum-Murter60.jpg&#8221; parallax=&#8221;off&#8221; parallax_method=&#8221;on&#8221;][\/et_pb_column][et_pb_column type=&#8221;2_3&#8243; _builder_version=&#8221;3.19&#8243; padding_bottom=&#8221;50px&#8221; padding_left=&#8221;50px&#8221; padding_right=&#8221;50px&#8221; padding_top=&#8221;50px&#8221; background_color=&#8221;#f4f4f4&#8243; parallax=&#8221;off&#8221; parallax_method=&#8221;on&#8221;][et_pb_text _builder_version=&#8221;3.19&#8243;]<\/p>\n<h4>Razi\u0161\u010di SOBE<\/h4>\n<h2><span class=\"tlid-translation translation\" lang=\"sl\"><span title=\"\" class=\"\">Izberite svoj najljub\u0161i tip sobe<\/span><\/span><\/h2>\n<p>[\/et_pb_text][et_pb_button button_url=&#8221;https:\/\/colentum.com\/sl\/sobe\/&#8221; button_text=&#8221;Izberite sobo&#8221; _builder_version=&#8221;3.19&#8243;][\/et_pb_button][\/et_pb_column][\/et_pb_row][\/et_pb_section][et_pb_section fb_built=&#8221;1&#8243; _builder_version=&#8221;3.19&#8243; global_module=&#8221;551&#8243; saved_tabs=&#8221;all&#8221;][et_pb_row _builder_version=&#8221;3.19&#8243;][et_pb_column type=&#8221;1_3&#8243; _builder_version=&#8221;3.19&#8243; parallax=&#8221;off&#8221; parallax_method=&#8221;on&#8221;][et_pb_text _builder_version=&#8221;3.19&#8243;]<\/p>\n<h3>KONTAKT<\/h3>\n<p>A: <span class=\"LrzXr\">Put Slanice bb, 22243, Murter<\/span><br \/>T: 00385 22 338 578<br \/> E: <a class=\"menuLink\" href=\"mailto:booking@colentum.com\">booking@colentum.com<\/a><\/p>\n<p>[\/et_pb_text][et_pb_button button_url=&#8221;https:\/\/goo.gl\/maps\/m6FMAFrDfTG8tjvAA&#8221; url_new_window=&#8221;on&#8221; button_text=&#8221;ZEMLJEVID LOKACIJE&#8221; _builder_version=&#8221;3.19&#8243;][\/et_pb_button][\/et_pb_column][et_pb_column type=&#8221;1_3&#8243; _builder_version=&#8221;3.19&#8243; parallax=&#8221;off&#8221; parallax_method=&#8221;on&#8221;][\/et_pb_column][et_pb_column type=&#8221;1_3&#8243; _builder_version=&#8221;3.19&#8243; parallax=&#8221;off&#8221; parallax_method=&#8221;on&#8221;][et_pb_image src=&#8221;https:\/\/colentum.com\/wp-content\/uploads\/2019\/07\/logo.png&#8221; always_center_on_mobile=&#8221;off&#8221; disabled_on=&#8221;on|on|off&#8221; _builder_version=&#8221;3.19&#8243; max_width=&#8221;58%&#8221; module_alignment=&#8221;center&#8221;][\/et_pb_image][\/et_pb_column][\/et_pb_row][\/et_pb_section]<\/p>\n","protected":false},"excerpt":{"rendered":"<p>Bike &amp; Hikebodi aktiven in istra\u017ei otok murterPhoto: TZO-MURTER.HRMurter je najbolj privla\u010den del Jadrana in Sredozemlja z bli\u017eino naravnih fenomenov &#8211; dveh nacionalnih parkov in dveh naravnih parkov.\u00a0 Colentum Resort Murter *** se nahaja na ju\u017eni strani otoka Murter z dobrim dostopom do privla\u010dnih kolesarskih poti na celini in bli\u017enjih otokih. Navajamo le nekatere od [&hellip;]<\/p>\n","protected":false},"author":1,"featured_media":413,"parent":0,"menu_order":0,"comment_status":"closed","ping_status":"closed","template":"","meta":{"_et_pb_use_builder":"on","_et_pb_old_content":"","_et_gb_content_width":"","footnotes":""},"class_list":["post-576","page","type-page","status-publish","has-post-thumbnail","hentry"],"yoast_head":"<!-- This site is optimized with the Yoast SEO plugin v24.4 - https:\/\/yoast.com\/wordpress\/plugins\/seo\/ -->\n<title>Bike &amp; hike - Discover Murter and Kornati with bikes<\/title>\n<meta name=\"description\" content=\"Hotel is located by attractive bicycle paths, so you can easily discover this beautiful part of the Adriatic, with two national and two nature parks.\" \/>\n<meta name=\"robots\" content=\"index, follow, max-snippet:-1, max-image-preview:large, max-video-preview:-1\" \/>\n<link rel=\"canonical\" href=\"https:\/\/colentum.com\/bike-hike\/\" \/>\n<meta property=\"og:locale\" content=\"sl_SI\" \/>\n<meta property=\"og:type\" content=\"article\" \/>\n<meta property=\"og:title\" content=\"Bike &amp; hike - Discover Murter and Kornati with bikes\" \/>\n<meta property=\"og:description\" content=\"Hotel is located by attractive bicycle paths, so you can easily discover this beautiful part of the Adriatic, with two national and two nature parks.\" \/>\n<meta property=\"og:url\" content=\"https:\/\/colentum.com\/bike-hike\/\" \/>\n<meta property=\"og:site_name\" content=\"Colentum Resort Murter - Hotel Jager\" \/>\n<meta property=\"article:modified_time\" content=\"2019-08-10T12:07:52+00:00\" \/>\n<meta property=\"og:image\" content=\"https:\/\/colentum.com\/wp-content\/uploads\/2019\/07\/Hotel-Colentum-Murter61.jpg\" \/>\n\t<meta property=\"og:image:width\" content=\"1600\" \/>\n\t<meta property=\"og:image:height\" content=\"1068\" \/>\n\t<meta property=\"og:image:type\" content=\"image\/jpeg\" \/>\n<meta name=\"twitter:card\" content=\"summary_large_image\" \/>\n<meta name=\"twitter:label1\" content=\"Est. reading time\" \/>\n\t<meta name=\"twitter:data1\" content=\"5 minut\" \/>\n<script type=\"application\/ld+json\" class=\"yoast-schema-graph\">{\"@context\":\"https:\/\/schema.org\",\"@graph\":[{\"@type\":\"WebPage\",\"@id\":\"https:\/\/colentum.com\/bike-hike\/\",\"url\":\"https:\/\/colentum.com\/bike-hike\/\",\"name\":\"Bike & hike - Discover Murter and Kornati with bikes\",\"isPartOf\":{\"@id\":\"https:\/\/colentum.com\/#website\"},\"primaryImageOfPage\":{\"@id\":\"https:\/\/colentum.com\/bike-hike\/#primaryimage\"},\"image\":{\"@id\":\"https:\/\/colentum.com\/bike-hike\/#primaryimage\"},\"thumbnailUrl\":\"https:\/\/colentum.com\/wp-content\/uploads\/2019\/07\/Hotel-Colentum-Murter61.jpg\",\"datePublished\":\"2019-07-28T13:27:25+00:00\",\"dateModified\":\"2019-08-10T12:07:52+00:00\",\"description\":\"Hotel is located by attractive bicycle paths, so you can easily discover this beautiful part of the Adriatic, with two national and two nature parks.\",\"breadcrumb\":{\"@id\":\"https:\/\/colentum.com\/bike-hike\/#breadcrumb\"},\"inLanguage\":\"sl-SI\",\"potentialAction\":[{\"@type\":\"ReadAction\",\"target\":[\"https:\/\/colentum.com\/bike-hike\/\"]}]},{\"@type\":\"ImageObject\",\"inLanguage\":\"sl-SI\",\"@id\":\"https:\/\/colentum.com\/bike-hike\/#primaryimage\",\"url\":\"https:\/\/colentum.com\/wp-content\/uploads\/2019\/07\/Hotel-Colentum-Murter61.jpg\",\"contentUrl\":\"https:\/\/colentum.com\/wp-content\/uploads\/2019\/07\/Hotel-Colentum-Murter61.jpg\",\"width\":1600,\"height\":1068},{\"@type\":\"BreadcrumbList\",\"@id\":\"https:\/\/colentum.com\/bike-hike\/#breadcrumb\",\"itemListElement\":[{\"@type\":\"ListItem\",\"position\":1,\"name\":\"Home\",\"item\":\"https:\/\/colentum.com\/sl\/\"},{\"@type\":\"ListItem\",\"position\":2,\"name\":\"Bike &#038; Hike\"}]},{\"@type\":\"WebSite\",\"@id\":\"https:\/\/colentum.com\/#website\",\"url\":\"https:\/\/colentum.com\/\",\"name\":\"Colentum Resort Murter - Hotel Jager\",\"description\":\"Your favourite destination on Murter\",\"potentialAction\":[{\"@type\":\"SearchAction\",\"target\":{\"@type\":\"EntryPoint\",\"urlTemplate\":\"https:\/\/colentum.com\/?s={search_term_string}\"},\"query-input\":{\"@type\":\"PropertyValueSpecification\",\"valueRequired\":true,\"valueName\":\"search_term_string\"}}],\"inLanguage\":\"sl-SI\"}]}<\/script>\n<!-- \/ Yoast SEO plugin. -->","yoast_head_json":{"title":"Bike & hike - Discover Murter and Kornati with bikes","description":"Hotel is located by attractive bicycle paths, so you can easily discover this beautiful part of the Adriatic, with two national and two nature parks.","robots":{"index":"index","follow":"follow","max-snippet":"max-snippet:-1","max-image-preview":"max-image-preview:large","max-video-preview":"max-video-preview:-1"},"canonical":"https:\/\/colentum.com\/bike-hike\/","og_locale":"sl_SI","og_type":"article","og_title":"Bike & hike - Discover Murter and Kornati with bikes","og_description":"Hotel is located by attractive bicycle paths, so you can easily discover this beautiful part of the Adriatic, with two national and two nature parks.","og_url":"https:\/\/colentum.com\/bike-hike\/","og_site_name":"Colentum Resort Murter - Hotel Jager","article_modified_time":"2019-08-10T12:07:52+00:00","og_image":[{"width":1600,"height":1068,"url":"https:\/\/colentum.com\/wp-content\/uploads\/2019\/07\/Hotel-Colentum-Murter61.jpg","type":"image\/jpeg"}],"twitter_card":"summary_large_image","twitter_misc":{"Est. reading time":"5 minut"},"schema":{"@context":"https:\/\/schema.org","@graph":[{"@type":"WebPage","@id":"https:\/\/colentum.com\/bike-hike\/","url":"https:\/\/colentum.com\/bike-hike\/","name":"Bike & hike - Discover Murter and Kornati with bikes","isPartOf":{"@id":"https:\/\/colentum.com\/#website"},"primaryImageOfPage":{"@id":"https:\/\/colentum.com\/bike-hike\/#primaryimage"},"image":{"@id":"https:\/\/colentum.com\/bike-hike\/#primaryimage"},"thumbnailUrl":"https:\/\/colentum.com\/wp-content\/uploads\/2019\/07\/Hotel-Colentum-Murter61.jpg","datePublished":"2019-07-28T13:27:25+00:00","dateModified":"2019-08-10T12:07:52+00:00","description":"Hotel is located by attractive bicycle paths, so you can easily discover this beautiful part of the Adriatic, with two national and two nature parks.","breadcrumb":{"@id":"https:\/\/colentum.com\/bike-hike\/#breadcrumb"},"inLanguage":"sl-SI","potentialAction":[{"@type":"ReadAction","target":["https:\/\/colentum.com\/bike-hike\/"]}]},{"@type":"ImageObject","inLanguage":"sl-SI","@id":"https:\/\/colentum.com\/bike-hike\/#primaryimage","url":"https:\/\/colentum.com\/wp-content\/uploads\/2019\/07\/Hotel-Colentum-Murter61.jpg","contentUrl":"https:\/\/colentum.com\/wp-content\/uploads\/2019\/07\/Hotel-Colentum-Murter61.jpg","width":1600,"height":1068},{"@type":"BreadcrumbList","@id":"https:\/\/colentum.com\/bike-hike\/#breadcrumb","itemListElement":[{"@type":"ListItem","position":1,"name":"Home","item":"https:\/\/colentum.com\/sl\/"},{"@type":"ListItem","position":2,"name":"Bike &#038; Hike"}]},{"@type":"WebSite","@id":"https:\/\/colentum.com\/#website","url":"https:\/\/colentum.com\/","name":"Colentum Resort Murter - Hotel Jager","description":"Your favourite destination on Murter","potentialAction":[{"@type":"SearchAction","target":{"@type":"EntryPoint","urlTemplate":"https:\/\/colentum.com\/?s={search_term_string}"},"query-input":{"@type":"PropertyValueSpecification","valueRequired":true,"valueName":"search_term_string"}}],"inLanguage":"sl-SI"}]}},"_links":{"self":[{"href":"https:\/\/colentum.com\/sl\/wp-json\/wp\/v2\/pages\/576","targetHints":{"allow":["GET"]}}],"collection":[{"href":"https:\/\/colentum.com\/sl\/wp-json\/wp\/v2\/pages"}],"about":[{"href":"https:\/\/colentum.com\/sl\/wp-json\/wp\/v2\/types\/page"}],"author":[{"embeddable":true,"href":"https:\/\/colentum.com\/sl\/wp-json\/wp\/v2\/users\/1"}],"replies":[{"embeddable":true,"href":"https:\/\/colentum.com\/sl\/wp-json\/wp\/v2\/comments?post=576"}],"version-history":[{"count":4,"href":"https:\/\/colentum.com\/sl\/wp-json\/wp\/v2\/pages\/576\/revisions"}],"predecessor-version":[{"id":688,"href":"https:\/\/colentum.com\/sl\/wp-json\/wp\/v2\/pages\/576\/revisions\/688"}],"wp:featuredmedia":[{"embeddable":true,"href":"https:\/\/colentum.com\/sl\/wp-json\/wp\/v2\/media\/413"}],"wp:attachment":[{"href":"https:\/\/colentum.com\/sl\/wp-json\/wp\/v2\/media?parent=576"}],"curies":[{"name":"wp","href":"https:\/\/api.w.org\/{rel}","templated":true}]}}