{"id":586,"date":"2019-07-28T14:03:52","date_gmt":"2019-07-28T14:03:52","guid":{"rendered":"http:\/\/colentum.com\/kornati\/"},"modified":"2019-08-06T19:24:05","modified_gmt":"2019-08-06T19:24:05","slug":"kornati","status":"publish","type":"page","link":"https:\/\/colentum.com\/sl\/kornati\/","title":{"rendered":"Kornati"},"content":{"rendered":"<p>[et_pb_section fb_built=&#8221;1&#8243; _builder_version=&#8221;3.19&#8243;][et_pb_row _builder_version=&#8221;3.19&#8243;][et_pb_column type=&#8221;4_4&#8243; _builder_version=&#8221;3.19&#8243; parallax=&#8221;off&#8221; parallax_method=&#8221;on&#8221;][et_pb_text _builder_version=&#8221;3.19&#8243;]<\/p>\n<h1 style=\"text-align: center;\">Kornati<\/h1>\n<p>[\/et_pb_text][et_pb_text _builder_version=&#8221;3.19&#8243;]<\/p>\n<h3 style=\"text-align: center;\">Kornati imajo vse: \u010disto in <span style=\"color: #47a6c4;\">bistro morje, obilo sonca, \u0161tevilne uvale, zaliv\u010dke, luke, mnogo otokov<\/span>, oto\u010dkov in \u010deri v nedotaknjeni naravi, v samem sredi\u0161\u010du Evrope.<\/h3>\n<p>[\/et_pb_text][\/et_pb_column][\/et_pb_row][\/et_pb_section][et_pb_section fb_built=&#8221;1&#8243; _builder_version=&#8221;3.19&#8243; custom_padding=&#8221;0|0px|0|0px|false|false&#8221;][et_pb_row make_fullwidth=&#8221;on&#8221; use_custom_gutter=&#8221;on&#8221; gutter_width=&#8221;2&#8243; custom_padding=&#8221;0|0px|77px|0px|false|false&#8221; _builder_version=&#8221;3.19&#8243;][et_pb_column type=&#8221;1_4&#8243; _builder_version=&#8221;3.19&#8243; parallax=&#8221;off&#8221; parallax_method=&#8221;on&#8221;][\/et_pb_column][et_pb_column type=&#8221;1_2&#8243; _builder_version=&#8221;3.19&#8243; parallax=&#8221;off&#8221; parallax_method=&#8221;on&#8221;][et_pb_text _builder_version=&#8221;3.19&#8243;]<\/p>\n<p>Kornatski arhipelag, ki je sestavni del ob\u010dine Murter &#8211; Kornati, je sestavljen iz 150 otokov, oto\u010dkov in \u010deri. Velika koncentracija otokov na malem prostoru ga dela za enega od najbolj razgibanih oto\u010dnih skupin v Sredozemskem morju. Leta 1980 so ga razglasili za Narodni park.\u00a0<\/p>\n<p>Povr\u0161ina Kornatskega oto\u010dja je okrog 62 km2, povr\u0161ina Narodnega parka pa okrog 300 km2.\u00a0<\/p>\n<p> Najslikovitej\u0161a naravna atrakcija so zagotovo klifi (stene) obrnjeni proti odprtem morju, ki v samem morju dose\u017eejo globine tudi do sto metrov globine. Rastlinstvo in \u017eivalstvo Kornatskega oto\u010dja sestavlja 346 vrst in 295 podvrst, ki so uspele v akvatoriju pre\u017eiveti zato, ker je okolje zelo dobro za\u0161\u010diteno pred onesna\u017eenjem.<\/p>\n<p>&nbsp;<\/p>\n<p>&nbsp;<\/p>\n<p>[\/et_pb_text][\/et_pb_column][et_pb_column type=&#8221;1_4&#8243; _builder_version=&#8221;3.19&#8243; parallax=&#8221;off&#8221; parallax_method=&#8221;on&#8221;][et_pb_button button_url=&#8221;https:\/\/www.kornati.hr&#8221; url_new_window=&#8221;on&#8221; button_text=&#8221;www.kornati.hr&#8221; button_alignment=&#8221;center&#8221; _builder_version=&#8221;3.19&#8243;][\/et_pb_button][\/et_pb_column][\/et_pb_row][\/et_pb_section][et_pb_section fb_built=&#8221;1&#8243; _builder_version=&#8221;3.19&#8243; background_image=&#8221;https:\/\/colentum.com\/wp-content\/uploads\/2019\/07\/Gominjak-i-Lunga-Kornati.jpg&#8221; parallax=&#8221;on&#8221; custom_padding=&#8221;54px|0px|291px|0px|false|false&#8221;][et_pb_row _builder_version=&#8221;3.19&#8243;][et_pb_column type=&#8221;4_4&#8243; _builder_version=&#8221;3.19&#8243; parallax=&#8221;off&#8221; parallax_method=&#8221;on&#8221;][et_pb_text _builder_version=&#8221;3.19&#8243;]<\/p>\n<p style=\"text-align: right;\"><span style=\"color: #ffffff;\"><\/span><\/p>\n<p style=\"text-align: left;\"><span style=\"color: #ffffff;\">Photo: <a href=\"https:\/\/www.np-kornati.hr\">NP-KORNATI.HR<\/a><\/span><\/p>\n<p>[\/et_pb_text][\/et_pb_column][\/et_pb_row][\/et_pb_section][et_pb_section fb_built=&#8221;1&#8243; _builder_version=&#8221;3.19&#8243; custom_padding=&#8221;0|0px|0|0px|false|false&#8221;][et_pb_row make_fullwidth=&#8221;on&#8221; use_custom_gutter=&#8221;on&#8221; gutter_width=&#8221;2&#8243; custom_padding=&#8221;56px|0px|77px|0px|false|false&#8221; _builder_version=&#8221;3.19&#8243;][et_pb_column type=&#8221;1_4&#8243; _builder_version=&#8221;3.19&#8243; parallax=&#8221;off&#8221; parallax_method=&#8221;on&#8221;][\/et_pb_column][et_pb_column type=&#8221;1_2&#8243; _builder_version=&#8221;3.19&#8243; parallax=&#8221;off&#8221; parallax_method=&#8221;on&#8221;][et_pb_text _builder_version=&#8221;3.19&#8243;]<\/p>\n<p>\u010ce ste v dvomu, ali bi obiskali Kornate ali ne, naj vam damo za vzgled britanskega kralja\u00a0<b>Edvarda VIII,<\/b>\u00a0ki je dosegel svetovno slavo kot vladar, znan po tem, da mu je bila ljubezen pomembnej\u0161a od kreljevske krone. Leta 1936. je postal kralj, a \u0161e istega leta abdiciral, ker se ni \u017eelel odre\u010di poroki z \u017eensko, ki jo je ljubil. Tega usodnega leta je kralj Edvard VIII poletje pre\u017eivel na Kornatih. Ribaril je in u\u017eival, dneve pa pre\u017eivljal tudi tako, da je po kornatskem arhipelagu kri\u017earil s svojo jahto &#8220;Nahlin&#8221;, takrat najhitrej\u0161o jahto na svetu. Morda je namenoma izbral ravno slikovite Kornate, da v ti\u0161ini re\u0161i dvom, ki ga je pestil: kraljevska krona ali ljubljena \u017eena.<\/p>\n<p>Kakorkoli \u017ee, za njim so Kornate obiskali mnogi kralji, dr\u017eavniki, bogata\u0161i in ostali in obiskujejo jih \u0161e vedno.<\/p>\n<p><\/p>\n<p>&nbsp;<\/p>\n<p>Photo: NP Koranti \/ www.kornati.hr<\/p>\n<p>[\/et_pb_text][\/et_pb_column][et_pb_column type=&#8221;1_4&#8243; _builder_version=&#8221;3.19&#8243; parallax=&#8221;off&#8221; parallax_method=&#8221;on&#8221;][\/et_pb_column][\/et_pb_row][\/et_pb_section][et_pb_section fb_built=&#8221;1&#8243; _builder_version=&#8221;3.19&#8243; custom_padding=&#8221;0|0px|0|0px|false|false&#8221; saved_tabs=&#8221;all&#8221; global_module=&#8221;563&#8243;][et_pb_row make_fullwidth=&#8221;on&#8221; use_custom_gutter=&#8221;on&#8221; gutter_width=&#8221;1&#8243; custom_padding=&#8221;50px|0px|50px|0px|false|false&#8221; make_equal=&#8221;on&#8221; background_color_2=&#8221;#f4f4f4&#8243; bg_img_1=&#8221;https:\/\/colentum.com\/wp-content\/uploads\/2019\/07\/Hotel-Colentum-Murter60.jpg&#8221; padding_top_bottom_link_2=&#8221;true&#8221; padding_left_right_link_2=&#8221;true&#8221; padding_top_2=&#8221;50px&#8221; padding_right_2=&#8221;50px&#8221; padding_bottom_2=&#8221;50px&#8221; padding_left_2=&#8221;50px&#8221; _builder_version=&#8221;3.19&#8243; module_alignment=&#8221;right&#8221;][et_pb_column type=&#8221;1_3&#8243; _builder_version=&#8221;3.19&#8243; bg_img=&#8221;https:\/\/colentum.com\/wp-content\/uploads\/2019\/07\/Hotel-Colentum-Murter60.jpg&#8221; parallax=&#8221;off&#8221; parallax_method=&#8221;on&#8221;][\/et_pb_column][et_pb_column type=&#8221;2_3&#8243; _builder_version=&#8221;3.19&#8243; padding_bottom=&#8221;50px&#8221; padding_left=&#8221;50px&#8221; padding_right=&#8221;50px&#8221; padding_top=&#8221;50px&#8221; background_color=&#8221;#f4f4f4&#8243; parallax=&#8221;off&#8221; parallax_method=&#8221;on&#8221;][et_pb_text _builder_version=&#8221;3.19&#8243;]<\/p>\n<h4>ISTRA\u017dI SOBE<\/h4>\n<h2><span class=\"tlid-translation translation\" lang=\"sl\"><span title=\"\" class=\"\">Izberite svoj najljub\u0161i tip sobe<\/span><\/span><\/h2>\n<p>[\/et_pb_text][et_pb_button button_url=&#8221;https:\/\/colentum.com\/rooms&#8221; button_text=&#8221;Izberite sobo&#8221; _builder_version=&#8221;3.19&#8243;][\/et_pb_button][\/et_pb_column][\/et_pb_row][\/et_pb_section][et_pb_section fb_built=&#8221;1&#8243; _builder_version=&#8221;3.19&#8243; saved_tabs=&#8221;all&#8221; global_module=&#8221;551&#8243;][et_pb_row _builder_version=&#8221;3.19&#8243;][et_pb_column type=&#8221;1_3&#8243; _builder_version=&#8221;3.19&#8243; parallax=&#8221;off&#8221; parallax_method=&#8221;on&#8221;][et_pb_text _builder_version=&#8221;3.19&#8243;]<\/p>\n<h3>KONTAKT<\/h3>\n<p>A: <span class=\"LrzXr\">Put Slanice bb, 22243, Murter<\/span><br \/>T: 00385 22 338 578<br \/> E: <a class=\"menuLink\" href=\"mailto:booking@colentum.com\">booking@colentum.com<\/a><\/p>\n<p>[\/et_pb_text][et_pb_button button_url=&#8221;https:\/\/goo.gl\/maps\/m6FMAFrDfTG8tjvAA&#8221; url_new_window=&#8221;on&#8221; button_text=&#8221;ODPRI NA KARTI&#8221; _builder_version=&#8221;3.19&#8243;][\/et_pb_button][\/et_pb_column][et_pb_column type=&#8221;1_3&#8243; _builder_version=&#8221;3.19&#8243; parallax=&#8221;off&#8221; parallax_method=&#8221;on&#8221;][\/et_pb_column][et_pb_column type=&#8221;1_3&#8243; _builder_version=&#8221;3.19&#8243; parallax=&#8221;off&#8221; parallax_method=&#8221;on&#8221;][et_pb_image src=&#8221;https:\/\/colentum.com\/wp-content\/uploads\/2019\/07\/logo.png&#8221; always_center_on_mobile=&#8221;off&#8221; disabled_on=&#8221;on|on|off&#8221; _builder_version=&#8221;3.19&#8243; max_width=&#8221;58%&#8221; module_alignment=&#8221;center&#8221;][\/et_pb_image][\/et_pb_column][\/et_pb_row][\/et_pb_section]<\/p>\n","protected":false},"excerpt":{"rendered":"<p>KornatiKornati imajo vse: \u010disto in bistro morje, obilo sonca, \u0161tevilne uvale, zaliv\u010dke, luke, mnogo otokov, oto\u010dkov in \u010deri v nedotaknjeni naravi, v samem sredi\u0161\u010du Evrope.Kornatski arhipelag, ki je sestavni del ob\u010dine Murter &#8211; Kornati, je sestavljen iz 150 otokov, oto\u010dkov in \u010deri. Velika koncentracija otokov na malem prostoru ga dela za enega od najbolj razgibanih [&hellip;]<\/p>\n","protected":false},"author":1,"featured_media":517,"parent":0,"menu_order":0,"comment_status":"closed","ping_status":"closed","template":"","meta":{"_et_pb_use_builder":"on","_et_pb_old_content":"","_et_gb_content_width":"","footnotes":""},"class_list":["post-586","page","type-page","status-publish","has-post-thumbnail","hentry"],"yoast_head":"<!-- This site is optimized with the Yoast SEO plugin v24.4 - https:\/\/yoast.com\/wordpress\/plugins\/seo\/ -->\n<title>Kornati - National park of 150 untouched islands<\/title>\n<meta name=\"description\" content=\"The Kornati archipelago consists of 150 untouched and majestic islands, islets and reefs. It was proclaimed the national park in the year 1980.\" \/>\n<meta name=\"robots\" content=\"index, follow, max-snippet:-1, max-image-preview:large, max-video-preview:-1\" \/>\n<link rel=\"canonical\" href=\"https:\/\/colentum.com\/kornati\/\" \/>\n<meta property=\"og:locale\" content=\"sl_SI\" \/>\n<meta property=\"og:type\" content=\"article\" \/>\n<meta property=\"og:title\" content=\"Kornati - National park of 150 untouched islands\" \/>\n<meta property=\"og:description\" content=\"The Kornati archipelago consists of 150 untouched and majestic islands, islets and reefs. It was proclaimed the national park in the year 1980.\" \/>\n<meta property=\"og:url\" content=\"https:\/\/colentum.com\/kornati\/\" \/>\n<meta property=\"og:site_name\" content=\"Colentum Resort Murter - Hotel Jager\" \/>\n<meta property=\"article:modified_time\" content=\"2019-08-06T19:24:05+00:00\" \/>\n<meta property=\"og:image\" content=\"https:\/\/colentum.com\/wp-content\/uploads\/2019\/07\/Suha-Punta.jpg\" \/>\n\t<meta property=\"og:image:width\" content=\"900\" \/>\n\t<meta property=\"og:image:height\" content=\"600\" \/>\n\t<meta property=\"og:image:type\" content=\"image\/jpeg\" \/>\n<meta name=\"twitter:card\" content=\"summary_large_image\" \/>\n<meta name=\"twitter:label1\" content=\"Est. reading time\" \/>\n\t<meta name=\"twitter:data1\" content=\"5 minut\" \/>\n<script type=\"application\/ld+json\" class=\"yoast-schema-graph\">{\"@context\":\"https:\/\/schema.org\",\"@graph\":[{\"@type\":\"WebPage\",\"@id\":\"https:\/\/colentum.com\/kornati\/\",\"url\":\"https:\/\/colentum.com\/kornati\/\",\"name\":\"Kornati - National park of 150 untouched islands\",\"isPartOf\":{\"@id\":\"https:\/\/colentum.com\/#website\"},\"primaryImageOfPage\":{\"@id\":\"https:\/\/colentum.com\/kornati\/#primaryimage\"},\"image\":{\"@id\":\"https:\/\/colentum.com\/kornati\/#primaryimage\"},\"thumbnailUrl\":\"https:\/\/colentum.com\/wp-content\/uploads\/2019\/07\/Suha-Punta.jpg\",\"datePublished\":\"2019-07-28T14:03:52+00:00\",\"dateModified\":\"2019-08-06T19:24:05+00:00\",\"description\":\"The Kornati archipelago consists of 150 untouched and majestic islands, islets and reefs. It was proclaimed the national park in the year 1980.\",\"breadcrumb\":{\"@id\":\"https:\/\/colentum.com\/kornati\/#breadcrumb\"},\"inLanguage\":\"sl-SI\",\"potentialAction\":[{\"@type\":\"ReadAction\",\"target\":[\"https:\/\/colentum.com\/kornati\/\"]}]},{\"@type\":\"ImageObject\",\"inLanguage\":\"sl-SI\",\"@id\":\"https:\/\/colentum.com\/kornati\/#primaryimage\",\"url\":\"https:\/\/colentum.com\/wp-content\/uploads\/2019\/07\/Suha-Punta.jpg\",\"contentUrl\":\"https:\/\/colentum.com\/wp-content\/uploads\/2019\/07\/Suha-Punta.jpg\",\"width\":900,\"height\":600},{\"@type\":\"BreadcrumbList\",\"@id\":\"https:\/\/colentum.com\/kornati\/#breadcrumb\",\"itemListElement\":[{\"@type\":\"ListItem\",\"position\":1,\"name\":\"Home\",\"item\":\"https:\/\/colentum.com\/sl\/\"},{\"@type\":\"ListItem\",\"position\":2,\"name\":\"Kornati\"}]},{\"@type\":\"WebSite\",\"@id\":\"https:\/\/colentum.com\/#website\",\"url\":\"https:\/\/colentum.com\/\",\"name\":\"Colentum Resort Murter - Hotel Jager\",\"description\":\"Your favourite destination on Murter\",\"potentialAction\":[{\"@type\":\"SearchAction\",\"target\":{\"@type\":\"EntryPoint\",\"urlTemplate\":\"https:\/\/colentum.com\/?s={search_term_string}\"},\"query-input\":{\"@type\":\"PropertyValueSpecification\",\"valueRequired\":true,\"valueName\":\"search_term_string\"}}],\"inLanguage\":\"sl-SI\"}]}<\/script>\n<!-- \/ Yoast SEO plugin. -->","yoast_head_json":{"title":"Kornati - National park of 150 untouched islands","description":"The Kornati archipelago consists of 150 untouched and majestic islands, islets and reefs. It was proclaimed the national park in the year 1980.","robots":{"index":"index","follow":"follow","max-snippet":"max-snippet:-1","max-image-preview":"max-image-preview:large","max-video-preview":"max-video-preview:-1"},"canonical":"https:\/\/colentum.com\/kornati\/","og_locale":"sl_SI","og_type":"article","og_title":"Kornati - National park of 150 untouched islands","og_description":"The Kornati archipelago consists of 150 untouched and majestic islands, islets and reefs. It was proclaimed the national park in the year 1980.","og_url":"https:\/\/colentum.com\/kornati\/","og_site_name":"Colentum Resort Murter - Hotel Jager","article_modified_time":"2019-08-06T19:24:05+00:00","og_image":[{"width":900,"height":600,"url":"https:\/\/colentum.com\/wp-content\/uploads\/2019\/07\/Suha-Punta.jpg","type":"image\/jpeg"}],"twitter_card":"summary_large_image","twitter_misc":{"Est. reading time":"5 minut"},"schema":{"@context":"https:\/\/schema.org","@graph":[{"@type":"WebPage","@id":"https:\/\/colentum.com\/kornati\/","url":"https:\/\/colentum.com\/kornati\/","name":"Kornati - National park of 150 untouched islands","isPartOf":{"@id":"https:\/\/colentum.com\/#website"},"primaryImageOfPage":{"@id":"https:\/\/colentum.com\/kornati\/#primaryimage"},"image":{"@id":"https:\/\/colentum.com\/kornati\/#primaryimage"},"thumbnailUrl":"https:\/\/colentum.com\/wp-content\/uploads\/2019\/07\/Suha-Punta.jpg","datePublished":"2019-07-28T14:03:52+00:00","dateModified":"2019-08-06T19:24:05+00:00","description":"The Kornati archipelago consists of 150 untouched and majestic islands, islets and reefs. It was proclaimed the national park in the year 1980.","breadcrumb":{"@id":"https:\/\/colentum.com\/kornati\/#breadcrumb"},"inLanguage":"sl-SI","potentialAction":[{"@type":"ReadAction","target":["https:\/\/colentum.com\/kornati\/"]}]},{"@type":"ImageObject","inLanguage":"sl-SI","@id":"https:\/\/colentum.com\/kornati\/#primaryimage","url":"https:\/\/colentum.com\/wp-content\/uploads\/2019\/07\/Suha-Punta.jpg","contentUrl":"https:\/\/colentum.com\/wp-content\/uploads\/2019\/07\/Suha-Punta.jpg","width":900,"height":600},{"@type":"BreadcrumbList","@id":"https:\/\/colentum.com\/kornati\/#breadcrumb","itemListElement":[{"@type":"ListItem","position":1,"name":"Home","item":"https:\/\/colentum.com\/sl\/"},{"@type":"ListItem","position":2,"name":"Kornati"}]},{"@type":"WebSite","@id":"https:\/\/colentum.com\/#website","url":"https:\/\/colentum.com\/","name":"Colentum Resort Murter - Hotel Jager","description":"Your favourite destination on Murter","potentialAction":[{"@type":"SearchAction","target":{"@type":"EntryPoint","urlTemplate":"https:\/\/colentum.com\/?s={search_term_string}"},"query-input":{"@type":"PropertyValueSpecification","valueRequired":true,"valueName":"search_term_string"}}],"inLanguage":"sl-SI"}]}},"_links":{"self":[{"href":"https:\/\/colentum.com\/sl\/wp-json\/wp\/v2\/pages\/586","targetHints":{"allow":["GET"]}}],"collection":[{"href":"https:\/\/colentum.com\/sl\/wp-json\/wp\/v2\/pages"}],"about":[{"href":"https:\/\/colentum.com\/sl\/wp-json\/wp\/v2\/types\/page"}],"author":[{"embeddable":true,"href":"https:\/\/colentum.com\/sl\/wp-json\/wp\/v2\/users\/1"}],"replies":[{"embeddable":true,"href":"https:\/\/colentum.com\/sl\/wp-json\/wp\/v2\/comments?post=586"}],"version-history":[{"count":3,"href":"https:\/\/colentum.com\/sl\/wp-json\/wp\/v2\/pages\/586\/revisions"}],"predecessor-version":[{"id":593,"href":"https:\/\/colentum.com\/sl\/wp-json\/wp\/v2\/pages\/586\/revisions\/593"}],"wp:featuredmedia":[{"embeddable":true,"href":"https:\/\/colentum.com\/sl\/wp-json\/wp\/v2\/media\/517"}],"wp:attachment":[{"href":"https:\/\/colentum.com\/sl\/wp-json\/wp\/v2\/media?parent=586"}],"curies":[{"name":"wp","href":"https:\/\/api.w.org\/{rel}","templated":true}]}}