{"id":595,"date":"2019-07-28T15:30:36","date_gmt":"2019-07-28T15:30:36","guid":{"rendered":"http:\/\/colentum.com\/location\/"},"modified":"2019-08-06T19:35:50","modified_gmt":"2019-08-06T19:35:50","slug":"lokacija","status":"publish","type":"page","link":"https:\/\/colentum.com\/sl\/lokacija\/","title":{"rendered":"Lokacija"},"content":{"rendered":"<p>[et_pb_section fb_built=&#8221;1&#8243; _builder_version=&#8221;3.19&#8243;][et_pb_row _builder_version=&#8221;3.19&#8243;][et_pb_column type=&#8221;4_4&#8243; _builder_version=&#8221;3.19&#8243; parallax=&#8221;off&#8221; parallax_method=&#8221;on&#8221;][et_pb_text _builder_version=&#8221;3.19&#8243;]<\/p>\n<h1 style=\"text-align: center;\">lokacija<\/h1>\n<p>[\/et_pb_text][et_pb_text _builder_version=&#8221;3.19&#8243;]<\/p>\n<h3 style=\"text-align: center;\"><span style=\"color: #47a6c4;\">Murter je eden od 190 otokov \u0161ibeni\u0161ke riviere. Je na jugozahodni strani riviere in s kopnim povezan z mostom.<\/span><\/h3>\n<p>[\/et_pb_text][\/et_pb_column][\/et_pb_row][\/et_pb_section][et_pb_section fb_built=&#8221;1&#8243; _builder_version=&#8221;3.19&#8243;][et_pb_row _builder_version=&#8221;3.19&#8243;][et_pb_column type=&#8221;1_3&#8243; _builder_version=&#8221;3.19&#8243; parallax=&#8221;off&#8221; parallax_method=&#8221;on&#8221;][et_pb_text _builder_version=&#8221;3.19&#8243;]<\/p>\n<h3>avtocesta<\/h3>\n<p><b>Iz<\/b> <b>Zagreba<\/b>\u00a0Zagreb \u2013 Karlovac \u2013 Zadar &#8211; Pirovac (izhod)-Murter (335 km)<\/p>\n<p><b>Iz<\/b> <b>Splita<\/b><b>:\u00a0<\/b>Split \u2013 \u0160ibenik &#8211; Pirovac (izhod) \u2013 Murter (115 km) <\/p>\n<p>[\/et_pb_text][\/et_pb_column][et_pb_column type=&#8221;1_3&#8243; _builder_version=&#8221;3.19&#8243; parallax=&#8221;off&#8221; parallax_method=&#8221;on&#8221;][et_pb_text _builder_version=&#8221;3.19&#8243;]<\/p>\n<h3>cesta<\/h3>\n<p><b>Iz<\/b> <b>Zagreba<\/b><b>:\u00a0<\/b>Zagreb \u2013 Karlovac \u2013 Slunj &#8211; Plitvi\u010dka jezera \u2013 Udbina &#8211; Gornja plo\u010da \u2013 Maslenica &#8211; Zadar 2 \u2013 Benkovac \u2013 Stankovci &#8211; Murter (320 km)<\/p>\n<p><b>Iz<\/b> <b>Reke<\/b><b>:\u00a0<\/b>Reka \u2013 Senj \u2013 Karlobag \u2013 Zadar \u2013 Biograd &#8211; Murter (265 km)<\/p>\n<p><b>Iz<\/b> <b>Splita<\/b><b>:<\/b>\u00a0Split \u2013 Trogir \u2013 Boraja \u2013 \u0160ibenik \u2013 Vodice &#8211; Murter (105 km)<\/p>\n<p>[\/et_pb_text][\/et_pb_column][et_pb_column type=&#8221;1_3&#8243; _builder_version=&#8221;3.19&#8243; parallax=&#8221;off&#8221; parallax_method=&#8221;on&#8221;][et_pb_text _builder_version=&#8221;3.19&#8243;]<\/p>\n<h3>letalo<\/h3>\n<p>Airport Zadar \u2013 Murter (66 km)<\/p>\n<p>Airport Split (Trogir) \u2013 Trogir \u2013 Vodice (93 km)<\/p>\n<p>[\/et_pb_text][\/et_pb_column][\/et_pb_row][et_pb_row _builder_version=&#8221;3.19&#8243;][et_pb_column type=&#8221;1_3&#8243; _builder_version=&#8221;3.19&#8243; parallax=&#8221;off&#8221; parallax_method=&#8221;on&#8221;][et_pb_text _builder_version=&#8221;3.19&#8243;]<\/p>\n<h3>vlak<\/h3>\n<p>\u017delezni\u0161ki kolodvor v \u0160ibeniku\u00a0\u2013 Murter (35 km)<a href=\"https:\/\/www.hotel-colentum.com\/si\/w_hotel_dalmacija_hrvatska_03.asp\">\u00a0\u00a0\u00a0\u00a0\u00a0\u00a0\u00a0\u00a0\u00a0<\/a>\u00a0<br \/> \u017delezni\u0161ki kolodvor v Zadru\u00a0\u2013 Murter (71 km)<\/p>\n<p>[\/et_pb_text][\/et_pb_column][et_pb_column type=&#8221;1_3&#8243; _builder_version=&#8221;3.19&#8243; parallax=&#8221;off&#8221; parallax_method=&#8221;on&#8221;][et_pb_text _builder_version=&#8221;3.19&#8243;]<\/p>\n<h3>trajekt<\/h3>\n<p><b>Trajektna<\/b> <b>luka<\/b><b> v <\/b><b>\u0160ibeniku<\/b><b>\u00a0<\/b>\u2013 Murter (35 km)<\/p>\n<p><b>Trajektna<\/b> <b>luka<\/b><b> v <\/b><b>Zadru<\/b><b>\u00a0<\/b>\u2013 Murter (71 km)<\/p>\n<p>[\/et_pb_text][\/et_pb_column][et_pb_column type=&#8221;1_3&#8243; _builder_version=&#8221;3.19&#8243; parallax=&#8221;off&#8221; parallax_method=&#8221;on&#8221;][\/et_pb_column][\/et_pb_row][\/et_pb_section][et_pb_section fb_built=&#8221;1&#8243; _builder_version=&#8221;3.19&#8243; parallax=&#8221;on&#8221; custom_padding=&#8221;0|0px|7px|0px|false|false&#8221;][et_pb_row make_fullwidth=&#8221;on&#8221; use_custom_gutter=&#8221;on&#8221; gutter_width=&#8221;1&#8243; custom_padding=&#8221;0|0px|6px|0px|false|false&#8221; _builder_version=&#8221;3.19&#8243;][et_pb_column type=&#8221;4_4&#8243; _builder_version=&#8221;3.19&#8243; parallax=&#8221;off&#8221; parallax_method=&#8221;on&#8221;][et_pb_code _builder_version=&#8221;3.19&#8243;]<iframe loading=\"lazy\" src=\"https:\/\/www.google.com\/maps\/embed?pb=!1m18!1m12!1m3!1d2878.862111418317!2d15.57766911543122!3d43.817219479116076!2m3!1f0!2f0!3f0!3m2!1i1024!2i768!4f13.1!3m3!1m2!1s0x1334ce2af7d45097%3A0xf75cd26022874e63!2sHotel+Colentum!5e0!3m2!1sen!2shr!4v1564328254392!5m2!1sen!2shr\" width=\"100%\" height=\"450\" frameborder=\"0\" style=\"border:0\" allowfullscreen><\/iframe>[\/et_pb_code][\/et_pb_column][\/et_pb_row][\/et_pb_section][et_pb_section fb_built=&#8221;1&#8243; _builder_version=&#8221;3.19&#8243; custom_padding=&#8221;0|0px|0|0px|false|false&#8221; saved_tabs=&#8221;all&#8221; global_module=&#8221;563&#8243;][et_pb_row make_fullwidth=&#8221;on&#8221; use_custom_gutter=&#8221;on&#8221; gutter_width=&#8221;1&#8243; custom_padding=&#8221;50px|0px|50px|0px|false|false&#8221; make_equal=&#8221;on&#8221; background_color_2=&#8221;#f4f4f4&#8243; bg_img_1=&#8221;https:\/\/colentum.com\/wp-content\/uploads\/2019\/07\/Hotel-Colentum-Murter60.jpg&#8221; padding_top_bottom_link_2=&#8221;true&#8221; padding_left_right_link_2=&#8221;true&#8221; padding_top_2=&#8221;50px&#8221; padding_right_2=&#8221;50px&#8221; padding_bottom_2=&#8221;50px&#8221; padding_left_2=&#8221;50px&#8221; _builder_version=&#8221;3.19&#8243; module_alignment=&#8221;right&#8221;][et_pb_column type=&#8221;1_3&#8243; _builder_version=&#8221;3.19&#8243; bg_img=&#8221;https:\/\/colentum.com\/wp-content\/uploads\/2019\/07\/Hotel-Colentum-Murter60.jpg&#8221; parallax=&#8221;off&#8221; parallax_method=&#8221;on&#8221;][\/et_pb_column][et_pb_column type=&#8221;2_3&#8243; _builder_version=&#8221;3.19&#8243; padding_bottom=&#8221;50px&#8221; padding_left=&#8221;50px&#8221; padding_right=&#8221;50px&#8221; padding_top=&#8221;50px&#8221; background_color=&#8221;#f4f4f4&#8243; parallax=&#8221;off&#8221; parallax_method=&#8221;on&#8221;][et_pb_text _builder_version=&#8221;3.19&#8243;]<\/p>\n<h4>ISTRA\u017dI SOBE<\/h4>\n<h2><span class=\"tlid-translation translation\" lang=\"sl\"><span title=\"\" class=\"\">Izberite svoj najljub\u0161i tip sobe<\/span><\/span><\/h2>\n<p>[\/et_pb_text][et_pb_button button_url=&#8221;https:\/\/colentum.com\/rooms&#8221; button_text=&#8221;Izberite sobo&#8221; _builder_version=&#8221;3.19&#8243;][\/et_pb_button][\/et_pb_column][\/et_pb_row][\/et_pb_section][et_pb_section fb_built=&#8221;1&#8243; _builder_version=&#8221;3.19&#8243; saved_tabs=&#8221;all&#8221; global_module=&#8221;551&#8243;][et_pb_row _builder_version=&#8221;3.19&#8243;][et_pb_column type=&#8221;1_3&#8243; _builder_version=&#8221;3.19&#8243; parallax=&#8221;off&#8221; parallax_method=&#8221;on&#8221;][et_pb_text _builder_version=&#8221;3.19&#8243;]<\/p>\n<h3>KONTAKT<\/h3>\n<p>A: <span class=\"LrzXr\">Put Slanice bb, 22243, Murter<\/span><br \/>T: 00385 22 338 578<br \/> E: <a class=\"menuLink\" href=\"mailto:booking@colentum.com\">booking@colentum.com<\/a><\/p>\n<p>[\/et_pb_text][et_pb_button button_url=&#8221;https:\/\/goo.gl\/maps\/m6FMAFrDfTG8tjvAA&#8221; url_new_window=&#8221;on&#8221; button_text=&#8221;ODPRI NA KARTI&#8221; _builder_version=&#8221;3.19&#8243;][\/et_pb_button][\/et_pb_column][et_pb_column type=&#8221;1_3&#8243; _builder_version=&#8221;3.19&#8243; parallax=&#8221;off&#8221; parallax_method=&#8221;on&#8221;][\/et_pb_column][et_pb_column type=&#8221;1_3&#8243; _builder_version=&#8221;3.19&#8243; parallax=&#8221;off&#8221; parallax_method=&#8221;on&#8221;][et_pb_image src=&#8221;https:\/\/colentum.com\/wp-content\/uploads\/2019\/07\/logo.png&#8221; always_center_on_mobile=&#8221;off&#8221; disabled_on=&#8221;on|on|off&#8221; _builder_version=&#8221;3.19&#8243; max_width=&#8221;58%&#8221; module_alignment=&#8221;center&#8221;][\/et_pb_image][\/et_pb_column][\/et_pb_row][\/et_pb_section]<\/p>\n","protected":false},"excerpt":{"rendered":"<p>lokacijaMurter je eden od 190 otokov \u0161ibeni\u0161ke riviere. Je na jugozahodni strani riviere in s kopnim povezan z mostom.avtocesta Iz Zagreba\u00a0Zagreb \u2013 Karlovac \u2013 Zadar &#8211; Pirovac (izhod)-Murter (335 km) Iz Splita:\u00a0Split \u2013 \u0160ibenik &#8211; Pirovac (izhod) \u2013 Murter (115 km) cesta Iz Zagreba:\u00a0Zagreb \u2013 Karlovac \u2013 Slunj &#8211; Plitvi\u010dka jezera \u2013 Udbina &#8211; Gornja [&hellip;]<\/p>\n","protected":false},"author":1,"featured_media":365,"parent":0,"menu_order":0,"comment_status":"closed","ping_status":"closed","template":"","meta":{"_et_pb_use_builder":"on","_et_pb_old_content":"","_et_gb_content_width":"","footnotes":""},"class_list":["post-595","page","type-page","status-publish","has-post-thumbnail","hentry"],"yoast_head":"<!-- This site is optimized with the Yoast SEO plugin v24.4 - https:\/\/yoast.com\/wordpress\/plugins\/seo\/ -->\n<title>Perfect location for vacation in Croatia<\/title>\n<meta name=\"description\" content=\"Murter is situated between Zadar and \u0160ibenik, two of the most beautiful towns in Croatia. Colentum Resort Murter is located just by the famous Slanica bay.\" \/>\n<meta name=\"robots\" content=\"index, follow, max-snippet:-1, max-image-preview:large, max-video-preview:-1\" \/>\n<link rel=\"canonical\" href=\"https:\/\/colentum.com\/location\/\" \/>\n<meta property=\"og:locale\" content=\"sl_SI\" \/>\n<meta property=\"og:type\" content=\"article\" \/>\n<meta property=\"og:title\" content=\"Perfect location for vacation in Croatia\" \/>\n<meta property=\"og:description\" content=\"Murter is situated between Zadar and \u0160ibenik, two of the most beautiful towns in Croatia. Colentum Resort Murter is located just by the famous Slanica bay.\" \/>\n<meta property=\"og:url\" content=\"https:\/\/colentum.com\/location\/\" \/>\n<meta property=\"og:site_name\" content=\"Colentum Resort Murter - Hotel Jager\" \/>\n<meta property=\"article:modified_time\" content=\"2019-08-06T19:35:50+00:00\" \/>\n<meta property=\"og:image\" content=\"https:\/\/colentum.com\/wp-content\/uploads\/2019\/07\/Hotel-Colentum-Murter37.jpg\" \/>\n\t<meta property=\"og:image:width\" content=\"1600\" \/>\n\t<meta property=\"og:image:height\" content=\"1068\" \/>\n\t<meta property=\"og:image:type\" content=\"image\/jpeg\" \/>\n<meta name=\"twitter:card\" content=\"summary_large_image\" \/>\n<meta name=\"twitter:label1\" content=\"Est. reading time\" \/>\n\t<meta name=\"twitter:data1\" content=\"4 minute\" \/>\n<script type=\"application\/ld+json\" class=\"yoast-schema-graph\">{\"@context\":\"https:\/\/schema.org\",\"@graph\":[{\"@type\":\"WebPage\",\"@id\":\"https:\/\/colentum.com\/location\/\",\"url\":\"https:\/\/colentum.com\/location\/\",\"name\":\"Perfect location for vacation in Croatia\",\"isPartOf\":{\"@id\":\"https:\/\/colentum.com\/#website\"},\"primaryImageOfPage\":{\"@id\":\"https:\/\/colentum.com\/location\/#primaryimage\"},\"image\":{\"@id\":\"https:\/\/colentum.com\/location\/#primaryimage\"},\"thumbnailUrl\":\"https:\/\/colentum.com\/wp-content\/uploads\/2019\/07\/Hotel-Colentum-Murter37.jpg\",\"datePublished\":\"2019-07-28T15:30:36+00:00\",\"dateModified\":\"2019-08-06T19:35:50+00:00\",\"description\":\"Murter is situated between Zadar and \u0160ibenik, two of the most beautiful towns in Croatia. Colentum Resort Murter is located just by the famous Slanica bay.\",\"breadcrumb\":{\"@id\":\"https:\/\/colentum.com\/location\/#breadcrumb\"},\"inLanguage\":\"sl-SI\",\"potentialAction\":[{\"@type\":\"ReadAction\",\"target\":[\"https:\/\/colentum.com\/location\/\"]}]},{\"@type\":\"ImageObject\",\"inLanguage\":\"sl-SI\",\"@id\":\"https:\/\/colentum.com\/location\/#primaryimage\",\"url\":\"https:\/\/colentum.com\/wp-content\/uploads\/2019\/07\/Hotel-Colentum-Murter37.jpg\",\"contentUrl\":\"https:\/\/colentum.com\/wp-content\/uploads\/2019\/07\/Hotel-Colentum-Murter37.jpg\",\"width\":1600,\"height\":1068},{\"@type\":\"BreadcrumbList\",\"@id\":\"https:\/\/colentum.com\/location\/#breadcrumb\",\"itemListElement\":[{\"@type\":\"ListItem\",\"position\":1,\"name\":\"Home\",\"item\":\"https:\/\/colentum.com\/sl\/\"},{\"@type\":\"ListItem\",\"position\":2,\"name\":\"Lokacija\"}]},{\"@type\":\"WebSite\",\"@id\":\"https:\/\/colentum.com\/#website\",\"url\":\"https:\/\/colentum.com\/\",\"name\":\"Colentum Resort Murter - Hotel Jager\",\"description\":\"Your favourite destination on Murter\",\"potentialAction\":[{\"@type\":\"SearchAction\",\"target\":{\"@type\":\"EntryPoint\",\"urlTemplate\":\"https:\/\/colentum.com\/?s={search_term_string}\"},\"query-input\":{\"@type\":\"PropertyValueSpecification\",\"valueRequired\":true,\"valueName\":\"search_term_string\"}}],\"inLanguage\":\"sl-SI\"}]}<\/script>\n<!-- \/ Yoast SEO plugin. -->","yoast_head_json":{"title":"Perfect location for vacation in Croatia","description":"Murter is situated between Zadar and \u0160ibenik, two of the most beautiful towns in Croatia. Colentum Resort Murter is located just by the famous Slanica bay.","robots":{"index":"index","follow":"follow","max-snippet":"max-snippet:-1","max-image-preview":"max-image-preview:large","max-video-preview":"max-video-preview:-1"},"canonical":"https:\/\/colentum.com\/location\/","og_locale":"sl_SI","og_type":"article","og_title":"Perfect location for vacation in Croatia","og_description":"Murter is situated between Zadar and \u0160ibenik, two of the most beautiful towns in Croatia. Colentum Resort Murter is located just by the famous Slanica bay.","og_url":"https:\/\/colentum.com\/location\/","og_site_name":"Colentum Resort Murter - Hotel Jager","article_modified_time":"2019-08-06T19:35:50+00:00","og_image":[{"width":1600,"height":1068,"url":"https:\/\/colentum.com\/wp-content\/uploads\/2019\/07\/Hotel-Colentum-Murter37.jpg","type":"image\/jpeg"}],"twitter_card":"summary_large_image","twitter_misc":{"Est. reading time":"4 minute"},"schema":{"@context":"https:\/\/schema.org","@graph":[{"@type":"WebPage","@id":"https:\/\/colentum.com\/location\/","url":"https:\/\/colentum.com\/location\/","name":"Perfect location for vacation in Croatia","isPartOf":{"@id":"https:\/\/colentum.com\/#website"},"primaryImageOfPage":{"@id":"https:\/\/colentum.com\/location\/#primaryimage"},"image":{"@id":"https:\/\/colentum.com\/location\/#primaryimage"},"thumbnailUrl":"https:\/\/colentum.com\/wp-content\/uploads\/2019\/07\/Hotel-Colentum-Murter37.jpg","datePublished":"2019-07-28T15:30:36+00:00","dateModified":"2019-08-06T19:35:50+00:00","description":"Murter is situated between Zadar and \u0160ibenik, two of the most beautiful towns in Croatia. Colentum Resort Murter is located just by the famous Slanica bay.","breadcrumb":{"@id":"https:\/\/colentum.com\/location\/#breadcrumb"},"inLanguage":"sl-SI","potentialAction":[{"@type":"ReadAction","target":["https:\/\/colentum.com\/location\/"]}]},{"@type":"ImageObject","inLanguage":"sl-SI","@id":"https:\/\/colentum.com\/location\/#primaryimage","url":"https:\/\/colentum.com\/wp-content\/uploads\/2019\/07\/Hotel-Colentum-Murter37.jpg","contentUrl":"https:\/\/colentum.com\/wp-content\/uploads\/2019\/07\/Hotel-Colentum-Murter37.jpg","width":1600,"height":1068},{"@type":"BreadcrumbList","@id":"https:\/\/colentum.com\/location\/#breadcrumb","itemListElement":[{"@type":"ListItem","position":1,"name":"Home","item":"https:\/\/colentum.com\/sl\/"},{"@type":"ListItem","position":2,"name":"Lokacija"}]},{"@type":"WebSite","@id":"https:\/\/colentum.com\/#website","url":"https:\/\/colentum.com\/","name":"Colentum Resort Murter - Hotel Jager","description":"Your favourite destination on Murter","potentialAction":[{"@type":"SearchAction","target":{"@type":"EntryPoint","urlTemplate":"https:\/\/colentum.com\/?s={search_term_string}"},"query-input":{"@type":"PropertyValueSpecification","valueRequired":true,"valueName":"search_term_string"}}],"inLanguage":"sl-SI"}]}},"_links":{"self":[{"href":"https:\/\/colentum.com\/sl\/wp-json\/wp\/v2\/pages\/595","targetHints":{"allow":["GET"]}}],"collection":[{"href":"https:\/\/colentum.com\/sl\/wp-json\/wp\/v2\/pages"}],"about":[{"href":"https:\/\/colentum.com\/sl\/wp-json\/wp\/v2\/types\/page"}],"author":[{"embeddable":true,"href":"https:\/\/colentum.com\/sl\/wp-json\/wp\/v2\/users\/1"}],"replies":[{"embeddable":true,"href":"https:\/\/colentum.com\/sl\/wp-json\/wp\/v2\/comments?post=595"}],"version-history":[{"count":2,"href":"https:\/\/colentum.com\/sl\/wp-json\/wp\/v2\/pages\/595\/revisions"}],"predecessor-version":[{"id":601,"href":"https:\/\/colentum.com\/sl\/wp-json\/wp\/v2\/pages\/595\/revisions\/601"}],"wp:featuredmedia":[{"embeddable":true,"href":"https:\/\/colentum.com\/sl\/wp-json\/wp\/v2\/media\/365"}],"wp:attachment":[{"href":"https:\/\/colentum.com\/sl\/wp-json\/wp\/v2\/media?parent=595"}],"curies":[{"name":"wp","href":"https:\/\/api.w.org\/{rel}","templated":true}]}}