{"id":603,"date":"2019-07-28T13:48:52","date_gmt":"2019-07-28T13:48:52","guid":{"rendered":"http:\/\/colentum.com\/murter-island\/"},"modified":"2019-08-06T19:45:02","modified_gmt":"2019-08-06T19:45:02","slug":"murter-island","status":"publish","type":"page","link":"https:\/\/colentum.com\/sl\/murter-island\/","title":{"rendered":"Murter"},"content":{"rendered":"<p>[et_pb_section fb_built=&#8221;1&#8243; _builder_version=&#8221;3.19&#8243;][et_pb_row _builder_version=&#8221;3.19&#8243;][et_pb_column type=&#8221;4_4&#8243; _builder_version=&#8221;3.19&#8243; parallax=&#8221;off&#8221; parallax_method=&#8221;on&#8221;][et_pb_text _builder_version=&#8221;3.19&#8243;]<\/p>\n<h1 style=\"text-align: center;\">murter<\/h1>\n<p>[\/et_pb_text][et_pb_text _builder_version=&#8221;3.19&#8243;]<\/p>\n<h3 style=\"text-align: center;\">Najve\u010dja oto\u0161ka ob\u010dina in za mnoge tudi najlep\u0161a.\u00a0<\/h3>\n<p>[\/et_pb_text][\/et_pb_column][\/et_pb_row][\/et_pb_section][et_pb_section fb_built=&#8221;1&#8243; _builder_version=&#8221;3.19&#8243; custom_padding=&#8221;0|0px|0|0px|false|false&#8221;][et_pb_row make_fullwidth=&#8221;on&#8221; use_custom_gutter=&#8221;on&#8221; gutter_width=&#8221;2&#8243; custom_padding=&#8221;0|0px|77px|0px|false|false&#8221; _builder_version=&#8221;3.19&#8243;][et_pb_column type=&#8221;1_4&#8243; _builder_version=&#8221;3.19&#8243; parallax=&#8221;off&#8221; parallax_method=&#8221;on&#8221;][\/et_pb_column][et_pb_column type=&#8221;1_2&#8243; _builder_version=&#8221;3.19&#8243; parallax=&#8221;off&#8221; parallax_method=&#8221;on&#8221;][et_pb_text _builder_version=&#8221;3.19&#8243;]<\/p>\n<p>Ob\u010dina Murter-Kornati le\u017ei na samem robu Kornatskega oto\u010dja in je zato privla\u010dna tako za navtike, kot tudi za vse ljubiteljem mirnega oddiha. Otoki Narodnega parka Kornati so v lastni\u0161tvu ob\u010danov Murterja.<\/p>\n<p>Je najve\u010dja oto\u0161ka ob\u010dina na Mediteranu. V njo spada ve\u010d kot 160 otokov, vklju\u010dno s Kornati, in obsega obalo, dolgo ca. 400 km. Oto\u010dna skupina ob\u010dine je razporejena vzporedno z obalo vse od \u0160ibenika do Zadra. Otok Murter je spojen s kopnim s 30 m dolgim dvi\u017enim mostom.\u00a0Cestna oddaljenost od \u0160ibenika je 30 km, od Zadra 65 km in od Splita 105 km. V Zadru in Splitu sta dve najbli\u017eji letali\u0161\u010di.<\/p>\n<p>Podro\u010dje ob\u010dine je v pasu mediteranske klime, kar pomeni topla in suha poletja ter blage in vla\u017ene zime. Najtoplej\u0161i mesec je avgust s povpre\u010dno temperaturo 24,7\u00b0C, najhladnej\u0161i pa je januar s povpre\u010dno temperaturo 6,3\u00b0C. Povpre\u010dna temperatura morja poleti je 23,7\u00b0C.\u00a0<\/p>\n<p>Murter je obkro\u017een s pe\u0161\u010denimi pla\u017eami, le\u017ee\u010dimi v prekrasnih devi\u0161kih zalivih, ki jih obkro\u017ea kristalno \u010disto morje. Za\u010detki turizma na Murterju segajo v trideseta leta prej\u0161njega stoletja, ko bila je v zalivu Slanica zgrajena \u010de\u0161ka vila.<\/p>\n<p>Zaradi atraktivnosti svojega polo\u017eaja, burne preteklosti in velikega akvatorija je Murter eden od najposebnej\u0161ih hrva\u0161kih otokov.<\/p>\n<p>[\/et_pb_text][\/et_pb_column][et_pb_column type=&#8221;1_4&#8243; _builder_version=&#8221;3.19&#8243; parallax=&#8221;off&#8221; parallax_method=&#8221;on&#8221;][et_pb_button button_url=&#8221;https:\/\/tzo-murter.hr&#8221; url_new_window=&#8221;on&#8221; button_text=&#8221;www.tzo-murter.hr&#8221; button_alignment=&#8221;center&#8221; _builder_version=&#8221;3.19&#8243;][\/et_pb_button][\/et_pb_column][\/et_pb_row][\/et_pb_section][et_pb_section fb_built=&#8221;1&#8243; _builder_version=&#8221;3.19&#8243; background_image=&#8221;https:\/\/colentum.com\/wp-content\/uploads\/2019\/07\/Murter.jpg&#8221; parallax=&#8221;on&#8221; custom_padding=&#8221;54px|0px|291px|0px|false|false&#8221;][et_pb_row _builder_version=&#8221;3.19&#8243;][et_pb_column type=&#8221;4_4&#8243; _builder_version=&#8221;3.19&#8243; parallax=&#8221;off&#8221; parallax_method=&#8221;on&#8221;][\/et_pb_column][\/et_pb_row][\/et_pb_section][et_pb_section fb_built=&#8221;1&#8243; _builder_version=&#8221;3.19&#8243; custom_padding=&#8221;0|0px|0|0px|false|false&#8221;][et_pb_row make_fullwidth=&#8221;on&#8221; use_custom_gutter=&#8221;on&#8221; gutter_width=&#8221;2&#8243; custom_padding=&#8221;56px|0px|77px|0px|false|false&#8221; _builder_version=&#8221;3.19&#8243;][et_pb_column type=&#8221;1_4&#8243; _builder_version=&#8221;3.19&#8243; parallax=&#8221;off&#8221; parallax_method=&#8221;on&#8221;][\/et_pb_column][et_pb_column type=&#8221;1_2&#8243; _builder_version=&#8221;3.19&#8243; parallax=&#8221;off&#8221; parallax_method=&#8221;on&#8221;][et_pb_text _builder_version=&#8221;3.19&#8243;]<\/p>\n<p>Zgodovina Murterja in Kornatov sega v 1. stoletje n.\u0161., ko je na tem podro\u010dju stalo anti\u010dno mesto Colentum. Ostanki tega mesta, ki ga je \u017ee ve\u010dji del pokrilo morje, le\u017ei v podno\u017eju hriba Gradine, na severni strani zaliva Hramine. V 6. stoletju je bizantinski cesar Justinijan zgradil trdnjavo na otoku Kornatu nad poljem Tarac. V 9. stoletju to oto\u010dno skupino naselijo Slovani. Naselje Murter se prvi\u010d pojavlja v zgodovini leta 1298, kot Villa Magna. Naselje obsega 36 hi\u0161 in 203 stanovalce, ki \u017ee ima svojo \u017eupnijo. Leta 1515 dobi otok Kornat hrva\u0161ko ime \u2013 Stomorin otok.\u00a0<a href=\"https:\/\/www.hotel-colentum.com\/si\/w_hotel_dalmacija_hrvatska_04.asp\">\u00a0\u00a0\u00a0\u00a0\u00a0\u00a0\u00a0\u00a0\u00a0<\/a>\u00a0<\/p>\n<p> Stanovalci Murterja v obdobju od 1859 do 1890 leta odkupujejo kornatske otoke.<\/p>\n<p> Pod vplivom Hrva\u0161kega narodnega preporoda se v Murterju v drugi polovici devetnajstega stoletja odpre Narodna \u010ditalnica, v pri\u010detku dvajsetega stoletja pa je izgrajena moderna oljarna, v kateri se proizvaja visokokvalitetno olivno olje, dokaz za to pa je zlata medalja za kvaliteto, osvojena na veliki mednarodni razstavi olja v Eixo v Franciji.<br \/> V istem obdobju se je na Murterju kot ena od osnovnih dejavnosti za\u010del razvijati turizem.\u00a0<a href=\"https:\/\/www.hotel-colentum.com\/si\/w_hotel_dalmacija_hrvatska_05.asp\">\u00a0\u00a0\u00a0\u00a0\u00a0\u00a0\u00a0\u00a0\u00a0<\/a>\u00a0<\/p>\n<p> Na koncu prej\u0161njega stoletja je bilo podro\u010dje Kornatov progla\u0161eno za Narodni park.<\/p>\n<p>&nbsp;<\/p>\n<p>Photo: TZ Murter \/ www.tzo-murter.hr<\/p>\n<p>[\/et_pb_text][\/et_pb_column][et_pb_column type=&#8221;1_4&#8243; _builder_version=&#8221;3.19&#8243; parallax=&#8221;off&#8221; parallax_method=&#8221;on&#8221;][\/et_pb_column][\/et_pb_row][\/et_pb_section][et_pb_section fb_built=&#8221;1&#8243; _builder_version=&#8221;3.19&#8243; custom_padding=&#8221;0|0px|0|0px|false|false&#8221; saved_tabs=&#8221;all&#8221; global_module=&#8221;563&#8243;][et_pb_row make_fullwidth=&#8221;on&#8221; use_custom_gutter=&#8221;on&#8221; gutter_width=&#8221;1&#8243; custom_padding=&#8221;50px|0px|50px|0px|false|false&#8221; make_equal=&#8221;on&#8221; background_color_2=&#8221;#f4f4f4&#8243; bg_img_1=&#8221;https:\/\/colentum.com\/wp-content\/uploads\/2019\/07\/Hotel-Colentum-Murter60.jpg&#8221; padding_top_bottom_link_2=&#8221;true&#8221; padding_left_right_link_2=&#8221;true&#8221; padding_top_2=&#8221;50px&#8221; padding_right_2=&#8221;50px&#8221; padding_bottom_2=&#8221;50px&#8221; padding_left_2=&#8221;50px&#8221; _builder_version=&#8221;3.19&#8243; module_alignment=&#8221;right&#8221;][et_pb_column type=&#8221;1_3&#8243; _builder_version=&#8221;3.19&#8243; bg_img=&#8221;https:\/\/colentum.com\/wp-content\/uploads\/2019\/07\/Hotel-Colentum-Murter60.jpg&#8221; parallax=&#8221;off&#8221; parallax_method=&#8221;on&#8221;][\/et_pb_column][et_pb_column type=&#8221;2_3&#8243; _builder_version=&#8221;3.19&#8243; padding_bottom=&#8221;50px&#8221; padding_left=&#8221;50px&#8221; padding_right=&#8221;50px&#8221; padding_top=&#8221;50px&#8221; background_color=&#8221;#f4f4f4&#8243; parallax=&#8221;off&#8221; parallax_method=&#8221;on&#8221;][et_pb_text _builder_version=&#8221;3.19&#8243;]<\/p>\n<h4>ISTRA\u017dI SOBE<\/h4>\n<h2><span class=\"tlid-translation translation\" lang=\"sl\"><span title=\"\" class=\"\">Izberite svoj najljub\u0161i tip sobe<\/span><\/span><\/h2>\n<p>[\/et_pb_text][et_pb_button button_url=&#8221;https:\/\/colentum.com\/rooms&#8221; button_text=&#8221;Izberite sobo&#8221; _builder_version=&#8221;3.19&#8243;][\/et_pb_button][\/et_pb_column][\/et_pb_row][\/et_pb_section][et_pb_section fb_built=&#8221;1&#8243; _builder_version=&#8221;3.19&#8243; saved_tabs=&#8221;all&#8221; global_module=&#8221;551&#8243;][et_pb_row _builder_version=&#8221;3.19&#8243;][et_pb_column type=&#8221;1_3&#8243; _builder_version=&#8221;3.19&#8243; parallax=&#8221;off&#8221; parallax_method=&#8221;on&#8221;][et_pb_text _builder_version=&#8221;3.19&#8243;]<\/p>\n<h3>KONTAKT<\/h3>\n<p>A: <span class=\"LrzXr\">Put Slanice bb, 22243, Murter<\/span><br \/>T: 00385 22 338 578<br \/> E: <a class=\"menuLink\" href=\"mailto:booking@colentum.com\">booking@colentum.com<\/a><\/p>\n<p>[\/et_pb_text][et_pb_button button_url=&#8221;https:\/\/goo.gl\/maps\/m6FMAFrDfTG8tjvAA&#8221; url_new_window=&#8221;on&#8221; button_text=&#8221;ODPRI NA KARTI&#8221; _builder_version=&#8221;3.19&#8243;][\/et_pb_button][\/et_pb_column][et_pb_column type=&#8221;1_3&#8243; _builder_version=&#8221;3.19&#8243; parallax=&#8221;off&#8221; parallax_method=&#8221;on&#8221;][\/et_pb_column][et_pb_column type=&#8221;1_3&#8243; _builder_version=&#8221;3.19&#8243; parallax=&#8221;off&#8221; parallax_method=&#8221;on&#8221;][et_pb_image src=&#8221;https:\/\/colentum.com\/wp-content\/uploads\/2019\/07\/logo.png&#8221; always_center_on_mobile=&#8221;off&#8221; disabled_on=&#8221;on|on|off&#8221; _builder_version=&#8221;3.19&#8243; max_width=&#8221;58%&#8221; module_alignment=&#8221;center&#8221;][\/et_pb_image][\/et_pb_column][\/et_pb_row][\/et_pb_section]<\/p>\n","protected":false},"excerpt":{"rendered":"<p>murterNajve\u010dja oto\u0161ka ob\u010dina in za mnoge tudi najlep\u0161a.\u00a0Ob\u010dina Murter-Kornati le\u017ei na samem robu Kornatskega oto\u010dja in je zato privla\u010dna tako za navtike, kot tudi za vse ljubiteljem mirnega oddiha. Otoki Narodnega parka Kornati so v lastni\u0161tvu ob\u010danov Murterja. Je najve\u010dja oto\u0161ka ob\u010dina na Mediteranu. V njo spada ve\u010d kot 160 otokov, vklju\u010dno s Kornati, in [&hellip;]<\/p>\n","protected":false},"author":1,"featured_media":515,"parent":0,"menu_order":0,"comment_status":"closed","ping_status":"closed","template":"","meta":{"_et_pb_use_builder":"on","_et_pb_old_content":"","_et_gb_content_width":"","footnotes":""},"class_list":["post-603","page","type-page","status-publish","has-post-thumbnail","hentry"],"yoast_head":"<!-- This site is optimized with the Yoast SEO plugin v24.4 - https:\/\/yoast.com\/wordpress\/plugins\/seo\/ -->\n<title>Murter - One of the most beautiful islands in Croatia<\/title>\n<meta name=\"description\" content=\"Murter is situated at the doors of the Kornati Islands. It is attractive to the yachtsmen, as well as to the admirers of the silent rest and beautiful nature.\" \/>\n<meta name=\"robots\" content=\"index, follow, max-snippet:-1, max-image-preview:large, max-video-preview:-1\" \/>\n<link rel=\"canonical\" href=\"https:\/\/colentum.com\/murter-island\/\" \/>\n<meta property=\"og:locale\" content=\"sl_SI\" \/>\n<meta property=\"og:type\" content=\"article\" \/>\n<meta property=\"og:title\" content=\"Murter - One of the most beautiful islands in Croatia\" \/>\n<meta property=\"og:description\" content=\"Murter is situated at the doors of the Kornati Islands. It is attractive to the yachtsmen, as well as to the admirers of the silent rest and beautiful nature.\" \/>\n<meta property=\"og:url\" content=\"https:\/\/colentum.com\/murter-island\/\" \/>\n<meta property=\"og:site_name\" content=\"Colentum Resort Murter - Hotel Jager\" \/>\n<meta property=\"article:modified_time\" content=\"2019-08-06T19:45:02+00:00\" \/>\n<meta property=\"og:image\" content=\"https:\/\/colentum.com\/wp-content\/uploads\/2019\/07\/Murter.jpg\" \/>\n\t<meta property=\"og:image:width\" content=\"1600\" \/>\n\t<meta property=\"og:image:height\" content=\"902\" \/>\n\t<meta property=\"og:image:type\" content=\"image\/jpeg\" \/>\n<meta name=\"twitter:card\" content=\"summary_large_image\" \/>\n<meta name=\"twitter:label1\" content=\"Est. reading time\" \/>\n\t<meta name=\"twitter:data1\" content=\"5 minut\" \/>\n<script type=\"application\/ld+json\" class=\"yoast-schema-graph\">{\"@context\":\"https:\/\/schema.org\",\"@graph\":[{\"@type\":\"WebPage\",\"@id\":\"https:\/\/colentum.com\/murter-island\/\",\"url\":\"https:\/\/colentum.com\/murter-island\/\",\"name\":\"Murter - One of the most beautiful islands in Croatia\",\"isPartOf\":{\"@id\":\"https:\/\/colentum.com\/#website\"},\"primaryImageOfPage\":{\"@id\":\"https:\/\/colentum.com\/murter-island\/#primaryimage\"},\"image\":{\"@id\":\"https:\/\/colentum.com\/murter-island\/#primaryimage\"},\"thumbnailUrl\":\"https:\/\/colentum.com\/wp-content\/uploads\/2019\/07\/Murter.jpg\",\"datePublished\":\"2019-07-28T13:48:52+00:00\",\"dateModified\":\"2019-08-06T19:45:02+00:00\",\"description\":\"Murter is situated at the doors of the Kornati Islands. It is attractive to the yachtsmen, as well as to the admirers of the silent rest and beautiful nature.\",\"breadcrumb\":{\"@id\":\"https:\/\/colentum.com\/murter-island\/#breadcrumb\"},\"inLanguage\":\"sl-SI\",\"potentialAction\":[{\"@type\":\"ReadAction\",\"target\":[\"https:\/\/colentum.com\/murter-island\/\"]}]},{\"@type\":\"ImageObject\",\"inLanguage\":\"sl-SI\",\"@id\":\"https:\/\/colentum.com\/murter-island\/#primaryimage\",\"url\":\"https:\/\/colentum.com\/wp-content\/uploads\/2019\/07\/Murter.jpg\",\"contentUrl\":\"https:\/\/colentum.com\/wp-content\/uploads\/2019\/07\/Murter.jpg\",\"width\":1600,\"height\":902},{\"@type\":\"BreadcrumbList\",\"@id\":\"https:\/\/colentum.com\/murter-island\/#breadcrumb\",\"itemListElement\":[{\"@type\":\"ListItem\",\"position\":1,\"name\":\"Home\",\"item\":\"https:\/\/colentum.com\/sl\/\"},{\"@type\":\"ListItem\",\"position\":2,\"name\":\"Murter\"}]},{\"@type\":\"WebSite\",\"@id\":\"https:\/\/colentum.com\/#website\",\"url\":\"https:\/\/colentum.com\/\",\"name\":\"Colentum Resort Murter - Hotel Jager\",\"description\":\"Your favourite destination on Murter\",\"potentialAction\":[{\"@type\":\"SearchAction\",\"target\":{\"@type\":\"EntryPoint\",\"urlTemplate\":\"https:\/\/colentum.com\/?s={search_term_string}\"},\"query-input\":{\"@type\":\"PropertyValueSpecification\",\"valueRequired\":true,\"valueName\":\"search_term_string\"}}],\"inLanguage\":\"sl-SI\"}]}<\/script>\n<!-- \/ Yoast SEO plugin. -->","yoast_head_json":{"title":"Murter - One of the most beautiful islands in Croatia","description":"Murter is situated at the doors of the Kornati Islands. It is attractive to the yachtsmen, as well as to the admirers of the silent rest and beautiful nature.","robots":{"index":"index","follow":"follow","max-snippet":"max-snippet:-1","max-image-preview":"max-image-preview:large","max-video-preview":"max-video-preview:-1"},"canonical":"https:\/\/colentum.com\/murter-island\/","og_locale":"sl_SI","og_type":"article","og_title":"Murter - One of the most beautiful islands in Croatia","og_description":"Murter is situated at the doors of the Kornati Islands. It is attractive to the yachtsmen, as well as to the admirers of the silent rest and beautiful nature.","og_url":"https:\/\/colentum.com\/murter-island\/","og_site_name":"Colentum Resort Murter - Hotel Jager","article_modified_time":"2019-08-06T19:45:02+00:00","og_image":[{"width":1600,"height":902,"url":"https:\/\/colentum.com\/wp-content\/uploads\/2019\/07\/Murter.jpg","type":"image\/jpeg"}],"twitter_card":"summary_large_image","twitter_misc":{"Est. reading time":"5 minut"},"schema":{"@context":"https:\/\/schema.org","@graph":[{"@type":"WebPage","@id":"https:\/\/colentum.com\/murter-island\/","url":"https:\/\/colentum.com\/murter-island\/","name":"Murter - One of the most beautiful islands in Croatia","isPartOf":{"@id":"https:\/\/colentum.com\/#website"},"primaryImageOfPage":{"@id":"https:\/\/colentum.com\/murter-island\/#primaryimage"},"image":{"@id":"https:\/\/colentum.com\/murter-island\/#primaryimage"},"thumbnailUrl":"https:\/\/colentum.com\/wp-content\/uploads\/2019\/07\/Murter.jpg","datePublished":"2019-07-28T13:48:52+00:00","dateModified":"2019-08-06T19:45:02+00:00","description":"Murter is situated at the doors of the Kornati Islands. It is attractive to the yachtsmen, as well as to the admirers of the silent rest and beautiful nature.","breadcrumb":{"@id":"https:\/\/colentum.com\/murter-island\/#breadcrumb"},"inLanguage":"sl-SI","potentialAction":[{"@type":"ReadAction","target":["https:\/\/colentum.com\/murter-island\/"]}]},{"@type":"ImageObject","inLanguage":"sl-SI","@id":"https:\/\/colentum.com\/murter-island\/#primaryimage","url":"https:\/\/colentum.com\/wp-content\/uploads\/2019\/07\/Murter.jpg","contentUrl":"https:\/\/colentum.com\/wp-content\/uploads\/2019\/07\/Murter.jpg","width":1600,"height":902},{"@type":"BreadcrumbList","@id":"https:\/\/colentum.com\/murter-island\/#breadcrumb","itemListElement":[{"@type":"ListItem","position":1,"name":"Home","item":"https:\/\/colentum.com\/sl\/"},{"@type":"ListItem","position":2,"name":"Murter"}]},{"@type":"WebSite","@id":"https:\/\/colentum.com\/#website","url":"https:\/\/colentum.com\/","name":"Colentum Resort Murter - Hotel Jager","description":"Your favourite destination on Murter","potentialAction":[{"@type":"SearchAction","target":{"@type":"EntryPoint","urlTemplate":"https:\/\/colentum.com\/?s={search_term_string}"},"query-input":{"@type":"PropertyValueSpecification","valueRequired":true,"valueName":"search_term_string"}}],"inLanguage":"sl-SI"}]}},"_links":{"self":[{"href":"https:\/\/colentum.com\/sl\/wp-json\/wp\/v2\/pages\/603","targetHints":{"allow":["GET"]}}],"collection":[{"href":"https:\/\/colentum.com\/sl\/wp-json\/wp\/v2\/pages"}],"about":[{"href":"https:\/\/colentum.com\/sl\/wp-json\/wp\/v2\/types\/page"}],"author":[{"embeddable":true,"href":"https:\/\/colentum.com\/sl\/wp-json\/wp\/v2\/users\/1"}],"replies":[{"embeddable":true,"href":"https:\/\/colentum.com\/sl\/wp-json\/wp\/v2\/comments?post=603"}],"version-history":[{"count":2,"href":"https:\/\/colentum.com\/sl\/wp-json\/wp\/v2\/pages\/603\/revisions"}],"predecessor-version":[{"id":608,"href":"https:\/\/colentum.com\/sl\/wp-json\/wp\/v2\/pages\/603\/revisions\/608"}],"wp:featuredmedia":[{"embeddable":true,"href":"https:\/\/colentum.com\/sl\/wp-json\/wp\/v2\/media\/515"}],"wp:attachment":[{"href":"https:\/\/colentum.com\/sl\/wp-json\/wp\/v2\/media?parent=603"}],"curies":[{"name":"wp","href":"https:\/\/api.w.org\/{rel}","templated":true}]}}