{"id":610,"date":"2019-07-28T14:10:01","date_gmt":"2019-07-28T14:10:01","guid":{"rendered":"http:\/\/colentum.com\/trips\/"},"modified":"2019-08-06T19:59:26","modified_gmt":"2019-08-06T19:59:26","slug":"izleti","status":"publish","type":"page","link":"https:\/\/colentum.com\/sl\/izleti\/","title":{"rendered":"Izleti"},"content":{"rendered":"<p>[et_pb_section fb_built=&#8221;1&#8243; _builder_version=&#8221;3.19&#8243;][et_pb_row _builder_version=&#8221;3.19&#8243;][et_pb_column type=&#8221;4_4&#8243; _builder_version=&#8221;3.19&#8243; parallax=&#8221;off&#8221; parallax_method=&#8221;on&#8221;][et_pb_text _builder_version=&#8221;3.19&#8243;]<\/p>\n<h1 style=\"text-align: center;\">izleti<\/h1>\n<p>[\/et_pb_text][et_pb_text _builder_version=&#8221;3.19&#8243;]<\/p>\n<h3 style=\"text-align: center;\">\u010ce ne \u017eelite u\u017eivati samo v naravnih in drugih bogastvih Murterja, ampak bi \u017eeleli tudi malo \u00bbnaokoli\u00ab, lahko obi\u0161\u010dete znane narodne parke in ostale naravne znamenitosti tega podnebja. Ponujajo se Vam izleti:<\/h3>\n<p>[\/et_pb_text][\/et_pb_column][\/et_pb_row][\/et_pb_section][et_pb_section fb_built=&#8221;1&#8243; _builder_version=&#8221;3.19&#8243; custom_padding=&#8221;0|0px|0|0px|false|false&#8221;][et_pb_row make_fullwidth=&#8221;on&#8221; use_custom_gutter=&#8221;on&#8221; gutter_width=&#8221;2&#8243; custom_padding=&#8221;0|0px|77px|0px|false|false&#8221; _builder_version=&#8221;3.19&#8243;][et_pb_column type=&#8221;1_3&#8243; _builder_version=&#8221;3.19&#8243; parallax=&#8221;off&#8221; parallax_method=&#8221;on&#8221;][et_pb_text _builder_version=&#8221;3.19&#8243;]<\/p>\n<h4><b>Narodni<\/b><b> park <\/b><b>Kornati<\/b><b>\u00a0<\/b><\/h4>\n<p>Obmo\u010dje ob\u010dine Murter obsega tudi najve\u010djo skupino otokov na vseh Sredozemskem morju. Kornati obsegajo 140 ve\u010dinoma nenaseljenih otokov, oto\u010dkov in grebenov s skupno povr\u0161ino samo 70 kvadratnih kilometrov. V neposredni bli\u017eini Narodnega parka Kornati je \u0161e en za\u0161\u010diten hrva\u0161ki dragulj \u2013 naravni park Tela\u0161\u0107ica, ki obdaja \u0161iroko in globoko istoimenski zaliv na sosednjem Dugem otoku. Za Kornatsko oto\u010dje so zna\u010dilne tako razli\u010dno oblikovane, bizarne in neobi\u010dajne reliefne strukture kot tudi visoke strme morske obale.<\/p>\n<p>[\/et_pb_text][\/et_pb_column][et_pb_column type=&#8221;1_3&#8243; _builder_version=&#8221;3.19&#8243; parallax=&#8221;off&#8221; parallax_method=&#8221;on&#8221;][et_pb_text _builder_version=&#8221;3.19&#8243;]<\/p>\n<h4><b>Nacionalni<\/b><b> park Krka<\/b><\/h4>\n<p>Krka je veli\u010dastna, najve\u010dja reka hrva\u0161kega kra\u0161kega podro\u010dja. Oddaljenost od hotela zna\u0161a 40 km.\u00a0<br \/> Nacionalni park je znan predvsem po svojih \u0161tevilnih slapovih, ki so kot Plitvi\u010dka jezera nastali z naplavljanjem posebne vrste vapnenca. Ta nacionalni park obsega najve\u010dji del toka reke Krke in to vse od zgodovinskega mesta Knin, ki stoji nedale\u010d od njenega izvira, pa vse do Skradina kjer re\u010dno korito reke Krke pri\u010dne spreminjati svojo strugo v polo\u017enej\u0161o ter se izlivati v morje. Reka ob\u010dasno te\u010de tudi skozi globoke kanjone, ki jih je v kra\u0161ki svet vrezala reka sama, in tam ustvarjajo tudi ve\u010d jezer, predvsem pasta tam tudi dva najve\u010dja in najlep\u0161a slapova Skradinski buk in Ro\u0161ki slap. Mali otok Visovac s fran\u010di\u0161kanskim samostanom pa je le \u0161e eden od vrhuncev na reki Krki.<\/p>\n<p>[\/et_pb_text][\/et_pb_column][et_pb_column type=&#8221;1_3&#8243; _builder_version=&#8221;3.19&#8243; parallax=&#8221;off&#8221; parallax_method=&#8221;on&#8221;][et_pb_text _builder_version=&#8221;3.19&#8243;]<\/p>\n<h4><b>Reki<\/b> <b>Zrmanja<\/b><b> in Krupa<\/b><\/h4>\n<p>Reki Zrmanja in Krupa se zaradi svoje \u010disto\u010de, tople vode, spektakularnih kanjonov in slapov \u0161tejeta med najlep\u0161e reke v Evropi. Reka ima med Ka\u0161teletom \u017degarskim in Mu\u0161kovcem dokaj kratek re\u010dni tok, ampak visoke, vodnate in mo\u010dne prehode ter zajetno mo\u010d vodne sile. Tukaj je re\u010dno korito vedno znova prekinjeno s kamnitimi preprekami, zaradi katerih se rojevajo jezera z dokaj toplo vodo, v katerih lahko tudi zaplavate. V Zrmanji \u017eive postrvi, na podro\u010dju re\u010dnega ustja pa tudi raki, \u0161koljke in kamenice. Na teh izletih je mogo\u010d tudi obisk kme\u010dkih doma\u010dij v \u0161ibeni\u0161kem in zadarskem zaledju.<\/p>\n<p>[\/et_pb_text][\/et_pb_column][\/et_pb_row][\/et_pb_section][et_pb_section fb_built=&#8221;1&#8243; _builder_version=&#8221;3.19&#8243; background_image=&#8221;https:\/\/colentum.com\/wp-content\/uploads\/2019\/07\/Plitvice2.jpg&#8221; parallax=&#8221;on&#8221; custom_padding=&#8221;54px|0px|245px|0px|false|false&#8221;][et_pb_row _builder_version=&#8221;3.19&#8243;][et_pb_column type=&#8221;4_4&#8243; _builder_version=&#8221;3.19&#8243; parallax=&#8221;off&#8221; parallax_method=&#8221;on&#8221;][\/et_pb_column][\/et_pb_row][\/et_pb_section][et_pb_section fb_built=&#8221;1&#8243; _builder_version=&#8221;3.19&#8243; custom_padding=&#8221;58px|0px|0|0px|false|false&#8221;][et_pb_row make_fullwidth=&#8221;on&#8221; use_custom_gutter=&#8221;on&#8221; gutter_width=&#8221;2&#8243; custom_padding=&#8221;0|0px|77px|0px|false|false&#8221; _builder_version=&#8221;3.19&#8243;][et_pb_column type=&#8221;1_3&#8243; _builder_version=&#8221;3.19&#8243; parallax=&#8221;off&#8221; parallax_method=&#8221;on&#8221;][et_pb_text _builder_version=&#8221;3.19&#8243;]<\/p>\n<h4><b>Narodni park Plitvi\u010dka jezera <\/b><\/h4>\n<p>Plitvi\u010dka jezera se nahajajo med planinskima verigama Mala Kapela in Plje\u0161ivica v Liki (okrog 160 km od hotela). Plitvi\u010dka jezera so od leta 1949 progla\u0161ena za narodni park, leta 1973 jih je UNESCO proglasil tudi za svetovno kulturno dedi\u0161\u010dino.\u00a0<\/p>\n<p>To\u010dka, ki privla\u010di najve\u010d gostov, pa je sestavljena iz 16 malih jezer na reki Korani, ki so povezana z slapovi, nastala pa so iz naplavljanja posebne vrste apnenca na re\u010dno dno.<br \/> Park obsega izvir reke Korane in je obkro\u017een z gostimi bukovimi, jesenovimi in smrekovimi gozdovi. Razen jezer in gozdov park lep\u0161ajo tudi \u0161tevilne podzemne jame in cvetne livade, med \u0161tevilnimi redkimi \u017eivalskimi vrstami, ki \u017eivijo tu, pa je najprepoznavnej\u0161i mrki medved.<\/p>\n<p>[\/et_pb_text][\/et_pb_column][et_pb_column type=&#8221;1_3&#8243; _builder_version=&#8221;3.19&#8243; parallax=&#8221;off&#8221; parallax_method=&#8221;on&#8221;][et_pb_text _builder_version=&#8221;3.19&#8243;]<\/p>\n<h4><b>Narodni<\/b><b> park <\/b><b>Paklenica<\/b><\/h4>\n<p>Nahaja se na podro\u010dju ju\u017enega Velebita. Oddaljenost od hotela je 80 km. Sestavljata jo dva v planine vsekana precepa, Mala in Velika Paklenica. Podro\u010dje Nacionalnega parka je bogato z raznovrstnimi reliefnimi oblikami ter floro in favno. Prav tako je zelo priljubljena destinacija prostih plezalcev, ki so navdu\u0161eni nad njeno odmaknjenostjo od civilizacije in izvrstnimi plezalnimi pogoji poleti in pozimi.\u00a0<\/p>\n<p>[\/et_pb_text][\/et_pb_column][et_pb_column type=&#8221;1_3&#8243; _builder_version=&#8221;3.19&#8243; parallax=&#8221;off&#8221; parallax_method=&#8221;on&#8221;][\/et_pb_column][\/et_pb_row][\/et_pb_section][et_pb_section fb_built=&#8221;1&#8243; _builder_version=&#8221;3.19&#8243; custom_padding=&#8221;0|0px|0|0px|false|false&#8221; saved_tabs=&#8221;all&#8221; global_module=&#8221;563&#8243;][et_pb_row make_fullwidth=&#8221;on&#8221; use_custom_gutter=&#8221;on&#8221; gutter_width=&#8221;1&#8243; custom_padding=&#8221;50px|0px|50px|0px|false|false&#8221; make_equal=&#8221;on&#8221; background_color_2=&#8221;#f4f4f4&#8243; bg_img_1=&#8221;https:\/\/colentum.com\/wp-content\/uploads\/2019\/07\/Hotel-Colentum-Murter60.jpg&#8221; padding_top_bottom_link_2=&#8221;true&#8221; padding_left_right_link_2=&#8221;true&#8221; padding_top_2=&#8221;50px&#8221; padding_right_2=&#8221;50px&#8221; padding_bottom_2=&#8221;50px&#8221; padding_left_2=&#8221;50px&#8221; _builder_version=&#8221;3.19&#8243; module_alignment=&#8221;right&#8221;][et_pb_column type=&#8221;1_3&#8243; _builder_version=&#8221;3.19&#8243; bg_img=&#8221;https:\/\/colentum.com\/wp-content\/uploads\/2019\/07\/Hotel-Colentum-Murter60.jpg&#8221; parallax=&#8221;off&#8221; parallax_method=&#8221;on&#8221;][\/et_pb_column][et_pb_column type=&#8221;2_3&#8243; _builder_version=&#8221;3.19&#8243; padding_bottom=&#8221;50px&#8221; padding_left=&#8221;50px&#8221; padding_right=&#8221;50px&#8221; padding_top=&#8221;50px&#8221; background_color=&#8221;#f4f4f4&#8243; parallax=&#8221;off&#8221; parallax_method=&#8221;on&#8221;][et_pb_text _builder_version=&#8221;3.19&#8243;]<\/p>\n<h4>ISTRA\u017dI SOBE<\/h4>\n<h2><span class=\"tlid-translation translation\" lang=\"sl\"><span title=\"\" class=\"\">Izberite svoj najljub\u0161i tip sobe<\/span><\/span><\/h2>\n<p>[\/et_pb_text][et_pb_button button_url=&#8221;https:\/\/colentum.com\/rooms&#8221; button_text=&#8221;Izberite sobo&#8221; _builder_version=&#8221;3.19&#8243;][\/et_pb_button][\/et_pb_column][\/et_pb_row][\/et_pb_section][et_pb_section fb_built=&#8221;1&#8243; _builder_version=&#8221;3.19&#8243; saved_tabs=&#8221;all&#8221; global_module=&#8221;551&#8243;][et_pb_row _builder_version=&#8221;3.19&#8243;][et_pb_column type=&#8221;1_3&#8243; _builder_version=&#8221;3.19&#8243; parallax=&#8221;off&#8221; parallax_method=&#8221;on&#8221;][et_pb_text _builder_version=&#8221;3.19&#8243;]<\/p>\n<h3>KONTAKT<\/h3>\n<p>A: <span class=\"LrzXr\">Put Slanice bb, 22243, Murter<\/span><br \/>T: 00385 22 338 578<br \/> E: <a class=\"menuLink\" href=\"mailto:booking@colentum.com\">booking@colentum.com<\/a><\/p>\n<p>[\/et_pb_text][et_pb_button button_url=&#8221;https:\/\/goo.gl\/maps\/m6FMAFrDfTG8tjvAA&#8221; url_new_window=&#8221;on&#8221; button_text=&#8221;ODPRI NA KARTI&#8221; _builder_version=&#8221;3.19&#8243;][\/et_pb_button][\/et_pb_column][et_pb_column type=&#8221;1_3&#8243; _builder_version=&#8221;3.19&#8243; parallax=&#8221;off&#8221; parallax_method=&#8221;on&#8221;][\/et_pb_column][et_pb_column type=&#8221;1_3&#8243; _builder_version=&#8221;3.19&#8243; parallax=&#8221;off&#8221; parallax_method=&#8221;on&#8221;][et_pb_image src=&#8221;https:\/\/colentum.com\/wp-content\/uploads\/2019\/07\/logo.png&#8221; always_center_on_mobile=&#8221;off&#8221; disabled_on=&#8221;on|on|off&#8221; _builder_version=&#8221;3.19&#8243; max_width=&#8221;58%&#8221; module_alignment=&#8221;center&#8221;][\/et_pb_image][\/et_pb_column][\/et_pb_row][\/et_pb_section]<\/p>\n","protected":false},"excerpt":{"rendered":"<p>izleti \u010ce ne \u017eelite u\u017eivati samo v naravnih in drugih bogastvih Murterja, ampak bi \u017eeleli tudi malo \u00bbnaokoli\u00ab, lahko obi\u0161\u010dete znane narodne parke in ostale naravne znamenitosti tega podnebja. Ponujajo se Vam izleti:Narodni park Kornati\u00a0 Obmo\u010dje ob\u010dine Murter obsega tudi najve\u010djo skupino otokov na vseh Sredozemskem morju. Kornati obsegajo 140 ve\u010dinoma nenaseljenih otokov, oto\u010dkov in [&hellip;]<\/p>\n","protected":false},"author":1,"featured_media":521,"parent":0,"menu_order":0,"comment_status":"closed","ping_status":"closed","template":"","meta":{"_et_pb_use_builder":"on","_et_pb_old_content":"","_et_gb_content_width":"","footnotes":""},"class_list":["post-610","page","type-page","status-publish","has-post-thumbnail","hentry"],"yoast_head":"<!-- This site is optimized with the Yoast SEO plugin v24.4 - https:\/\/yoast.com\/wordpress\/plugins\/seo\/ -->\n<title>Trips - Ideal location for exploring the gems od Dalmatia<\/title>\n<meta name=\"description\" content=\"Colentum Resort Murter offers an ideal location for exploring natural and cultural wealth of the island Murter or National park Kornati.\" \/>\n<meta name=\"robots\" content=\"index, follow, max-snippet:-1, max-image-preview:large, max-video-preview:-1\" \/>\n<link rel=\"canonical\" href=\"https:\/\/colentum.com\/trips\/\" \/>\n<meta property=\"og:locale\" content=\"sl_SI\" \/>\n<meta property=\"og:type\" content=\"article\" \/>\n<meta property=\"og:title\" content=\"Trips - Ideal location for exploring the gems od Dalmatia\" \/>\n<meta property=\"og:description\" content=\"Colentum Resort Murter offers an ideal location for exploring natural and cultural wealth of the island Murter or National park Kornati.\" \/>\n<meta property=\"og:url\" content=\"https:\/\/colentum.com\/trips\/\" \/>\n<meta property=\"og:site_name\" content=\"Colentum Resort Murter - Hotel Jager\" \/>\n<meta property=\"article:modified_time\" content=\"2019-08-06T19:59:26+00:00\" \/>\n<meta property=\"og:image\" content=\"https:\/\/colentum.com\/wp-content\/uploads\/2019\/07\/Plitvice2.jpg\" \/>\n\t<meta property=\"og:image:width\" content=\"1024\" \/>\n\t<meta property=\"og:image:height\" content=\"768\" \/>\n\t<meta property=\"og:image:type\" content=\"image\/jpeg\" \/>\n<meta name=\"twitter:card\" content=\"summary_large_image\" \/>\n<meta name=\"twitter:label1\" content=\"Est. reading time\" \/>\n\t<meta name=\"twitter:data1\" content=\"6 minut\" \/>\n<script type=\"application\/ld+json\" class=\"yoast-schema-graph\">{\"@context\":\"https:\/\/schema.org\",\"@graph\":[{\"@type\":\"WebPage\",\"@id\":\"https:\/\/colentum.com\/trips\/\",\"url\":\"https:\/\/colentum.com\/trips\/\",\"name\":\"Trips - Ideal location for exploring the gems od Dalmatia\",\"isPartOf\":{\"@id\":\"https:\/\/colentum.com\/#website\"},\"primaryImageOfPage\":{\"@id\":\"https:\/\/colentum.com\/trips\/#primaryimage\"},\"image\":{\"@id\":\"https:\/\/colentum.com\/trips\/#primaryimage\"},\"thumbnailUrl\":\"https:\/\/colentum.com\/wp-content\/uploads\/2019\/07\/Plitvice2.jpg\",\"datePublished\":\"2019-07-28T14:10:01+00:00\",\"dateModified\":\"2019-08-06T19:59:26+00:00\",\"description\":\"Colentum Resort Murter offers an ideal location for exploring natural and cultural wealth of the island Murter or National park Kornati.\",\"breadcrumb\":{\"@id\":\"https:\/\/colentum.com\/trips\/#breadcrumb\"},\"inLanguage\":\"sl-SI\",\"potentialAction\":[{\"@type\":\"ReadAction\",\"target\":[\"https:\/\/colentum.com\/trips\/\"]}]},{\"@type\":\"ImageObject\",\"inLanguage\":\"sl-SI\",\"@id\":\"https:\/\/colentum.com\/trips\/#primaryimage\",\"url\":\"https:\/\/colentum.com\/wp-content\/uploads\/2019\/07\/Plitvice2.jpg\",\"contentUrl\":\"https:\/\/colentum.com\/wp-content\/uploads\/2019\/07\/Plitvice2.jpg\",\"width\":1024,\"height\":768},{\"@type\":\"BreadcrumbList\",\"@id\":\"https:\/\/colentum.com\/trips\/#breadcrumb\",\"itemListElement\":[{\"@type\":\"ListItem\",\"position\":1,\"name\":\"Home\",\"item\":\"https:\/\/colentum.com\/sl\/\"},{\"@type\":\"ListItem\",\"position\":2,\"name\":\"Izleti\"}]},{\"@type\":\"WebSite\",\"@id\":\"https:\/\/colentum.com\/#website\",\"url\":\"https:\/\/colentum.com\/\",\"name\":\"Colentum Resort Murter - Hotel Jager\",\"description\":\"Your favourite destination on Murter\",\"potentialAction\":[{\"@type\":\"SearchAction\",\"target\":{\"@type\":\"EntryPoint\",\"urlTemplate\":\"https:\/\/colentum.com\/?s={search_term_string}\"},\"query-input\":{\"@type\":\"PropertyValueSpecification\",\"valueRequired\":true,\"valueName\":\"search_term_string\"}}],\"inLanguage\":\"sl-SI\"}]}<\/script>\n<!-- \/ Yoast SEO plugin. -->","yoast_head_json":{"title":"Trips - Ideal location for exploring the gems od Dalmatia","description":"Colentum Resort Murter offers an ideal location for exploring natural and cultural wealth of the island Murter or National park Kornati.","robots":{"index":"index","follow":"follow","max-snippet":"max-snippet:-1","max-image-preview":"max-image-preview:large","max-video-preview":"max-video-preview:-1"},"canonical":"https:\/\/colentum.com\/trips\/","og_locale":"sl_SI","og_type":"article","og_title":"Trips - Ideal location for exploring the gems od Dalmatia","og_description":"Colentum Resort Murter offers an ideal location for exploring natural and cultural wealth of the island Murter or National park Kornati.","og_url":"https:\/\/colentum.com\/trips\/","og_site_name":"Colentum Resort Murter - Hotel Jager","article_modified_time":"2019-08-06T19:59:26+00:00","og_image":[{"width":1024,"height":768,"url":"https:\/\/colentum.com\/wp-content\/uploads\/2019\/07\/Plitvice2.jpg","type":"image\/jpeg"}],"twitter_card":"summary_large_image","twitter_misc":{"Est. reading time":"6 minut"},"schema":{"@context":"https:\/\/schema.org","@graph":[{"@type":"WebPage","@id":"https:\/\/colentum.com\/trips\/","url":"https:\/\/colentum.com\/trips\/","name":"Trips - Ideal location for exploring the gems od Dalmatia","isPartOf":{"@id":"https:\/\/colentum.com\/#website"},"primaryImageOfPage":{"@id":"https:\/\/colentum.com\/trips\/#primaryimage"},"image":{"@id":"https:\/\/colentum.com\/trips\/#primaryimage"},"thumbnailUrl":"https:\/\/colentum.com\/wp-content\/uploads\/2019\/07\/Plitvice2.jpg","datePublished":"2019-07-28T14:10:01+00:00","dateModified":"2019-08-06T19:59:26+00:00","description":"Colentum Resort Murter offers an ideal location for exploring natural and cultural wealth of the island Murter or National park Kornati.","breadcrumb":{"@id":"https:\/\/colentum.com\/trips\/#breadcrumb"},"inLanguage":"sl-SI","potentialAction":[{"@type":"ReadAction","target":["https:\/\/colentum.com\/trips\/"]}]},{"@type":"ImageObject","inLanguage":"sl-SI","@id":"https:\/\/colentum.com\/trips\/#primaryimage","url":"https:\/\/colentum.com\/wp-content\/uploads\/2019\/07\/Plitvice2.jpg","contentUrl":"https:\/\/colentum.com\/wp-content\/uploads\/2019\/07\/Plitvice2.jpg","width":1024,"height":768},{"@type":"BreadcrumbList","@id":"https:\/\/colentum.com\/trips\/#breadcrumb","itemListElement":[{"@type":"ListItem","position":1,"name":"Home","item":"https:\/\/colentum.com\/sl\/"},{"@type":"ListItem","position":2,"name":"Izleti"}]},{"@type":"WebSite","@id":"https:\/\/colentum.com\/#website","url":"https:\/\/colentum.com\/","name":"Colentum Resort Murter - Hotel Jager","description":"Your favourite destination on Murter","potentialAction":[{"@type":"SearchAction","target":{"@type":"EntryPoint","urlTemplate":"https:\/\/colentum.com\/?s={search_term_string}"},"query-input":{"@type":"PropertyValueSpecification","valueRequired":true,"valueName":"search_term_string"}}],"inLanguage":"sl-SI"}]}},"_links":{"self":[{"href":"https:\/\/colentum.com\/sl\/wp-json\/wp\/v2\/pages\/610","targetHints":{"allow":["GET"]}}],"collection":[{"href":"https:\/\/colentum.com\/sl\/wp-json\/wp\/v2\/pages"}],"about":[{"href":"https:\/\/colentum.com\/sl\/wp-json\/wp\/v2\/types\/page"}],"author":[{"embeddable":true,"href":"https:\/\/colentum.com\/sl\/wp-json\/wp\/v2\/users\/1"}],"replies":[{"embeddable":true,"href":"https:\/\/colentum.com\/sl\/wp-json\/wp\/v2\/comments?post=610"}],"version-history":[{"count":2,"href":"https:\/\/colentum.com\/sl\/wp-json\/wp\/v2\/pages\/610\/revisions"}],"predecessor-version":[{"id":617,"href":"https:\/\/colentum.com\/sl\/wp-json\/wp\/v2\/pages\/610\/revisions\/617"}],"wp:featuredmedia":[{"embeddable":true,"href":"https:\/\/colentum.com\/sl\/wp-json\/wp\/v2\/media\/521"}],"wp:attachment":[{"href":"https:\/\/colentum.com\/sl\/wp-json\/wp\/v2\/media?parent=610"}],"curies":[{"name":"wp","href":"https:\/\/api.w.org\/{rel}","templated":true}]}}